{"id":16,"date":"2025-09-29T10:20:24","date_gmt":"2025-09-29T13:20:24","guid":{"rendered":"https:\/\/www.ct.ufpb.br\/ccau\/?page_id=14"},"modified":"2026-03-20T12:26:49","modified_gmt":"2026-03-20T15:26:49","slug":"apresentacao","status":"publish","type":"page","link":"https:\/\/www.ct.ufpb.br\/cgepm\/apresentacao\/","title":{"rendered":"Apresenta\u00e7\u00e3o"},"content":{"rendered":"\n<p>O Curso Superior de ENGENHARIA DE PRODU\u00c7\u00c3O MEC\u00c2NICA da Universidade Federal da Para\u00edba tem como objetivo formar profissionais de n\u00edvel superior com compet\u00eancias e forma\u00e7\u00e3o que os habilite&nbsp;de forma plena, inovadora e empreendedora para atuar&nbsp;no contexto social, humano e ambiental,&nbsp;em atividades&nbsp;relativas a&nbsp;planejar, fabricar e manter m\u00e1quinas, equipamentos, instala\u00e7\u00f5es industriais, estruturas mec\u00e2nicas, meios de transporte e processos industriais para aumentar a produtividade das empresas.<\/p>\n\n\n\n<p>A abordagem interdisciplinar e sist\u00eamica da Engenharia de Produ\u00e7\u00e3o Mec\u00e2nica busca alcan\u00e7ar solu\u00e7\u00f5es objetivando aumentar a produtividade e a efici\u00eancia dos sistemas. Dessa maneira, o profissional pode atuar em ind\u00fastrias e organiza\u00e7\u00f5es de quase todos os setores.&nbsp;Estes campos de atua\u00e7\u00e3o profissional no exerc\u00edcio da engenharia de produ\u00e7\u00e3o mec\u00e2nica s\u00e3o definidos a partir das diretrizes curriculares nacionais que disp\u00f5em sobre a forma\u00e7\u00e3o do profissional engenheiro de produ\u00e7\u00e3o mec\u00e2nica.<\/p>\n\n\n\n<p><strong>Dura\u00e7\u00e3o do Curso:<\/strong><\/p>\n\n\n\n<p><strong><\/strong>Turno Integral: M\u00ednimo 8 semestres \/ M\u00e1ximo 18 semestres<\/p>\n\n\n\n<p><strong>Vagas por Semestre:&nbsp;<\/strong><\/p>\n\n\n\n<p><strong><\/strong>Turno Integral: 20 vagas<\/p>\n\n\n\n<p><strong>N\u00edvel do Curso:<\/strong>&nbsp;Gradua\u00e7\u00e3o<\/p>\n\n\n\n<p><strong>Titula\u00e7\u00e3o Conferida:<\/strong>&nbsp;Engenheiro de Produ\u00e7\u00e3o Mec\u00e2nica<\/p>\n\n\n\n<p><strong>Resolu\u00e7\u00e3o 59\/1997<\/strong>&nbsp;<strong>&#8211;&nbsp;Estabelece&nbsp;a&nbsp;estrutura&nbsp;curricular&nbsp;do&nbsp;Curso&nbsp;de&nbsp;Engenharia&nbsp;de&nbsp;Produ\u00e7\u00e3o Mec\u00e2nica,&nbsp;do&nbsp;Centro&nbsp;de&nbsp;Tecnologia,&nbsp;Campus&nbsp;I<\/strong>, cliquei aqui.<\/p>\n\n\n\n<p><strong>Ato de Autoriza\u00e7\u00e3o<\/strong>&nbsp;expedido pelo MEC, clique&nbsp;<a href=\"http:\/\/www.prg.ufpb.br\/prg\/cra\/atos-de-autorizacao\/engenharia-de-producao-mecanica.pdf\/view\" target=\"_blank\" rel=\"noreferrer noopener\">aqui<\/a>.<\/p>\n\n\n\n<p><strong>Ato de Reconhecimento<\/strong>, Portaria Mec n\u00ba 3992 de 30 de dezembro de 2002.<\/p>\n\n\n\n<p><strong>Atos Regulat\u00f3rios do Curso<\/strong>, clique&nbsp;<a href=\"https:\/\/emec.mec.gov.br\/emec\/consulta-cadastro\/detalhamento\/d96957f455f6405d14c6542552b0f6eb\/NTc5\/c1b85ea4d704f246bcced664fdaeddb6\/RU5HRU5IQVJJQSBERSBQUk9EVcfDTyBNRUPCTklDQQ==\" target=\"_blank\" rel=\"noreferrer noopener\">aqui<\/a><\/p>\n\n\n\n<p><strong>Resultados<\/strong>&nbsp;obtidos nas \u00faltimas avalia\u00e7\u00f5es realizadas pelo MEC, clique&nbsp;<a href=\"https:\/\/emec.mec.gov.br\/emec\/consulta-cadastro\/detalhamento\/d96957f455f6405d14c6542552b0f6eb\/NTc5\/c1b85ea4d704f246bcced664fdaeddb6\/RU5HRU5IQVJJQSBERSBQUk9EVcfDTyBNRUPCTklDQQ==\" target=\"_blank\" rel=\"noreferrer noopener\">aqui<\/a><\/p>\n","protected":false},"excerpt":{"rendered":"<p>O Curso Superior de ENGENHARIA DE PRODU\u00c7\u00c3O MEC\u00c2NICA da Universidade Federal da Para\u00edba tem como [&hellip;]<\/p>\n","protected":false},"author":63,"featured_media":0,"parent":0,"menu_order":0,"comment_status":"closed","ping_status":"closed","template":"","meta":{"footnotes":""},"class_list":["post-16","page","type-page","status-publish","hentry"],"_links":{"self":[{"href":"https:\/\/www.ct.ufpb.br\/cgepm\/wp-json\/wp\/v2\/pages\/16","targetHints":{"allow":["GET"]}}],"collection":[{"href":"https:\/\/www.ct.ufpb.br\/cgepm\/wp-json\/wp\/v2\/pages"}],"about":[{"href":"https:\/\/www.ct.ufpb.br\/cgepm\/wp-json\/wp\/v2\/types\/page"}],"author":[{"embeddable":true,"href":"https:\/\/www.ct.ufpb.br\/cgepm\/wp-json\/wp\/v2\/users\/63"}],"replies":[{"embeddable":true,"href":"https:\/\/www.ct.ufpb.br\/cgepm\/wp-json\/wp\/v2\/comments?post=16"}],"version-history":[{"count":1,"href":"https:\/\/www.ct.ufpb.br\/cgepm\/wp-json\/wp\/v2\/pages\/16\/revisions"}],"predecessor-version":[{"id":112,"href":"https:\/\/www.ct.ufpb.br\/cgepm\/wp-json\/wp\/v2\/pages\/16\/revisions\/112"}],"wp:attachment":[{"href":"https:\/\/www.ct.ufpb.br\/cgepm\/wp-json\/wp\/v2\/media?parent=16"}],"curies":[{"name":"wp","href":"https:\/\/api.w.org\/{rel}","templated":true}]}}