{"id":131,"date":"2026-03-20T12:38:04","date_gmt":"2026-03-20T15:38:04","guid":{"rendered":"https:\/\/www.ct.ufpb.br\/cgepm\/?page_id=131"},"modified":"2026-03-20T12:38:04","modified_gmt":"2026-03-20T15:38:04","slug":"trabalho-de-conclusao-de-curso","status":"publish","type":"page","link":"https:\/\/www.ct.ufpb.br\/cgepm\/trabalho-de-conclusao-de-curso\/","title":{"rendered":"Trabalho de Conclus\u00e3o de Curso"},"content":{"rendered":"\n<p class=\" \"><a href=\"http:\/\/plone.ufpb.br\/cgepm\/contents\/documentos\/fomulario-de-avaliacao-do-tcc-epm-versao-oficial.doc\">Ficha de Avalia\u00e7\u00e3o &#8211; TCC<\/a><\/p>\n\n\n\n<p class=\" \"><a href=\"http:\/\/plone.ufpb.br\/cgepm\/contents\/documentos\/folha-de-aprovacao-tcc-epm.docx\">Folha de Aprova\u00e7\u00e3o &#8211; TCC<\/a><\/p>\n\n\n\n<p class=\" \"><a href=\"http:\/\/plone.ufpb.br\/cgepm\/contents\/documentos\/parecer-de-aptidao-tcc.docx\">Parecer de Aptid\u00e3o &#8211; TCC<\/a><\/p>\n\n\n\n<p class=\" \"><a href=\"http:\/\/plone.ufpb.br\/cgepm\/contents\/documentos\/biblioteca-termo-de-autorizacao-tcc.docx\">Termo de Autoriza\u00e7\u00e3o TCC<\/a>\u00a0<\/p>\n\n\n\n<h2 class=\"wp-block-heading\"><div class=\"linha-header\"><strong>Consulta ao Acervo<\/strong><\/div><\/h2>\n\n\n\n<p><strong>TCCs dos alunos de Engenharia de Produ\u00e7\u00e3o Mec\u00e2nica<\/strong><\/p>\n\n\n\n<p>Clique&nbsp;<a href=\"https:\/\/repositorio.ufpb.br\/jspui\/handle\/123456789\/13415\" target=\"_blank\" rel=\"noreferrer noopener\">aqui<\/a>.<\/p>\n\n\n\n<p><\/p>\n","protected":false},"excerpt":{"rendered":"<p>Ficha de Avalia\u00e7\u00e3o &#8211; TCC Folha de Aprova\u00e7\u00e3o &#8211; TCC Parecer de Aptid\u00e3o &#8211; TCC [&hellip;]<\/p>\n","protected":false},"author":285,"featured_media":0,"parent":0,"menu_order":0,"comment_status":"closed","ping_status":"closed","template":"","meta":{"footnotes":""},"class_list":["post-131","page","type-page","status-publish","hentry"],"_links":{"self":[{"href":"https:\/\/www.ct.ufpb.br\/cgepm\/wp-json\/wp\/v2\/pages\/131","targetHints":{"allow":["GET"]}}],"collection":[{"href":"https:\/\/www.ct.ufpb.br\/cgepm\/wp-json\/wp\/v2\/pages"}],"about":[{"href":"https:\/\/www.ct.ufpb.br\/cgepm\/wp-json\/wp\/v2\/types\/page"}],"author":[{"embeddable":true,"href":"https:\/\/www.ct.ufpb.br\/cgepm\/wp-json\/wp\/v2\/users\/285"}],"replies":[{"embeddable":true,"href":"https:\/\/www.ct.ufpb.br\/cgepm\/wp-json\/wp\/v2\/comments?post=131"}],"version-history":[{"count":1,"href":"https:\/\/www.ct.ufpb.br\/cgepm\/wp-json\/wp\/v2\/pages\/131\/revisions"}],"predecessor-version":[{"id":132,"href":"https:\/\/www.ct.ufpb.br\/cgepm\/wp-json\/wp\/v2\/pages\/131\/revisions\/132"}],"wp:attachment":[{"href":"https:\/\/www.ct.ufpb.br\/cgepm\/wp-json\/wp\/v2\/media?parent=131"}],"curies":[{"name":"wp","href":"https:\/\/api.w.org\/{rel}","templated":true}]}}