{"id":129,"date":"2026-03-20T12:37:15","date_gmt":"2026-03-20T15:37:15","guid":{"rendered":"https:\/\/www.ct.ufpb.br\/cgepm\/?page_id=129"},"modified":"2026-03-20T12:37:15","modified_gmt":"2026-03-20T15:37:15","slug":"estagio-supervisionado","status":"publish","type":"page","link":"https:\/\/www.ct.ufpb.br\/cgepm\/estagio-supervisionado\/","title":{"rendered":"Est\u00e1gio Supervisionado"},"content":{"rendered":"\n<p><a href=\"http:\/\/plone.ufpb.br\/cgepm\/contents\/documentos\/aceite-de-orientacao-estagio.docx\">Aceite de Orienta\u00e7\u00e3o &#8211; Est\u00e1gio<\/a><\/p>\n\n\n\n<p><a href=\"http:\/\/plone.ufpb.br\/cgepm\/contents\/documentos\/requerimento-aproveitamento-de-estagio.docx\">Aproveitamento de Est\u00e1gio<\/a><\/p>\n\n\n\n<p><a href=\"http:\/\/plone.ufpb.br\/cgepm\/contents\/documentos\/aproveitamento-profissional-formulario.docx\">Aproveitamento Profissional &#8211; Formul\u00e1rio<\/a><\/p>\n\n\n\n<p><a href=\"http:\/\/plone.ufpb.br\/cgepm\/contents\/documentos\/aproveitamento-profissional-requerimento.docx\">Aproveitamento Profissional &#8211; Requerimento<\/a><\/p>\n\n\n\n<p><a href=\"http:\/\/plone.ufpb.br\/cgepm\/contents\/documentos\/declaracao-de-prova-para-estagio.docx\">Declara\u00e7\u00e3o de Prova para Est\u00e1gio<\/a><\/p>\n\n\n\n<p><a href=\"http:\/\/plone.ufpb.br\/cgepm\/contents\/documentos\/ficha-de-avaliacao-da-atividade-estagio-supervisionado-epm.docx\">Ficha de Avalia\u00e7\u00e3o &#8211; Est\u00e1gio<\/a><\/p>\n\n\n\n<p><a href=\"http:\/\/plone.ufpb.br\/cgepm\/contents\/documentos\/folha-de-aprovacao-estagio-supervisionado-epm.docx\">Folha de Aprova\u00e7\u00e3o &#8211; Est\u00e1gio<\/a><\/p>\n\n\n\n<p><a href=\"http:\/\/plone.ufpb.br\/cgepm\/contents\/documentos\/fluxo-dos-procedimentos-para-cadastro-e-renovacao-de-estagio-sigaa.pdf\" target=\"_blank\" rel=\"noreferrer noopener\">Fluxo de Procedimentos &#8211; Est\u00e1gio<\/a><\/p>\n\n\n\n<p><a href=\"http:\/\/plone.ufpb.br\/cgepm\/contents\/documentos\/modelo-de-relatorio-tecnico-de-estagio-supervisionado-em-epm-2019-2.docx\">Modelo de Relat\u00f3rio &#8211; Est\u00e1gio<\/a><\/p>\n\n\n\n<p><a href=\"http:\/\/plone.ufpb.br\/cgepm\/contents\/documentos\/parecer-de-aptidao-estagio-supervisionado-em-epm.docx\">Parecer de Aptid\u00e3o &#8211; Est\u00e1gio<\/a><\/p>\n\n\n\n<p><a href=\"http:\/\/plone.ufpb.br\/cgepm\/contents\/documentos\/parecer-orientador-aproveitamento-de-estagio.docx\">Parecer Orientador &#8211; Aproveitamento de Est\u00e1gio<\/a><\/p>\n","protected":false},"excerpt":{"rendered":"<p>Aceite de Orienta\u00e7\u00e3o &#8211; Est\u00e1gio Aproveitamento de Est\u00e1gio Aproveitamento Profissional &#8211; Formul\u00e1rio Aproveitamento Profissional &#8211; [&hellip;]<\/p>\n","protected":false},"author":285,"featured_media":0,"parent":0,"menu_order":0,"comment_status":"closed","ping_status":"closed","template":"","meta":{"footnotes":""},"class_list":["post-129","page","type-page","status-publish","hentry"],"_links":{"self":[{"href":"https:\/\/www.ct.ufpb.br\/cgepm\/wp-json\/wp\/v2\/pages\/129","targetHints":{"allow":["GET"]}}],"collection":[{"href":"https:\/\/www.ct.ufpb.br\/cgepm\/wp-json\/wp\/v2\/pages"}],"about":[{"href":"https:\/\/www.ct.ufpb.br\/cgepm\/wp-json\/wp\/v2\/types\/page"}],"author":[{"embeddable":true,"href":"https:\/\/www.ct.ufpb.br\/cgepm\/wp-json\/wp\/v2\/users\/285"}],"replies":[{"embeddable":true,"href":"https:\/\/www.ct.ufpb.br\/cgepm\/wp-json\/wp\/v2\/comments?post=129"}],"version-history":[{"count":1,"href":"https:\/\/www.ct.ufpb.br\/cgepm\/wp-json\/wp\/v2\/pages\/129\/revisions"}],"predecessor-version":[{"id":130,"href":"https:\/\/www.ct.ufpb.br\/cgepm\/wp-json\/wp\/v2\/pages\/129\/revisions\/130"}],"wp:attachment":[{"href":"https:\/\/www.ct.ufpb.br\/cgepm\/wp-json\/wp\/v2\/media?parent=129"}],"curies":[{"name":"wp","href":"https:\/\/api.w.org\/{rel}","templated":true}]}}