{"id":113,"date":"2026-03-20T12:27:16","date_gmt":"2026-03-20T15:27:16","guid":{"rendered":"https:\/\/www.ct.ufpb.br\/cgepm\/?page_id=113"},"modified":"2026-03-20T12:29:59","modified_gmt":"2026-03-20T15:29:59","slug":"composicao","status":"publish","type":"page","link":"https:\/\/www.ct.ufpb.br\/cgepm\/composicao\/","title":{"rendered":"Composi\u00e7\u00e3o"},"content":{"rendered":"\n<p>Segundo o Regimento Geral da UFPB:<\/p>\n\n\n\n<p>&nbsp;<strong>Art. 20.<\/strong>&nbsp;O Colegiado dos cursos ser\u00e1 constitu\u00eddo (Modificado pela Resolu\u00e7\u00e3o n\u00b0 19\/2014):<\/p>\n\n\n\n<p>I \u2013 Curso de Gradua\u00e7\u00e3o<\/p>\n\n\n\n<p>a) pelo Coordenador, como seu presidente;<\/p>\n\n\n\n<p>b) pelo Vice-Coordenador, na condi\u00e7\u00e3o de vice-presidente;<\/p>\n\n\n\n<p>c) pela representa\u00e7\u00e3o dos 3 (tr\u00eas) departamentos que participem do curso com o maior n\u00famero de disciplinas obrigat\u00f3rias;<\/p>\n\n\n\n<p>d) pela representa\u00e7\u00e3o discente, na propor\u00e7\u00e3o de 1\/5 do total dos membros do Colegiado.<\/p>\n\n\n\n<p>Os 3 departamentos s\u00e3o o Departamento de Produ\u00e7\u00e3o, Departamento de Mec\u00e2nica e o Departamento de Matem\u00e1tica.<\/p>\n\n\n\n<p><strong>\u00a72\u00ba<\/strong>&nbsp;A representa\u00e7\u00e3o docente dos departamentos nos colegiados dos cursos de gradua\u00e7\u00e3o ser\u00e1 escolhida pelos professores dos respectivos departamentos, juntamente com os seus suplentes, que os substituir\u00e3o em suas faltas e impedimentos, para mandato de 02 (dois) anos, permitida a recondu\u00e7\u00e3o para um mandato consecutivo, sendo vedada a participa\u00e7\u00e3o em mais de um colegiado de curso.<\/p>\n\n\n\n<p><strong>\u00a74\u00ba&nbsp;<\/strong>Em todos os casos, a representa\u00e7\u00e3o discente ser\u00e1 escolhida pelos alunos do curso, juntamente com os seus suplentes, que os substituir\u00e3o em suas faltas e impedimentos para mandato de 01 (um) ano, permitida uma recondu\u00e7\u00e3o para mandato consecutivo.<\/p>\n","protected":false},"excerpt":{"rendered":"<p>Segundo o Regimento Geral da UFPB: &nbsp;Art. 20.&nbsp;O Colegiado dos cursos ser\u00e1 constitu\u00eddo (Modificado pela [&hellip;]<\/p>\n","protected":false},"author":285,"featured_media":0,"parent":0,"menu_order":0,"comment_status":"closed","ping_status":"closed","template":"","meta":{"footnotes":""},"class_list":["post-113","page","type-page","status-publish","hentry"],"_links":{"self":[{"href":"https:\/\/www.ct.ufpb.br\/cgepm\/wp-json\/wp\/v2\/pages\/113","targetHints":{"allow":["GET"]}}],"collection":[{"href":"https:\/\/www.ct.ufpb.br\/cgepm\/wp-json\/wp\/v2\/pages"}],"about":[{"href":"https:\/\/www.ct.ufpb.br\/cgepm\/wp-json\/wp\/v2\/types\/page"}],"author":[{"embeddable":true,"href":"https:\/\/www.ct.ufpb.br\/cgepm\/wp-json\/wp\/v2\/users\/285"}],"replies":[{"embeddable":true,"href":"https:\/\/www.ct.ufpb.br\/cgepm\/wp-json\/wp\/v2\/comments?post=113"}],"version-history":[{"count":2,"href":"https:\/\/www.ct.ufpb.br\/cgepm\/wp-json\/wp\/v2\/pages\/113\/revisions"}],"predecessor-version":[{"id":121,"href":"https:\/\/www.ct.ufpb.br\/cgepm\/wp-json\/wp\/v2\/pages\/113\/revisions\/121"}],"wp:attachment":[{"href":"https:\/\/www.ct.ufpb.br\/cgepm\/wp-json\/wp\/v2\/media?parent=113"}],"curies":[{"name":"wp","href":"https:\/\/api.w.org\/{rel}","templated":true}]}}