{"id":147,"date":"2026-03-18T19:10:13","date_gmt":"2026-03-18T22:10:13","guid":{"rendered":"https:\/\/www.ct.ufpb.br\/cgep\/?page_id=147"},"modified":"2026-03-18T19:10:13","modified_gmt":"2026-03-18T22:10:13","slug":"empresa-junior-otimize","status":"publish","type":"page","link":"https:\/\/www.ct.ufpb.br\/cgep\/empresa-junior-otimize\/","title":{"rendered":"Empresa J\u00fanior &#8211; OTIMIZE"},"content":{"rendered":"\n<p>A OTIMIZE Consultoria \u00e9 a Empresa J\u00fanior da Engenharia de Produ\u00e7\u00e3o da UFPB. \u00c9&nbsp;composta pelos graduandos do curso e os projetos t\u00eam a orienta\u00e7\u00e3o dos professores do&nbsp;DEP (Departamento de Engenharia de Produ\u00e7\u00e3o).<\/p>\n\n\n\n<p>A OTIMIZE trabalha nos diversos&nbsp;ramos da Engenharia de Produ\u00e7\u00e3o, levando conhecimento qualificado para as empresas.&nbsp;A realiza\u00e7\u00e3o&nbsp;de projetos \u00e9 feita atrav\u00e9s de uma Diretoria de projetos, gerentes de projetos e pelos&nbsp;consultores selecionados entre os melhores alunos do curso, atrav\u00e9s de rigorosos&nbsp;processos de sele\u00e7\u00e3o em conjunto com um professor orientador. Dessa forma, tem-se&nbsp;um grupo altamente qualificado composto pelos alunos da institui\u00e7\u00e3o, tendo \u00e0&nbsp;disposi\u00e7\u00e3o toda a infraestrutura do departamento de Engenharia de Produ\u00e7\u00e3o:&nbsp;laborat\u00f3rios, bibliotecas e o apoio dos professores, mestres e doutores da Universidade.<\/p>\n\n\n\n<p><a href=\"https:\/\/www.instagram.com\/otimizeconsultoria\/?hl=pt-br\">Informa\u00e7\u00f5es<\/a><\/p>\n\n\n\n<figure class=\"wp-block-embed\"><div class=\"wp-block-embed__wrapper\">\nhttps:\/\/www.instagram.com\/otimizeconsultoria\/?hl=pt-br\n<\/div><\/figure>\n","protected":false},"excerpt":{"rendered":"<p>A OTIMIZE Consultoria \u00e9 a Empresa J\u00fanior da Engenharia de Produ\u00e7\u00e3o da UFPB. \u00c9&nbsp;composta pelos [&hellip;]<\/p>\n","protected":false},"author":285,"featured_media":0,"parent":0,"menu_order":0,"comment_status":"closed","ping_status":"closed","template":"","meta":{"footnotes":""},"class_list":["post-147","page","type-page","status-publish","hentry"],"_links":{"self":[{"href":"https:\/\/www.ct.ufpb.br\/cgep\/wp-json\/wp\/v2\/pages\/147","targetHints":{"allow":["GET"]}}],"collection":[{"href":"https:\/\/www.ct.ufpb.br\/cgep\/wp-json\/wp\/v2\/pages"}],"about":[{"href":"https:\/\/www.ct.ufpb.br\/cgep\/wp-json\/wp\/v2\/types\/page"}],"author":[{"embeddable":true,"href":"https:\/\/www.ct.ufpb.br\/cgep\/wp-json\/wp\/v2\/users\/285"}],"replies":[{"embeddable":true,"href":"https:\/\/www.ct.ufpb.br\/cgep\/wp-json\/wp\/v2\/comments?post=147"}],"version-history":[{"count":1,"href":"https:\/\/www.ct.ufpb.br\/cgep\/wp-json\/wp\/v2\/pages\/147\/revisions"}],"predecessor-version":[{"id":148,"href":"https:\/\/www.ct.ufpb.br\/cgep\/wp-json\/wp\/v2\/pages\/147\/revisions\/148"}],"wp:attachment":[{"href":"https:\/\/www.ct.ufpb.br\/cgep\/wp-json\/wp\/v2\/media?parent=147"}],"curies":[{"name":"wp","href":"https:\/\/api.w.org\/{rel}","templated":true}]}}