{"id":145,"date":"2026-03-18T19:09:43","date_gmt":"2026-03-18T22:09:43","guid":{"rendered":"https:\/\/www.ct.ufpb.br\/cgep\/?page_id=145"},"modified":"2026-03-18T19:09:43","modified_gmt":"2026-03-18T22:09:43","slug":"jovens-talentos-para-a-ciencia","status":"publish","type":"page","link":"https:\/\/www.ct.ufpb.br\/cgep\/jovens-talentos-para-a-ciencia\/","title":{"rendered":"Jovens Talentos para a Ci\u00eancia"},"content":{"rendered":"\n<p>O programa &nbsp;trata-se de uma iniciativa destinada a estudantes de gradua\u00e7\u00e3o de todas as \u00e1reas do conhecimento e tem o objetivo de identificar e inserir precocemente os jovens para estimul\u00e1-los ao interesse e dedica\u00e7\u00e3o plena ao aprendizado acad\u00eamico e a pr\u00e1tica em Ci\u00eancia e Tecnologia.&nbsp;Podem participar do programa estudantes de gradua\u00e7\u00e3o que tenham ingressado em Universidades Federais ou em Institutos Federais de Educa\u00e7\u00e3o, Ci\u00eancia e Tecnologia.<\/p>\n\n\n\n<p>Na UFPB a Pr\u00f3-Reitoria de P\u00f3s-Gradua\u00e7\u00e3o e Pesquisa, com apoio da Pr\u00f3-Reitoria de Gradua\u00e7\u00e3o, montar\u00e1 um programa de atividades e acompanhamento dos bolsistas na institui\u00e7\u00e3o.<\/p>\n\n\n\n<p>As inscri\u00e7\u00f5es ser\u00e3o realizadas pelos estudantes atrav\u00e9s do site<a href=\"http:\/\/www.prpg.ufpb.br\/jovenstalentos\">www.prpg.ufpb.br\/jovenstalentos<\/a>, as quais em seguida ser\u00e3o enviadas \u00e0 CAPES pela Coordena\u00e7\u00e3o Geral de Pesquisa\/PRPG\/UFPB.<\/p>\n\n\n\n<p>Os alunos ser\u00e3o selecionados pela universidade, mediante prova de conhecimentos gerais. A nota do teste poder\u00e1 ser utilizada ainda para futuras classifica\u00e7\u00f5es no programa Ci\u00eancia sem Fronteiras. Os aprovados receber\u00e3o bolsa no valor de R$ 360 pelo per\u00edodo de 12 meses.A expectativa \u00e9 de que os bolsistas desse Programa estejam aptos ap\u00f3s um ano a passarem para as bolsas de Inicia\u00e7\u00e3o Cient\u00edfica, PIBIC\/PIBITI ou Programa Ci\u00eancia sem Fronteiras.<\/p>\n","protected":false},"excerpt":{"rendered":"<p>O programa &nbsp;trata-se de uma iniciativa destinada a estudantes de gradua\u00e7\u00e3o de todas as \u00e1reas [&hellip;]<\/p>\n","protected":false},"author":285,"featured_media":0,"parent":0,"menu_order":0,"comment_status":"closed","ping_status":"closed","template":"","meta":{"footnotes":""},"class_list":["post-145","page","type-page","status-publish","hentry"],"_links":{"self":[{"href":"https:\/\/www.ct.ufpb.br\/cgep\/wp-json\/wp\/v2\/pages\/145","targetHints":{"allow":["GET"]}}],"collection":[{"href":"https:\/\/www.ct.ufpb.br\/cgep\/wp-json\/wp\/v2\/pages"}],"about":[{"href":"https:\/\/www.ct.ufpb.br\/cgep\/wp-json\/wp\/v2\/types\/page"}],"author":[{"embeddable":true,"href":"https:\/\/www.ct.ufpb.br\/cgep\/wp-json\/wp\/v2\/users\/285"}],"replies":[{"embeddable":true,"href":"https:\/\/www.ct.ufpb.br\/cgep\/wp-json\/wp\/v2\/comments?post=145"}],"version-history":[{"count":1,"href":"https:\/\/www.ct.ufpb.br\/cgep\/wp-json\/wp\/v2\/pages\/145\/revisions"}],"predecessor-version":[{"id":146,"href":"https:\/\/www.ct.ufpb.br\/cgep\/wp-json\/wp\/v2\/pages\/145\/revisions\/146"}],"wp:attachment":[{"href":"https:\/\/www.ct.ufpb.br\/cgep\/wp-json\/wp\/v2\/media?parent=145"}],"curies":[{"name":"wp","href":"https:\/\/api.w.org\/{rel}","templated":true}]}}