{"id":143,"date":"2026-03-18T19:09:06","date_gmt":"2026-03-18T22:09:06","guid":{"rendered":"https:\/\/www.ct.ufpb.br\/cgep\/?page_id=143"},"modified":"2026-03-18T19:09:06","modified_gmt":"2026-03-18T22:09:06","slug":"grupos-de-pesquisa","status":"publish","type":"page","link":"https:\/\/www.ct.ufpb.br\/cgep\/grupos-de-pesquisa\/","title":{"rendered":"Grupos de Pesquisa"},"content":{"rendered":"\n<h3 class=\"wp-block-heading\"><a href=\"http:\/\/dgp.cnpq.br\/dgp\/espelhogrupo\/2384012768445866\" target=\"_blank\" rel=\"noreferrer noopener\">CESET &#8211; Conforto, Efici\u00eancia e Seguran\u00e7a no Trabalho<\/a>&nbsp;<\/h3>\n\n\n\n<p>&nbsp;O conforto, a efici\u00eancia e a gest\u00e3o de seguran\u00e7a e sa\u00fade no trabalho garantir\u00e3o a redu\u00e7\u00e3o de acidentes e doen\u00e7as e\/ou a melhoria da produtividade nas empresas. Este grupo tem como meta estudar e avaliar as vari\u00e1veis que formam a base do conforto de qualquer ambiente de trabalho, bem como verificar em que medida estas vari\u00e1veis poder\u00e3o afetar a sa\u00fade e o desempenho do trabalhador. &nbsp;<\/p>\n\n\n\n<h3 class=\"wp-block-heading\"><a href=\"http:\/\/dgp.cnpq.br\/dgp\/espelhogrupo\/3476782786205816\" target=\"_blank\" rel=\"noreferrer noopener\">Grupo de Pesquisa Complexidade &amp; Organiza\u00e7\u00f5es<\/a><\/h3>\n\n\n\n<p>A proposta desse grupo \u00e9 intervir em lacunas encontradas na pesquisa cient\u00edfica por meio da forma\u00e7\u00e3o de um grupo interdisciplinar, em conson\u00e2ncia com os objetivos do Curso de Engenharia de Produ\u00e7\u00e3o, buscando discutir a complexidade dos sistemas produtivos e propondo alternativas sustent\u00e1veis para intervir em tais sistemas de forma mais apropriada.&nbsp;<\/p>\n\n\n\n<h3 class=\"wp-block-heading\"><a href=\"http:\/\/dgp.cnpq.br\/dgp\/espelhogrupo\/5899712859087873\" target=\"_blank\" rel=\"noreferrer noopener\">GESP &#8211; Gest\u00e3o Estrat\u00e9gica de Sistemas de Produ\u00e7\u00e3o<\/a><\/h3>\n\n\n\n<p>O grupo de pesquisa em Gest\u00e3o Estrat\u00e9gica de Sistemas de Produ\u00e7\u00e3o (GESP) procura integrar duas \u00e1reas chaves da Engenharia de Produ\u00e7\u00e3o: gest\u00e3o da produ\u00e7\u00e3o e gest\u00e3o estrat\u00e9gica. Essas duas \u00e1reas correspondem \u00e0s linhas de pesquisa do grupo, que congregam pesquisadores e estudantes de gradua\u00e7\u00e3o e p\u00f3s-gradua\u00e7\u00e3o da UFPB. O GESP tem o objetivo de produzir e disseminar conhecimento no campo de suas linhas de pesquisa, destacando a intera\u00e7\u00e3o entre as duas, seja para o estudo das pr\u00e1ticas de gest\u00e3o da produ\u00e7\u00e3o sob um enfoque estrat\u00e9gico ou para a an\u00e1lise do desdobramento da estrat\u00e9gia empresarial na estrat\u00e9gia de produ\u00e7\u00e3o. Os projetos de pesquisa do grupo adotam uma vis\u00e3o ampla dos sistemas de produ\u00e7\u00e3o, considerando opera\u00e7\u00f5es de manufatura e de servi\u00e7os, abrangendo desde a unidade produtiva at\u00e9 a cadeia de suprimentos.&nbsp;<\/p>\n\n\n\n<h3 class=\"wp-block-heading\"><a href=\"http:\/\/dgp.cnpq.br\/dgp\/espelhogrupo\/3742822400820930\" target=\"_blank\" rel=\"noreferrer noopener\">GPROPI &#8211; Grupo de Pesquisa em Projeto de Produtos e Inova\u00e7\u00e3o<\/a><\/h3>\n\n\n\n<p>O GPROPI tem como objetivo principal o estudo e a concep\u00e7\u00e3o de produtos que atendam \u00e0s necessidades da sociedade, seja de pessoas f\u00edsicas como de empresas. A abordagem seguida \u00e9 a do Projeto Centrado no Usu\u00e1rio. O grupo \u00e9 composto por docentes, estudantes e funcion\u00e1rios alocados em tr\u00eas linhas de pesquisa: Tecnologia Assistiva; Inova\u00e7\u00e3o Tecnol\u00f3gica; Prototipagem R\u00e1pida. A inova\u00e7\u00e3o do mix de produtos de uma empresa \u00e9 um fator diferencial em mercados competitivos. Novos produtos s\u00e3o criados a todo momento e aqueles j\u00e1 existentes passam constantemente por modifica\u00e7\u00f5es na busca por atender \u00e0s necessidades de p\u00fablicos t\u00e3o diversificados. Desenvolver um produto n\u00e3o \u00e9, sempre, inventar. \u00c9 necess\u00e1ria uma sequencia de etapas a fim de obter maior efic\u00e1cia no resultado final, ou seja, uma perfeita adequa\u00e7\u00e3o entre a necessidade a ser atendida e o produto concebido<\/p>\n\n\n\n<h3 class=\"wp-block-heading\"><a href=\"http:\/\/dgp.cnpq.br\/dgp\/espelhogrupo\/9362012890224831\" target=\"_blank\" rel=\"noreferrer noopener\">PETT &#8211; Produ\u00e7\u00e3o, Estrat\u00e9gia, Tecnologia e Trabalho<\/a><br><a href=\"http:\/\/dgp.cnpq.br\/dgp\/espelhogrupo\/3476782786205816\" target=\"_blank\" rel=\"noreferrer noopener\"><\/a><\/h3>\n\n\n\n<p class=\" \">\u00a0A natureza das mudan\u00e7as ocorridas a aprtir da \u00faltima decada do s\u00e9culo passado no mundo da produ\u00e7\u00e3o aponta um conjunto de fen\u00f4menos que redefinem o papel das empresas, dos gerentes, da tecnologia, dos processos e das formas de organiza\u00e7\u00e3o do trabalho at\u00e9 ent\u00e3o tidas como perenes ou paradigm\u00e1ticos. Estas transforma\u00e7\u00f5es, que dever\u00e3o continuar mudando a face da produ\u00e7\u00e3o do s\u00e9culo XXI, s\u00e3o t\u00e3o profundas que se pode esperar, ainda, novas e inquietantes altera\u00e7\u00f5es. N\u00e3o ser\u00e1 demais acrescentar que, talvez, este processo de instabilidade, experimenta\u00e7\u00f5es, fragmenta\u00e7\u00e3o, flexibilidade e de novas formas de encarar o fen\u00f4meno da produ\u00e7\u00e3o, antes de ser uma caracter\u00edstica passageira, fruto dos per\u00edodos de transi\u00e7\u00e3o, seja mesmo uma condi\u00e7\u00e3o sen\u00e3o permanente, pelo menos duradoura. Com base nessas considera\u00e7\u00f5es, foi criado o grupo de pesquisa PRODU\u00c7\u00c3O, ESTRAT\u00c9GIA, TECNOLOGIA E TRABALHO com o objetivo de estruturar, no \u00e2mbito acad\u00eamico, o estudo destes fen\u00f4menos, intrinsecamente ligados \u00e0 \u00e1rea de Engenharia de Produ\u00e7\u00e3o.\u00a0<\/p>\n\n\n\n<h3 class=\"wp-block-heading\"><a href=\"http:\/\/dgp.cnpq.br\/dgp\/espelhogrupo\/5197115755757625\" target=\"_blank\" rel=\"noreferrer noopener\">Grupo de Energia e Produ\u00e7\u00e3o<\/a><br><a href=\"http:\/\/security.ufpb.br\/ctgesp\" target=\"_blank\" rel=\"noreferrer noopener\"><\/a><\/h3>\n\n\n\n<p class=\" \">Grupo de Pesquisa que tem como objetivo principal pesquisar aspectos de Energia e Produ\u00e7\u00e3o nas seguintes \u00e1reas: Produ\u00e7\u00e3o Industrial, Seguran\u00e7a do Trabalho, Ergonomia, Efici\u00eancia energ\u00e9tica, Pol\u00edticas P\u00fablicas e sua Sustentabilidade. Trabalha diretamente com energia ditas renov\u00e1veis e regula\u00e7\u00e3o do setor, tendo principalmente como objeto de estudo o setor el\u00e9trico brasileiro, a ANEEL e suas a\u00e7\u00f5es e as concession\u00e1rias de energia.<\/p>\n","protected":false},"excerpt":{"rendered":"<p>CESET &#8211; Conforto, Efici\u00eancia e Seguran\u00e7a no Trabalho&nbsp; &nbsp;O conforto, a efici\u00eancia e a gest\u00e3o [&hellip;]<\/p>\n","protected":false},"author":285,"featured_media":0,"parent":0,"menu_order":0,"comment_status":"closed","ping_status":"closed","template":"","meta":{"footnotes":""},"class_list":["post-143","page","type-page","status-publish","hentry"],"_links":{"self":[{"href":"https:\/\/www.ct.ufpb.br\/cgep\/wp-json\/wp\/v2\/pages\/143","targetHints":{"allow":["GET"]}}],"collection":[{"href":"https:\/\/www.ct.ufpb.br\/cgep\/wp-json\/wp\/v2\/pages"}],"about":[{"href":"https:\/\/www.ct.ufpb.br\/cgep\/wp-json\/wp\/v2\/types\/page"}],"author":[{"embeddable":true,"href":"https:\/\/www.ct.ufpb.br\/cgep\/wp-json\/wp\/v2\/users\/285"}],"replies":[{"embeddable":true,"href":"https:\/\/www.ct.ufpb.br\/cgep\/wp-json\/wp\/v2\/comments?post=143"}],"version-history":[{"count":1,"href":"https:\/\/www.ct.ufpb.br\/cgep\/wp-json\/wp\/v2\/pages\/143\/revisions"}],"predecessor-version":[{"id":144,"href":"https:\/\/www.ct.ufpb.br\/cgep\/wp-json\/wp\/v2\/pages\/143\/revisions\/144"}],"wp:attachment":[{"href":"https:\/\/www.ct.ufpb.br\/cgep\/wp-json\/wp\/v2\/media?parent=143"}],"curies":[{"name":"wp","href":"https:\/\/api.w.org\/{rel}","templated":true}]}}