{"id":141,"date":"2026-03-18T19:08:00","date_gmt":"2026-03-18T22:08:00","guid":{"rendered":"https:\/\/www.ct.ufpb.br\/cgep\/?page_id=141"},"modified":"2026-03-18T19:08:00","modified_gmt":"2026-03-18T22:08:00","slug":"ciencia-sem-fronteiras","status":"publish","type":"page","link":"https:\/\/www.ct.ufpb.br\/cgep\/ciencia-sem-fronteiras\/","title":{"rendered":"Ci\u00eancia sem Fronteiras"},"content":{"rendered":"\n<p>Ci\u00eancia sem Fronteiras \u00e9 um programa que busca promover a consolida\u00e7\u00e3o, expans\u00e3o e internacionaliza\u00e7\u00e3o da ci\u00eancia e tecnologia, da inova\u00e7\u00e3o e da competitividade brasileira por meio do interc\u00e2mbio e da mobilidade internacional. A iniciativa \u00e9 fruto de esfor\u00e7o conjunto dos Minist\u00e9rios da Ci\u00eancia, Tecnologia e Inova\u00e7\u00e3o (MCTI) e do Minist\u00e9rio da Educa\u00e7\u00e3o (MEC), por meio de suas respectivas institui\u00e7\u00f5es de fomento \u2013 CNPq e Capes \u2013, e Secretarias de Ensino Superior e de Ensino Tecnol\u00f3gico do MEC.<\/p>\n\n\n\n<p>O processo de sele\u00e7\u00e3o inicia-se na inscri\u00e7\u00e3o para a comprova\u00e7\u00e3o do exame de profici\u00eancia no endere\u00e7o eletr\u00f4nico do Programa Ci\u00eancia Sem Fronteiras na pagina da Capes. Na UFPB, que \u00e9 considerada a segunda etapa da inscri\u00e7\u00e3o, a entrega da documenta\u00e7\u00e3o necess\u00e1ria \u00e0 solicita\u00e7\u00e3o de inscri\u00e7\u00e3o deve ser realizada no 1\u00ba andar da Reitoria onde os estudantes devem abrir processo.<\/p>\n\n\n\n<p>O candidato precisa ter nacionalidade brasileira, estar matriculado em um dos cursos de bacharelado das \u00e1reas de interesse de uma institui\u00e7\u00e3o participante do programa. A classifica\u00e7\u00e3o ser\u00e1 realizada pela CAPES e pelo CNPQ, segundo a disponibilidade de vagas no curso, nas institui\u00e7\u00f5es de ensino superior representadas pelo pa\u00eds de destino e ser\u00e1 feita por interm\u00e9dio de avalia\u00e7\u00e3o comparativa, tendo como par\u00e2metro a nota do Exame Nacional do Ensino M\u00e9dio (ENEM).<\/p>\n\n\n\n<p>Por outro lado, os candidatos devem ter conclu\u00eddo mais que 20% da carga de seu curso e, no m\u00e1ximo, 90%. Al\u00e9m disso, \u00e9 exigida nacionalidade brasileira e profici\u00eancia. A exce\u00e7\u00e3o \u00e9 para a Su\u00e9cia com m\u00ednimo de 60% e m\u00e1ximo de 90%.<\/p>\n\n\n\n<p>As bolsas s\u00e3o concedidas pela CAPES e o CNPq que tamb\u00e9m arcar\u00e3o com os custos referentes \u00e0s taxas escolares, al\u00e9m de outros benef\u00edcios como: aux\u00edlio-instala\u00e7\u00e3o, seguro de vida, aux\u00edlio deslocamento ou passagem a\u00e9rea de ida e volta.<\/p>\n\n\n\n<p>A escolha da institui\u00e7\u00e3o de ensino a que cada um dos selecionados ser\u00e1 encaminhado ficar\u00e1 a cargo da Capes e das institui\u00e7\u00f5es participantes. Caber\u00e1 a CAPES, ao CNPq e ao parceiro do pa\u00eds (Alemanha, Austr\u00e1lia, Canad\u00e1, Coreia do Sul, Holanda, Reino Unido, Espanha, Portugal, Fran\u00e7a, Hungria, It\u00e1lia, Estados Unidos, Su\u00e9cia, Noruega e Jap\u00e3o) escolherem a universidade de destino de acordo com: \u00e1rea de estudo; n\u00edvel de profici\u00eancia exigido pela universidade; e adequa\u00e7\u00e3o do per\u00edodo e curso em andamento no Brasil com os per\u00edodos e cursos similares ofertados pela universidade.<\/p>\n","protected":false},"excerpt":{"rendered":"<p>Ci\u00eancia sem Fronteiras \u00e9 um programa que busca promover a consolida\u00e7\u00e3o, expans\u00e3o e internacionaliza\u00e7\u00e3o da [&hellip;]<\/p>\n","protected":false},"author":285,"featured_media":0,"parent":0,"menu_order":0,"comment_status":"closed","ping_status":"closed","template":"","meta":{"footnotes":""},"class_list":["post-141","page","type-page","status-publish","hentry"],"_links":{"self":[{"href":"https:\/\/www.ct.ufpb.br\/cgep\/wp-json\/wp\/v2\/pages\/141","targetHints":{"allow":["GET"]}}],"collection":[{"href":"https:\/\/www.ct.ufpb.br\/cgep\/wp-json\/wp\/v2\/pages"}],"about":[{"href":"https:\/\/www.ct.ufpb.br\/cgep\/wp-json\/wp\/v2\/types\/page"}],"author":[{"embeddable":true,"href":"https:\/\/www.ct.ufpb.br\/cgep\/wp-json\/wp\/v2\/users\/285"}],"replies":[{"embeddable":true,"href":"https:\/\/www.ct.ufpb.br\/cgep\/wp-json\/wp\/v2\/comments?post=141"}],"version-history":[{"count":1,"href":"https:\/\/www.ct.ufpb.br\/cgep\/wp-json\/wp\/v2\/pages\/141\/revisions"}],"predecessor-version":[{"id":142,"href":"https:\/\/www.ct.ufpb.br\/cgep\/wp-json\/wp\/v2\/pages\/141\/revisions\/142"}],"wp:attachment":[{"href":"https:\/\/www.ct.ufpb.br\/cgep\/wp-json\/wp\/v2\/media?parent=141"}],"curies":[{"name":"wp","href":"https:\/\/api.w.org\/{rel}","templated":true}]}}