{"id":115,"date":"2026-03-18T18:56:05","date_gmt":"2026-03-18T21:56:05","guid":{"rendered":"https:\/\/www.ct.ufpb.br\/cgep\/?page_id=115"},"modified":"2026-03-18T18:56:05","modified_gmt":"2026-03-18T21:56:05","slug":"conteudos-complementares-flexiveis","status":"publish","type":"page","link":"https:\/\/www.ct.ufpb.br\/cgep\/conteudos-complementares-flexiveis\/","title":{"rendered":"Conte\u00fados Complementares Flex\u00edveis"},"content":{"rendered":"\n<p><strong>Conte\u00fados Complementares Flex\u00edveis<\/strong><\/p>\n\n\n\n<p><strong>(de acordo com&nbsp;<a href=\"http:\/\/plone.ufpb.br\/ctcgep\/contents\/documentos\/resolucoes\/resolucao-ccgep-01-17-conteudos-flexiveis-2017.doc\">Resolu\u00e7\u00e3o&nbsp;CCGEP\/CT n\u00ba 01\/2017<\/a><a href=\"http:\/\/plone.ufpb.br\/ctcgep\/contents\/documentos\/resolucoes\/resolucao-ccgep-01-14-conteudos-flexiveis-1.pdf\">&nbsp;<\/a>)<\/strong><\/p>\n\n\n\n<p><strong>Documentos necess\u00e1rios para o interessado abrir o Processo na Coordena\u00e7\u00e3o do Curso:<\/strong><\/p>\n\n\n\n<p>1.&nbsp;<strong><a href=\"http:\/\/plone.ufpb.br\/ctcgep\/contents\/documentos\/requerimentos\/anexo-ii-resolucao-01-2017-requerimento.docx\">REQUERIMENTO<\/a><\/strong><\/p>\n\n\n\n<p><strong>2.&nbsp;<\/strong>Comprovantes (relat\u00f3rio final ou certificados) atestando participa\u00e7\u00e3o em:<\/p>\n\n\n\n<p>a) atividades livres, tais como atividades acad\u00eamicas de monitoria, ensino, pesquisa e extens\u00e3o;<br>b) eventos da \u00e1rea, como: simp\u00f3sios, confer\u00eancias, semin\u00e1rios, encontros, palestras, congressos, confer\u00eancias, oficinas e cursos de atualiza\u00e7\u00e3o;<br>c) exposi\u00e7\u00f5es e feiras da \u00e1rea de engenharia de produ\u00e7\u00e3o;<br>e) publica\u00e7\u00e3o de artigos, papers e cap\u00edtulos de livros;<br>f) viagens de estudos e visitas t\u00e9cnicas n\u00e3o curriculares;<br>g) est\u00e1gio profissional extra-curricular (n\u00e3o obrigat\u00f3rio) na \u00e1rea de engenharia de produ\u00e7\u00e3o;<br>h) disciplinas de \u00e1reas afins.<\/p>\n\n\n\n<p><strong>Aplicabilidade:&nbsp;<\/strong>Ap\u00f3s avalia\u00e7\u00e3o da comprova\u00e7\u00e3o acad\u00eamica apresentada pelo aluno, a Coordena\u00e7\u00e3o ir\u00e1 implantar no Hist\u00f3rico Escolar do aluno os cr\u00e9ditos correspondentes dentro da disciplina de T\u00f3picos Especiais de Engenharia de Produ\u00e7\u00e3o.&nbsp;<\/p>\n","protected":false},"excerpt":{"rendered":"<p>Conte\u00fados Complementares Flex\u00edveis (de acordo com&nbsp;Resolu\u00e7\u00e3o&nbsp;CCGEP\/CT n\u00ba 01\/2017&nbsp;) Documentos necess\u00e1rios para o interessado abrir o [&hellip;]<\/p>\n","protected":false},"author":285,"featured_media":0,"parent":0,"menu_order":0,"comment_status":"closed","ping_status":"closed","template":"","meta":{"footnotes":""},"class_list":["post-115","page","type-page","status-publish","hentry"],"_links":{"self":[{"href":"https:\/\/www.ct.ufpb.br\/cgep\/wp-json\/wp\/v2\/pages\/115","targetHints":{"allow":["GET"]}}],"collection":[{"href":"https:\/\/www.ct.ufpb.br\/cgep\/wp-json\/wp\/v2\/pages"}],"about":[{"href":"https:\/\/www.ct.ufpb.br\/cgep\/wp-json\/wp\/v2\/types\/page"}],"author":[{"embeddable":true,"href":"https:\/\/www.ct.ufpb.br\/cgep\/wp-json\/wp\/v2\/users\/285"}],"replies":[{"embeddable":true,"href":"https:\/\/www.ct.ufpb.br\/cgep\/wp-json\/wp\/v2\/comments?post=115"}],"version-history":[{"count":1,"href":"https:\/\/www.ct.ufpb.br\/cgep\/wp-json\/wp\/v2\/pages\/115\/revisions"}],"predecessor-version":[{"id":116,"href":"https:\/\/www.ct.ufpb.br\/cgep\/wp-json\/wp\/v2\/pages\/115\/revisions\/116"}],"wp:attachment":[{"href":"https:\/\/www.ct.ufpb.br\/cgep\/wp-json\/wp\/v2\/media?parent=115"}],"curies":[{"name":"wp","href":"https:\/\/api.w.org\/{rel}","templated":true}]}}