{"id":106,"date":"2026-03-18T18:49:40","date_gmt":"2026-03-18T21:49:40","guid":{"rendered":"https:\/\/www.ct.ufpb.br\/cgep\/?page_id=106"},"modified":"2026-03-18T18:49:40","modified_gmt":"2026-03-18T21:49:40","slug":"videos","status":"publish","type":"page","link":"https:\/\/www.ct.ufpb.br\/cgep\/videos\/","title":{"rendered":"V\u00eddeos"},"content":{"rendered":"\n<p>Neste v\u00eddeo a Professora Juliana Machion e o aluno Elvis Delano percorrem o caminho entre o Departamento de Engenharia de Produ\u00e7\u00e3o (Bloco CTF) e a Biblioteca Setorial do Centro de Tecnologia<\/p>\n\n\n\n<figure class=\"wp-block-embed is-type-video is-provider-youtube wp-block-embed-youtube wp-embed-aspect-4-3 wp-has-aspect-ratio\"><div class=\"wp-block-embed__wrapper\">\n<iframe loading=\"lazy\" title=\"DEP UFPB - \u00e1rea interna\" width=\"500\" height=\"375\" src=\"https:\/\/www.youtube.com\/embed\/ekugjHSf294?feature=oembed\" frameborder=\"0\" allow=\"accelerometer; autoplay; clipboard-write; encrypted-media; gyroscope; picture-in-picture; web-share\" referrerpolicy=\"strict-origin-when-cross-origin\" allowfullscreen><\/iframe>\n<\/div><\/figure>\n\n\n\n<p><\/p>\n\n\n\n<p>Neste V\u00eddeo a Professora Juliana Machion e o aluno Elvis Delano apresentam alguns locais importantes para que os Feras conhe\u00e7am, como: Reitoria, Biblioteca Central, Centro de Viv\u00eancia, Central de Aulas e Coordena\u00e7\u00e3o do Curso<\/p>\n\n\n\n<figure class=\"wp-block-embed is-type-video is-provider-youtube wp-block-embed-youtube wp-embed-aspect-4-3 wp-has-aspect-ratio\"><div class=\"wp-block-embed__wrapper\">\n<iframe loading=\"lazy\" title=\"UFPB - DEP\" width=\"500\" height=\"375\" src=\"https:\/\/www.youtube.com\/embed\/Un_83jbT8OQ?feature=oembed\" frameborder=\"0\" allow=\"accelerometer; autoplay; clipboard-write; encrypted-media; gyroscope; picture-in-picture; web-share\" referrerpolicy=\"strict-origin-when-cross-origin\" allowfullscreen><\/iframe>\n<\/div><\/figure>\n","protected":false},"excerpt":{"rendered":"<p>Neste v\u00eddeo a Professora Juliana Machion e o aluno Elvis Delano percorrem o caminho entre [&hellip;]<\/p>\n","protected":false},"author":285,"featured_media":0,"parent":0,"menu_order":0,"comment_status":"closed","ping_status":"closed","template":"","meta":{"footnotes":""},"class_list":["post-106","page","type-page","status-publish","hentry"],"_links":{"self":[{"href":"https:\/\/www.ct.ufpb.br\/cgep\/wp-json\/wp\/v2\/pages\/106","targetHints":{"allow":["GET"]}}],"collection":[{"href":"https:\/\/www.ct.ufpb.br\/cgep\/wp-json\/wp\/v2\/pages"}],"about":[{"href":"https:\/\/www.ct.ufpb.br\/cgep\/wp-json\/wp\/v2\/types\/page"}],"author":[{"embeddable":true,"href":"https:\/\/www.ct.ufpb.br\/cgep\/wp-json\/wp\/v2\/users\/285"}],"replies":[{"embeddable":true,"href":"https:\/\/www.ct.ufpb.br\/cgep\/wp-json\/wp\/v2\/comments?post=106"}],"version-history":[{"count":1,"href":"https:\/\/www.ct.ufpb.br\/cgep\/wp-json\/wp\/v2\/pages\/106\/revisions"}],"predecessor-version":[{"id":107,"href":"https:\/\/www.ct.ufpb.br\/cgep\/wp-json\/wp\/v2\/pages\/106\/revisions\/107"}],"wp:attachment":[{"href":"https:\/\/www.ct.ufpb.br\/cgep\/wp-json\/wp\/v2\/media?parent=106"}],"curies":[{"name":"wp","href":"https:\/\/api.w.org\/{rel}","templated":true}]}}