{"id":103,"date":"2026-03-18T18:45:38","date_gmt":"2026-03-18T21:45:38","guid":{"rendered":"https:\/\/www.ct.ufpb.br\/cgep\/?page_id=103"},"modified":"2026-03-18T18:45:38","modified_gmt":"2026-03-18T21:45:38","slug":"links-uteis","status":"publish","type":"page","link":"https:\/\/www.ct.ufpb.br\/cgep\/links-uteis\/","title":{"rendered":"Links \u00dateis"},"content":{"rendered":"\n<p>\u27a1\ufe0f <a href=\"http:\/\/www.ufpb.br\/\" target=\"_blank\" rel=\"noreferrer noopener\">Universidade Federal da Para\u00edba<\/a><\/p>\n\n\n\n<p>\u27a1\ufe0f <a href=\"http:\/\/www.ct.ufpb.br\/\" target=\"_blank\" rel=\"noreferrer noopener\">Centro de Tecnologia &#8211; UFPB<\/a><\/p>\n\n\n\n<p>\u27a1\ufe0f <a href=\"http:\/\/www.ufpb.br\/pos\/ppgep\" target=\"_blank\" rel=\"noreferrer noopener\">Programa de P\u00f3s-Gradua\u00e7\u00e3o em Engenharia de Produ\u00e7\u00e3o (PPGEP\/UFPB)<\/a><\/p>\n\n\n\n<p>\u27a1\ufe0f<a href=\"http:\/\/www.ct.ufpb.br\/ppgeps\" target=\"_blank\" rel=\"noreferrer noopener\"> Programa de P\u00f3s-gradua\u00e7\u00e3o em Engenharia de Produ\u00e7\u00e3o e Sistemas (PPGEPS)<\/a><\/p>\n\n\n\n<p>\u27a1\ufe0f <a href=\"http:\/\/www.abepro.org.br\/\" target=\"_blank\" rel=\"noreferrer noopener\">ABEPRO &#8211; Associa\u00e7\u00e3o Brasileira de Engenharia de Produ\u00e7\u00e3o<\/a><\/p>\n\n\n\n<p>\u27a1\ufe0f <a href=\"http:\/\/www.abergo.org.br\/\" target=\"_blank\" rel=\"noreferrer noopener\">ABERGO &#8211; Associa\u00e7\u00e3o Brasileira de Ergonomia<\/a><\/p>\n\n\n\n<p>\u27a1\ufe0f <a href=\"http:\/\/www.sobrapo.org.br\/\" target=\"_blank\" rel=\"noreferrer noopener\">SOBRAPO &#8211; Sociedade Brasileira de Pesquisa Operacional<\/a><\/p>\n\n\n\n<p>\u27a1\ufe0f <a href=\"https:\/\/www.confea.org.br\/\" target=\"_blank\" rel=\"noreferrer noopener\">CONFEA &#8211; Conselho Federal de Engenharia, Arquitetura e Agronomia<\/a><\/p>\n\n\n\n<p>\u27a1\ufe0f <a href=\"http:\/\/www.creapb.org.br\/\" target=\"_blank\" rel=\"noreferrer noopener\">CREA-PB &#8211; Conselho Regional de Engenharia, Arquitetura e Agronomia da Para\u00edba<\/a><\/p>\n\n\n\n<p>\u27a1\ufe0f <a href=\"http:\/\/www.cnpq.br\/\" target=\"_blank\" rel=\"noreferrer noopener\">CNPq &#8211; Conselho Nacional de Desenvolvimento Cient\u00edfico e Tecnol\u00f3gico<\/a><\/p>\n\n\n\n<p>\u27a1\ufe0f <a href=\"http:\/\/www.capes.gov.br\/\" target=\"_blank\" rel=\"noreferrer noopener\">CAPES &#8211; Coordena\u00e7\u00e3o de Aperfei\u00e7oamento de Pessoal de N\u00edvel Superior<\/a><\/p>\n\n\n\n<p>\u27a1\ufe0f <a href=\"http:\/\/www.assistiva.com.br\/\" target=\"_blank\" rel=\"noreferrer noopener\">ASSISTIVA &#8211; TECNOLOGIA E EDUCA\u00c7\u00c3O<\/a><\/p>\n","protected":false},"excerpt":{"rendered":"<p>\u27a1\ufe0f Universidade Federal da Para\u00edba \u27a1\ufe0f Centro de Tecnologia &#8211; UFPB \u27a1\ufe0f Programa de P\u00f3s-Gradua\u00e7\u00e3o [&hellip;]<\/p>\n","protected":false},"author":285,"featured_media":0,"parent":0,"menu_order":0,"comment_status":"closed","ping_status":"closed","template":"","meta":{"footnotes":""},"class_list":["post-103","page","type-page","status-publish","hentry"],"_links":{"self":[{"href":"https:\/\/www.ct.ufpb.br\/cgep\/wp-json\/wp\/v2\/pages\/103","targetHints":{"allow":["GET"]}}],"collection":[{"href":"https:\/\/www.ct.ufpb.br\/cgep\/wp-json\/wp\/v2\/pages"}],"about":[{"href":"https:\/\/www.ct.ufpb.br\/cgep\/wp-json\/wp\/v2\/types\/page"}],"author":[{"embeddable":true,"href":"https:\/\/www.ct.ufpb.br\/cgep\/wp-json\/wp\/v2\/users\/285"}],"replies":[{"embeddable":true,"href":"https:\/\/www.ct.ufpb.br\/cgep\/wp-json\/wp\/v2\/comments?post=103"}],"version-history":[{"count":1,"href":"https:\/\/www.ct.ufpb.br\/cgep\/wp-json\/wp\/v2\/pages\/103\/revisions"}],"predecessor-version":[{"id":104,"href":"https:\/\/www.ct.ufpb.br\/cgep\/wp-json\/wp\/v2\/pages\/103\/revisions\/104"}],"wp:attachment":[{"href":"https:\/\/www.ct.ufpb.br\/cgep\/wp-json\/wp\/v2\/media?parent=103"}],"curies":[{"name":"wp","href":"https:\/\/api.w.org\/{rel}","templated":true}]}}