{"id":27,"date":"2025-09-29T10:20:24","date_gmt":"2025-09-29T13:20:24","guid":{"rendered":"https:\/\/www.ct.ufpb.br\/ccau\/?page_id=14"},"modified":"2026-03-17T16:11:21","modified_gmt":"2026-03-17T19:11:21","slug":"apresentacao","status":"publish","type":"page","link":"https:\/\/www.ct.ufpb.br\/cgemat\/apresentacao\/","title":{"rendered":"Apresenta\u00e7\u00e3o"},"content":{"rendered":"\n<p class=\" \">O Engenheiro de Materiais atua na&nbsp;pesquisa de materiais&nbsp;e de&nbsp;novos usos&nbsp;industriais para os materiais j\u00e1 existentes. O profissional atua na gest\u00e3o, supervis\u00e3o e orienta\u00e7\u00e3o t\u00e9cnica de projetos e processos de produ\u00e7\u00e3o, transforma\u00e7\u00e3o e uso de&nbsp;materiais.&nbsp;O engenheiro de materiais pesquisa e cria materiais, como resinas, pl\u00e1sticos, cer\u00e2micas e ligas met\u00e1licas.&nbsp;Aperfei\u00e7oa suas propriedades&nbsp;e estabelece novas combina\u00e7\u00f5es, que resultam em produtos in\u00e9ditos. Ele tamb\u00e9m estuda alternativas de aplica\u00e7\u00e3o de materiais j\u00e1 conhecidos em diversos tipos de produto. \u00c9 o respons\u00e1vel por todo o processo, da sele\u00e7\u00e3o da mat\u00e9ria prima e defini\u00e7\u00e3o dos m\u00e9todos de produ\u00e7\u00e3o ao emprego do material. Tamb\u00e9m pode atuar como aut\u00f4nomo, sendo um engenheiro independente, consultor, empres\u00e1rio ou perito. No ensino, pode atuar como professor e pesquisador de institui\u00e7\u00f5es p\u00fablicas e privadas. O engenheiro de materiais tamb\u00e9m pode atuar em diversos \u00f3rg\u00e3os p\u00fablicos e privados, como Petrobr\u00e1s, Vale,&nbsp;Centro Nacional de Tecnologia Eletr\u00f4nica Avan\u00e7ada, Companhia de Pesquisa de Recursos Minerais, Empresa Brasileira de Pesquisa Agropecu\u00e1ria, Empresa de Pesquisa Energ\u00e9tica, Ind\u00fastria de Material B\u00e9lico do Brasil, Financiadora de Estudos e Projetos, entre outras.<\/p>\n\n\n\n<p><strong>COM A SOLICITA\u00c7\u00c3O REMOTA FICA F\u00c1CIL FAZER SUAS SOLICITA\u00c7\u00d5ES \u00c0 COORDENA\u00c7\u00c3O DO CURSO DE ENGENHARIA MATERIAIS (<a href=\"http:\/\/atendimento.ct.ufpb.br\/index.php?a=add&amp;catid=24\" rel=\"noreferrer noopener\" target=\"_blank\">CGEMAT<\/a>) E ANEXAR OS DOCUMENTOS, NA HORA QUE QUISER E NO LOCAL QUE ESTIVER<\/strong>.&nbsp;<\/p>\n\n\n\n<p class=\"has-text-align-center\"><strong>CGEMAT online<\/strong>&nbsp;<a href=\"http:\/\/atendimento.ct.ufpb.br\/index.php?a=add&amp;catid=24\" rel=\"noreferrer noopener\" target=\"_blank\"><strong>CLIQUE AQUI<\/strong><\/a><\/p>\n\n\n\n<h2 class=\"wp-block-heading\"><div class=\"linha-header\">T\u00edtulo do Profissional:<\/div><\/h2>\n\n\n\n<p>ENGENHEIRO DE MATERIAIS<\/p>\n\n\n\n<h2 class=\"wp-block-heading\"><div class=\"linha-header\">P\u00e1gina de atendimento:<\/div><\/h2>\n\n\n\n<p><a href=\"http:\/\/atendimento.ct.ufpb.br\/index.php?a=add&amp;catid=24\" target=\"_blank\" rel=\"noreferrer noopener\">http:\/\/atendimento.ct.ufpb.br\/index.php?a=add&amp;catid=24<\/a><\/p>\n\n\n\n<h2 class=\"wp-block-heading\"><div class=\"linha-header\"><strong>Coordena\u00e7\u00e3o do Curso :&nbsp;<\/strong><\/div><\/h2>\n\n\n\n<p><a href=\"https:\/\/sigaa.ufpb.br\/sigaa\/public\/docente\/portal.jsf?siape=1321285\" target=\"_blank\" rel=\"noreferrer noopener\">TIBERIO ANDRADE DOS PASSOS<\/a><br><strong>E-mail:&nbsp;<\/strong>cgemat@ct.ufpb.br<\/p>\n\n\n\n<h2 class=\"wp-block-heading\"><div class=\"linha-header\"><strong>Vice-Coordena\u00e7\u00e3o do Curso :&nbsp;<\/strong><\/div><\/h2>\n\n\n\n<p><a href=\"https:\/\/sigaa.ufpb.br\/sigaa\/public\/departamento\/professores.jsf?id=1575\" target=\"_blank\" rel=\"noreferrer noopener\">AMELIA SEVERINO FERREIRA E SANTOS<\/a><\/p>\n\n\n\n<hr class=\"wp-block-separator has-alpha-channel-opacity\"\/>\n\n\n\n<p><\/p>\n\n\n\n<p><strong>Site alternativo<\/strong>: <a href=\"https:\/\/sigaa.ufpb.br\/sigaa\/public\/curso\/portal.jsf?lc=pt_BR&amp;id=1626809\" target=\"_blank\" rel=\"noreferrer noopener\">Site do curso no SIGAA<\/a><\/p>\n\n\n\n<p><strong>\u00c1rea de Conhecimento CNPQ:<\/strong> Engenharias<\/p>\n\n\n\n<p><strong>Modalidade de Curso:<\/strong> Presencial<\/p>\n\n\n\n<p><\/p>\n","protected":false},"excerpt":{"rendered":"<p>O Engenheiro de Materiais atua na&nbsp;pesquisa de materiais&nbsp;e de&nbsp;novos usos&nbsp;industriais para os materiais j\u00e1 existentes. [&hellip;]<\/p>\n","protected":false},"author":63,"featured_media":0,"parent":0,"menu_order":0,"comment_status":"closed","ping_status":"closed","template":"","meta":{"footnotes":""},"class_list":["post-27","page","type-page","status-publish","hentry"],"_links":{"self":[{"href":"https:\/\/www.ct.ufpb.br\/cgemat\/wp-json\/wp\/v2\/pages\/27","targetHints":{"allow":["GET"]}}],"collection":[{"href":"https:\/\/www.ct.ufpb.br\/cgemat\/wp-json\/wp\/v2\/pages"}],"about":[{"href":"https:\/\/www.ct.ufpb.br\/cgemat\/wp-json\/wp\/v2\/types\/page"}],"author":[{"embeddable":true,"href":"https:\/\/www.ct.ufpb.br\/cgemat\/wp-json\/wp\/v2\/users\/63"}],"replies":[{"embeddable":true,"href":"https:\/\/www.ct.ufpb.br\/cgemat\/wp-json\/wp\/v2\/comments?post=27"}],"version-history":[{"count":6,"href":"https:\/\/www.ct.ufpb.br\/cgemat\/wp-json\/wp\/v2\/pages\/27\/revisions"}],"predecessor-version":[{"id":99,"href":"https:\/\/www.ct.ufpb.br\/cgemat\/wp-json\/wp\/v2\/pages\/27\/revisions\/99"}],"wp:attachment":[{"href":"https:\/\/www.ct.ufpb.br\/cgemat\/wp-json\/wp\/v2\/media?parent=27"}],"curies":[{"name":"wp","href":"https:\/\/api.w.org\/{rel}","templated":true}]}}