{"id":122,"date":"2026-03-17T16:24:41","date_gmt":"2026-03-17T19:24:41","guid":{"rendered":"https:\/\/www.ct.ufpb.br\/cgemat\/?page_id=122"},"modified":"2026-03-17T16:24:41","modified_gmt":"2026-03-17T19:24:41","slug":"estagio-supervisionado","status":"publish","type":"page","link":"https:\/\/www.ct.ufpb.br\/cgemat\/estagio-supervisionado\/","title":{"rendered":"Est\u00e1gio Supervisionado"},"content":{"rendered":"\n<p>Resolu\u00e7\u00e3o 01\/2019 &#8211;<a href=\"http:\/\/plone.ufpb.br\/cgemat\/contents\/documentos\/estagio\/resolucao-estagio-supervisionado-ii-01_2019.pdf\">&nbsp;Est\u00e1gio Supervisionado II<\/a><\/p>\n\n\n\n<p><a href=\"http:\/\/plone.ufpb.br\/cgemat\/contents\/documentos\/declaracao-orientador-projeto-de-pesquisa-ou-extensao-estagio-supervisionado-ii-docx.pdf\">Declara\u00e7\u00e3o orientador<\/a><a href=\"http:\/\/plone.ufpb.br\/cgemat\/contents\/menu\/resolveuid\/e4ba4e04b04845238bbde0a33a813cf3\">&nbsp;<\/a>&#8211; Aproveitamento de projeto de pesquisa ou extens\u00e3o como Est\u00e1gio<\/p>\n\n\n\n<p><a href=\"http:\/\/plone.ufpb.br\/cgemat\/contents\/documentos\/estagio\/estagio-aproveitamento-de-experiencia-profissional-dispensa-atividade-de-estagio-supervisionado-ii.doc\">REQUERIMENTO<\/a>&nbsp;DE APROVEITAMENTO DE EXPERI\u00caNCIA PROFISSIONAL DISPENSA DE ATIVIDADE DE EST\u00c1GIO SUPERVISIONADO II<\/p>\n\n\n\n<p><a href=\"http:\/\/plone.ufpb.br\/cgemat\/contents\/documentos\/estagio\/estagio-requerimento-de-matricula-em-estagio-obrigatorio.doc\">Requerimento<\/a>&nbsp;de matr\u00edcula em est\u00e1gio obrigat\u00f3rio<\/p>\n\n\n\n<p><a href=\"http:\/\/plone.ufpb.br\/cgemat\/contents\/documentos\/estagio\/estagio-aproveitamento-de-estagio-nao-obrigatorio-para-estagio-obrigatorio.doc\">Requerimento<\/a>&nbsp;de Aproveitamento de est\u00e1gio n\u00e3o-obrigat\u00f3rio para est\u00e1gio obrigat\u00f3rio<\/p>\n\n\n\n<p><a href=\"http:\/\/plone.ufpb.br\/cgemat\/contents\/documentos\/estagio\/estagio-carta-de-aceite-de-orientacao.doc\">Carta<\/a>&nbsp;de aceite de orienta\u00e7\u00e3o est\u00e1gio supervisionado<\/p>\n","protected":false},"excerpt":{"rendered":"<p>Resolu\u00e7\u00e3o 01\/2019 &#8211;&nbsp;Est\u00e1gio Supervisionado II Declara\u00e7\u00e3o orientador&nbsp;&#8211; Aproveitamento de projeto de pesquisa ou extens\u00e3o como [&hellip;]<\/p>\n","protected":false},"author":285,"featured_media":0,"parent":0,"menu_order":0,"comment_status":"closed","ping_status":"closed","template":"","meta":{"footnotes":""},"class_list":["post-122","page","type-page","status-publish","hentry"],"_links":{"self":[{"href":"https:\/\/www.ct.ufpb.br\/cgemat\/wp-json\/wp\/v2\/pages\/122","targetHints":{"allow":["GET"]}}],"collection":[{"href":"https:\/\/www.ct.ufpb.br\/cgemat\/wp-json\/wp\/v2\/pages"}],"about":[{"href":"https:\/\/www.ct.ufpb.br\/cgemat\/wp-json\/wp\/v2\/types\/page"}],"author":[{"embeddable":true,"href":"https:\/\/www.ct.ufpb.br\/cgemat\/wp-json\/wp\/v2\/users\/285"}],"replies":[{"embeddable":true,"href":"https:\/\/www.ct.ufpb.br\/cgemat\/wp-json\/wp\/v2\/comments?post=122"}],"version-history":[{"count":1,"href":"https:\/\/www.ct.ufpb.br\/cgemat\/wp-json\/wp\/v2\/pages\/122\/revisions"}],"predecessor-version":[{"id":123,"href":"https:\/\/www.ct.ufpb.br\/cgemat\/wp-json\/wp\/v2\/pages\/122\/revisions\/123"}],"wp:attachment":[{"href":"https:\/\/www.ct.ufpb.br\/cgemat\/wp-json\/wp\/v2\/media?parent=122"}],"curies":[{"name":"wp","href":"https:\/\/api.w.org\/{rel}","templated":true}]}}