{"id":16,"date":"2025-09-29T10:20:24","date_gmt":"2025-09-29T13:20:24","guid":{"rendered":"https:\/\/www.ct.ufpb.br\/ccau\/?page_id=14"},"modified":"2026-03-23T16:48:30","modified_gmt":"2026-03-23T19:48:30","slug":"apresentacao","status":"publish","type":"page","link":"https:\/\/www.ct.ufpb.br\/cgcqi\/apresentacao\/","title":{"rendered":"Apresenta\u00e7\u00e3o"},"content":{"rendered":"\n<h2 class=\"wp-block-heading\"><div class=\"linha-header\">Hist\u00f3rico do Curso de Qu\u00edmica Industrial<\/div><\/h2>\n\n\n\n<p>O curso de Qu\u00edmica Industrial do CT\/UFPB foi criado em 10\/06\/1975, sendo reconhecido em 30\/111\/1978, atrav\u00e9s do Decreto Presidencial n\u00ba. 82.777\/78. Em 2012, uma nova matriz curricular entrou em vigor.<\/p>\n\n\n\n<p>O curso de Qu\u00edmica Industrial do CT\/UFPB, em seu hist\u00f3rico, tem desempenhado papel importante no que concerne ao seu car\u00e1ter formativo, tendo formado, ao longo dos \u00faltimos anos, in\u00fameros profissionais que se acham no mercado de trabalho, n\u00e3o s\u00f3 da Para\u00edba, mas tamb\u00e9m em praticamente todas as regi\u00f5es do pa\u00eds.<\/p>\n\n\n\n<h2 class=\"wp-block-heading\"><div class=\"linha-header\">Objetivos do Curso de Qu\u00edmica Industrial<\/div><\/h2>\n\n\n\n<p>O objeto de estudo do curso de Qu\u00edmica Industrial \u00e9 operacionalizar e desenvolver t\u00e9cnicas de beneficiamento e de transforma\u00e7\u00e3o das mat\u00e9rias-prima em produtos industrializados, realizar o controle de qualidade do processo produtivo e dos produtos acabados, garantir a padroniza\u00e7\u00e3o da qualidade da cadeia produtiva dentro da ind\u00fastria qu\u00edmica e promover a inova\u00e7\u00e3o e o desenvolvimento de pesquisas para obten\u00e7\u00e3o de novas tecnologias de cria\u00e7\u00e3o de novos produtos para a sociedade.<\/p>\n\n\n\n<p>O curso de Qu\u00edmica Industrial tem como objetivo formar profissional especializado de n\u00edvel superior para atuar nas \u00e1reas de ci\u00eancia e tecnologia qu\u00edmica, visando suprir as necessidades das empresas da \u00e1rea qu\u00edmica, principalmente, as ind\u00fastrias regionais e institui\u00e7\u00f5es p\u00fablicas que t\u00eam atividades qu\u00edmicas. Al\u00e9m da forma\u00e7\u00e3o t\u00e9cnica, o curso deve formar o cidad\u00e3o para atuar responsavelmente com consci\u00eancia de seu papel social, dos seus direitos e deveres para exercer sua profiss\u00e3o dentro dos princ\u00edpios \u00e9ticos e humanit\u00e1rios, e voltados para a preserva\u00e7\u00e3o do meio ambiente (Qu\u00edmica Ambiental).<\/p>\n\n\n\n<h2 class=\"wp-block-heading\"><div class=\"linha-header\">\u00c1reas de Atua\u00e7\u00e3o Profissional<\/div><\/h2>\n\n\n\n<p>O qu\u00edmico industrial tem como campo de atua\u00e7\u00e3o as ind\u00fastrias qu\u00edmicas a exemplo de: petroqu\u00edmica, sucroalcooleiras, saneantes e cosm\u00e9ticos, tintas e corantes, cimento e outras, os \u00f3rg\u00e3os e empresas p\u00fablicas ou privadas que fazem presta\u00e7\u00e3o de servi\u00e7os na \u00e1rea qu\u00edmica \u00e0 sociedade, tais como: as companhias ou servi\u00e7os que trabalham na \u00e1rea de tratamento de \u00e1gua, saneamento b\u00e1sico, ou \u00f3rg\u00e3os que cuidam da prote\u00e7\u00e3o e preserva\u00e7\u00e3o do meio ambiente e outras institui\u00e7\u00f5es que trabalham nas \u00e1reas de pesquisas ou estudos tecnol\u00f3gicos no campo da qu\u00edmica.<\/p>\n\n\n\n<h2 class=\"wp-block-heading\"><div class=\"linha-header\">Atribui\u00e7\u00f5es do Qu\u00edmico Industrial<\/div><\/h2>\n\n\n\n<p>O qu\u00edmico industrial atua no processo de fabrica\u00e7\u00e3o de produtos qu\u00edmicos, quer seja diretamente e\/ou de uso indireto na produ\u00e7\u00e3o de outros produtos industriais, faz estudos, ensaios, an\u00e1lises de subst\u00e2ncias puras, mat\u00e9rias-primas e produtos acabados oriundos das ind\u00fastrias, \u00e9 o respons\u00e1vel pela elabora\u00e7\u00e3o do manual de boas pr\u00e1ticas de fabrica\u00e7\u00e3o e controle do processo produtivo, atua na gest\u00e3o da qualidade de processos industriais, tem compet\u00eancia para atuar no desenvolvimento de produtos, tais como: pl\u00e1sticos, metais, min\u00e9rios, borrachas, fibras, corantes, papel, cimento, \u00e1lcool, a\u00e7\u00facar, bebidas em geral, fertilizantes e outros produtos de uso geral da sociedade. Al\u00e9m disto, o qu\u00edmico industrial tem compet\u00eancia de supervisionar e administrar laborat\u00f3rios, emitir laudos t\u00e9cnicos de an\u00e1lises e laudos periciais sobre produtos ou servi\u00e7os da \u00e1rea qu\u00edmica, como tamb\u00e9m, apoiar trabalhos de pesquisa fundamental e aplicada dentro do segmento da qu\u00edmica.<\/p>\n\n\n\n<h2 class=\"wp-block-heading\"><div class=\"linha-header\">Dura\u00e7\u00e3o do Curso<\/div><\/h2>\n\n\n\n<p>M\u00ednimo: 4 anos \/ 8 semestres<\/p>\n\n\n\n<p>M\u00e1ximo: 6 anos \/ 12 semestres<\/p>\n","protected":false},"excerpt":{"rendered":"<p>Hist\u00f3rico do Curso de Qu\u00edmica Industrial O curso de Qu\u00edmica Industrial do CT\/UFPB foi criado [&hellip;]<\/p>\n","protected":false},"author":63,"featured_media":0,"parent":0,"menu_order":0,"comment_status":"closed","ping_status":"closed","template":"","meta":{"footnotes":""},"class_list":["post-16","page","type-page","status-publish","hentry"],"_links":{"self":[{"href":"https:\/\/www.ct.ufpb.br\/cgcqi\/wp-json\/wp\/v2\/pages\/16","targetHints":{"allow":["GET"]}}],"collection":[{"href":"https:\/\/www.ct.ufpb.br\/cgcqi\/wp-json\/wp\/v2\/pages"}],"about":[{"href":"https:\/\/www.ct.ufpb.br\/cgcqi\/wp-json\/wp\/v2\/types\/page"}],"author":[{"embeddable":true,"href":"https:\/\/www.ct.ufpb.br\/cgcqi\/wp-json\/wp\/v2\/users\/63"}],"replies":[{"embeddable":true,"href":"https:\/\/www.ct.ufpb.br\/cgcqi\/wp-json\/wp\/v2\/comments?post=16"}],"version-history":[{"count":2,"href":"https:\/\/www.ct.ufpb.br\/cgcqi\/wp-json\/wp\/v2\/pages\/16\/revisions"}],"predecessor-version":[{"id":92,"href":"https:\/\/www.ct.ufpb.br\/cgcqi\/wp-json\/wp\/v2\/pages\/16\/revisions\/92"}],"wp:attachment":[{"href":"https:\/\/www.ct.ufpb.br\/cgcqi\/wp-json\/wp\/v2\/media?parent=16"}],"curies":[{"name":"wp","href":"https:\/\/api.w.org\/{rel}","templated":true}]}}