{"id":37,"date":"2025-09-29T10:29:26","date_gmt":"2025-09-29T13:29:26","guid":{"rendered":"https:\/\/www.ct.ufpb.br\/ccau\/?page_id=37"},"modified":"2026-03-23T16:10:25","modified_gmt":"2026-03-23T19:10:25","slug":"corpo-docente","status":"publish","type":"page","link":"https:\/\/www.ct.ufpb.br\/cgceq\/corpo-docente\/","title":{"rendered":"Corpo Docente"},"content":{"rendered":"\n<p>Docentes do Curso de Gradua\u00e7\u00e3o em Engenharia Qu\u00edmica.<\/p>\n\n\n\n<p><a href=\"http:\/\/buscatextual.cnpq.br\/buscatextual\/visualizacv.do?id=K4768732T8\" target=\"_blank\" rel=\"noreferrer noopener\">ANDREA LOPES DE OLIVEIRA FERREIRA<\/a><\/p>\n\n\n\n<p><a href=\"http:\/\/buscatextual.cnpq.br\/buscatextual\/visualizacv.do?id=K4711775U6\" target=\"_blank\" rel=\"noreferrer noopener\">ARIOSTON ARA\u00daJO DE MORAIS J\u00daNIOR<\/a><\/p>\n\n\n\n<p><a href=\"http:\/\/buscatextual.cnpq.br\/buscatextual\/visualizacv.do?id=K4769373Z5\" target=\"_blank\" rel=\"noreferrer noopener\">FAB\u00cdOLA DIAS DA SILVA CURBELO<\/a><\/p>\n\n\n\n<p><a href=\"http:\/\/buscatextual.cnpq.br\/buscatextual\/visualizacv.do?id=K4721114H1\" target=\"_blank\" rel=\"noreferrer noopener\">FL\u00c1VIO LUIZ HONORATO DA SILVA<\/a><\/p>\n\n\n\n<p><a href=\"http:\/\/buscatextual.cnpq.br\/buscatextual\/visualizacv.do?id=K4745536T2\" target=\"_blank\" rel=\"noreferrer noopener\">GENARO ZENAIDE CLERICUZI<\/a><\/p>\n\n\n\n<p><a href=\"http:\/\/buscatextual.cnpq.br\/buscatextual\/visualizacv.do?id=K4796676J1\" target=\"_blank\" rel=\"noreferrer noopener\">JOSILENE DE ASSIS CAVALCANTE<\/a><\/p>\n\n\n\n<p><a href=\"http:\/\/buscatextual.cnpq.br\/buscatextual\/visualizacv.do?id=K4766897E7\" target=\"_blank\" rel=\"noreferrer noopener\">KARLA SILVANA MENEZES GADELHA DE SOUSA<\/a><\/p>\n\n\n\n<p><a href=\"http:\/\/buscatextual.cnpq.br\/buscatextual\/visualizacv.do?id=K4707982E9\" target=\"_blank\" rel=\"noreferrer noopener\">LEOPOLDO OSWALDO ALCAZAR ROJAS<\/a><\/p>\n\n\n\n<p><a href=\"http:\/\/buscatextual.cnpq.br\/buscatextual\/visualizacv.do?id=K4728256Y0\" target=\"_blank\" rel=\"noreferrer noopener\">NAGEL ALVES COSTA<\/a><\/p>\n\n\n\n<p><a href=\"http:\/\/buscatextual.cnpq.br\/buscatextual\/visualizacv.do?id=K4768572J5\" target=\"_blank\" rel=\"noreferrer noopener\">SHARLINE FLORENTINO DE MELO SANTOS<\/a><\/p>\n\n\n\n<p><a href=\"http:\/\/buscatextual.cnpq.br\/buscatextual\/visualizacv.do?id=K4763463A4\" target=\"_blank\" rel=\"noreferrer noopener\">VERUSCKA ARA\u00daJO SILVA<\/a><\/p>\n\n\n\n<p><a href=\"http:\/\/buscatextual.cnpq.br\/buscatextual\/visualizacv.do?id=K4707890Y6\" target=\"_blank\" rel=\"noreferrer noopener\">VIVIAN STUMPF MADEIRA<\/a><\/p>\n","protected":false},"excerpt":{"rendered":"<p>Docentes do Curso de Gradua\u00e7\u00e3o em Engenharia Qu\u00edmica. ANDREA LOPES DE OLIVEIRA FERREIRA ARIOSTON ARA\u00daJO [&hellip;]<\/p>\n","protected":false},"author":63,"featured_media":0,"parent":0,"menu_order":0,"comment_status":"closed","ping_status":"closed","template":"","meta":{"footnotes":""},"class_list":["post-37","page","type-page","status-publish","hentry"],"_links":{"self":[{"href":"https:\/\/www.ct.ufpb.br\/cgceq\/wp-json\/wp\/v2\/pages\/37","targetHints":{"allow":["GET"]}}],"collection":[{"href":"https:\/\/www.ct.ufpb.br\/cgceq\/wp-json\/wp\/v2\/pages"}],"about":[{"href":"https:\/\/www.ct.ufpb.br\/cgceq\/wp-json\/wp\/v2\/types\/page"}],"author":[{"embeddable":true,"href":"https:\/\/www.ct.ufpb.br\/cgceq\/wp-json\/wp\/v2\/users\/63"}],"replies":[{"embeddable":true,"href":"https:\/\/www.ct.ufpb.br\/cgceq\/wp-json\/wp\/v2\/comments?post=37"}],"version-history":[{"count":1,"href":"https:\/\/www.ct.ufpb.br\/cgceq\/wp-json\/wp\/v2\/pages\/37\/revisions"}],"predecessor-version":[{"id":107,"href":"https:\/\/www.ct.ufpb.br\/cgceq\/wp-json\/wp\/v2\/pages\/37\/revisions\/107"}],"wp:attachment":[{"href":"https:\/\/www.ct.ufpb.br\/cgceq\/wp-json\/wp\/v2\/media?parent=37"}],"curies":[{"name":"wp","href":"https:\/\/api.w.org\/{rel}","templated":true}]}}