{"id":31,"date":"2025-09-29T10:28:38","date_gmt":"2025-09-29T13:28:38","guid":{"rendered":"https:\/\/www.ct.ufpb.br\/ccau\/?page_id=31"},"modified":"2026-03-23T16:06:59","modified_gmt":"2026-03-23T19:06:59","slug":"laboratorios","status":"publish","type":"page","link":"https:\/\/www.ct.ufpb.br\/cgceq\/laboratorios\/","title":{"rendered":"Laborat\u00f3rios"},"content":{"rendered":"\n<p><strong>Laborat\u00f3rios do Departamento de Engenharia Qu\u00edmica \u2013 DEQ<\/strong><\/p>\n\n\n\n<ul class=\"wp-block-list\">\n<li><a href=\"http:\/\/www.ct.ufpb.br\/ct\/lpfd\" target=\"_blank\" rel=\"noreferrer noopener\">Laborat\u00f3rio de An\u00e1lises e Pesquisas de Bebidas Alco\u00f3licas<\/a>\u00a0(LBA)<\/li>\n\n\n\n<li>Laborat\u00f3rio de Bioengenharia<\/li>\n\n\n\n<li>Laborat\u00f3rio de Fen\u00f4menos de Transporte<\/li>\n\n\n\n<li>Laborat\u00f3rio de Opera\u00e7\u00f5es Unit\u00e1rias<\/li>\n\n\n\n<li>Laborat\u00f3rio de Petr\u00f3leo<\/li>\n\n\n\n<li>Laborat\u00f3rio de Produtos Fermento Destilados (LPFD)<\/li>\n\n\n\n<li>Laborat\u00f3rio de Reatores Qu\u00edmicos<\/li>\n\n\n\n<li>Laborat\u00f3rio de Termodin\u00e2mica<\/li>\n\n\n\n<li>Laborat\u00f3rio Piloto de Qu\u00edmica Industrial (LAPQ) (An\u00e1lise e Produ\u00e7\u00e3o de Saneantes)<\/li>\n<\/ul>\n","protected":false},"excerpt":{"rendered":"<p>Laborat\u00f3rios do Departamento de Engenharia Qu\u00edmica \u2013 DEQ<\/p>\n","protected":false},"author":63,"featured_media":0,"parent":0,"menu_order":0,"comment_status":"closed","ping_status":"closed","template":"","meta":{"footnotes":""},"class_list":["post-31","page","type-page","status-publish","hentry"],"_links":{"self":[{"href":"https:\/\/www.ct.ufpb.br\/cgceq\/wp-json\/wp\/v2\/pages\/31","targetHints":{"allow":["GET"]}}],"collection":[{"href":"https:\/\/www.ct.ufpb.br\/cgceq\/wp-json\/wp\/v2\/pages"}],"about":[{"href":"https:\/\/www.ct.ufpb.br\/cgceq\/wp-json\/wp\/v2\/types\/page"}],"author":[{"embeddable":true,"href":"https:\/\/www.ct.ufpb.br\/cgceq\/wp-json\/wp\/v2\/users\/63"}],"replies":[{"embeddable":true,"href":"https:\/\/www.ct.ufpb.br\/cgceq\/wp-json\/wp\/v2\/comments?post=31"}],"version-history":[{"count":1,"href":"https:\/\/www.ct.ufpb.br\/cgceq\/wp-json\/wp\/v2\/pages\/31\/revisions"}],"predecessor-version":[{"id":101,"href":"https:\/\/www.ct.ufpb.br\/cgceq\/wp-json\/wp\/v2\/pages\/31\/revisions\/101"}],"wp:attachment":[{"href":"https:\/\/www.ct.ufpb.br\/cgceq\/wp-json\/wp\/v2\/media?parent=31"}],"curies":[{"name":"wp","href":"https:\/\/api.w.org\/{rel}","templated":true}]}}