{"id":27,"date":"2025-09-29T10:28:14","date_gmt":"2025-09-29T13:28:14","guid":{"rendered":"https:\/\/www.ct.ufpb.br\/ccau\/?page_id=27"},"modified":"2026-03-23T16:07:26","modified_gmt":"2026-03-23T19:07:26","slug":"normativas","status":"publish","type":"page","link":"https:\/\/www.ct.ufpb.br\/cgceq\/normativas\/","title":{"rendered":"Normativas"},"content":{"rendered":"\n<p><a href=\"http:\/\/plone.ufpb.br\/cceq\/contents\/documentos\/resolucaointerna_conteudoscomplementaresflexiveis_eq.pdf\" target=\"_blank\" rel=\"noreferrer noopener\">Resolu\u00e7\u00e3o Conte\u00fados Complementares Flex\u00edveis<\/a>&nbsp;\ud83c\udd95<\/p>\n\n\n\n<p><a href=\"http:\/\/plone.ufpb.br\/cceq\/contents\/documentos\/novo_fluxo_de_relatrio_final-1.pdf\" target=\"_blank\" rel=\"noreferrer noopener\">Tutorial &#8211; Relat\u00f3rio Final de Est\u00e1gio<\/a><\/p>\n\n\n\n<p><a href=\"http:\/\/plone.ufpb.br\/cceq\/contents\/documentos\/resolucao-interna_tfc-cceq-no-01-2023.pdf\">Resolu\u00e7\u00e3o Interna TFC 2023<\/a>&nbsp;<\/p>\n\n\n\n<p><a href=\"http:\/\/plone.ufpb.br\/cceq\/contents\/documentos\/resolucaointerna_estagiosupervisionadocurricular-assinada.pdf\">Resolu\u00e7\u00e3o Interna Est\u00e1gio Supervisonado 2023<\/a>&nbsp;<\/p>\n\n\n\n<p><a href=\"http:\/\/plone.ufpb.br\/cceq\/contents\/documentos\/resolucao-geral-da-graduacao-29-2020-consepe.pdf\">Resolu\u00e7\u00e3o Geral da Gradua\u00e7\u00e3o 29 2020 CONSEPE<\/a><\/p>\n\n\n\n<p><a href=\"http:\/\/plone.ufpb.br\/cceq\/contents\/documentos\/rsep26_2008.pdf\">Resolu\u00e7\u00e3o 26\/2008<\/a><\/p>\n\n\n\n<p><a href=\"http:\/\/plone.ufpb.br\/cceq\/contents\/documentos\/rsep27_2008-4.pdf\">Resolu\u00e7\u00e3o 27\/2008<\/a><\/p>\n\n\n\n<p><a href=\"http:\/\/plone.ufpb.br\/cceq\/contents\/documentos\/ilovepdf_merged.pdf\">Di\u00e1rio Oficial da Uni\u00e3o &#8211; Reconhecimento do Curso<\/a><\/p>\n","protected":false},"excerpt":{"rendered":"<p>Resolu\u00e7\u00e3o Conte\u00fados Complementares Flex\u00edveis&nbsp;\ud83c\udd95 Tutorial &#8211; Relat\u00f3rio Final de Est\u00e1gio Resolu\u00e7\u00e3o Interna TFC 2023&nbsp; Resolu\u00e7\u00e3o [&hellip;]<\/p>\n","protected":false},"author":63,"featured_media":0,"parent":0,"menu_order":0,"comment_status":"closed","ping_status":"closed","template":"","meta":{"footnotes":""},"class_list":["post-27","page","type-page","status-publish","hentry"],"_links":{"self":[{"href":"https:\/\/www.ct.ufpb.br\/cgceq\/wp-json\/wp\/v2\/pages\/27","targetHints":{"allow":["GET"]}}],"collection":[{"href":"https:\/\/www.ct.ufpb.br\/cgceq\/wp-json\/wp\/v2\/pages"}],"about":[{"href":"https:\/\/www.ct.ufpb.br\/cgceq\/wp-json\/wp\/v2\/types\/page"}],"author":[{"embeddable":true,"href":"https:\/\/www.ct.ufpb.br\/cgceq\/wp-json\/wp\/v2\/users\/63"}],"replies":[{"embeddable":true,"href":"https:\/\/www.ct.ufpb.br\/cgceq\/wp-json\/wp\/v2\/comments?post=27"}],"version-history":[{"count":1,"href":"https:\/\/www.ct.ufpb.br\/cgceq\/wp-json\/wp\/v2\/pages\/27\/revisions"}],"predecessor-version":[{"id":102,"href":"https:\/\/www.ct.ufpb.br\/cgceq\/wp-json\/wp\/v2\/pages\/27\/revisions\/102"}],"wp:attachment":[{"href":"https:\/\/www.ct.ufpb.br\/cgceq\/wp-json\/wp\/v2\/media?parent=27"}],"curies":[{"name":"wp","href":"https:\/\/api.w.org\/{rel}","templated":true}]}}