{"id":16,"date":"2025-09-29T10:20:24","date_gmt":"2025-09-29T13:20:24","guid":{"rendered":"https:\/\/www.ct.ufpb.br\/ccau\/?page_id=14"},"modified":"2026-03-23T15:57:23","modified_gmt":"2026-03-23T18:57:23","slug":"apresentacao","status":"publish","type":"page","link":"https:\/\/www.ct.ufpb.br\/cgceq\/apresentacao\/","title":{"rendered":"Apresenta\u00e7\u00e3o"},"content":{"rendered":"\n<p>O Governo Federal, atrav\u00e9s do Decreto n\u00ba 6.096, de 24.04.2007, criou o Programa de Apoio a Planos de Reestrutura\u00e7\u00e3o e Expans\u00e3o das Universidades Federais (REUNI). O curso de Engenharia Qu\u00edmica foi criado, dentro do REUNI, pela Resolu\u00e7\u00e3o n\u00ba 26\/2008 do Conselho de Ensino, Pesquisa e Extens\u00e3o (CONSEPE) da UFPB e seu Projeto Pol\u00edtico- Pedag\u00f3gico foi aprovado pela Resolu\u00e7\u00e3o n\u00ba 27\/2008 do CONSEPE.<\/p>\n\n\n\n<h2 class=\"wp-block-heading\"><div class=\"linha-header\">Endere\u00e7o<\/div><\/h2>\n\n\n\n<p class=\" \">Universidade Federal da Para\u00edba &#8211; UFPB, Campus I,<\/p>\n\n\n\n<p class=\" \">Centro de Tecnologia, Bloco J, Sala CTJ-209.<\/p>\n\n\n\n<p class=\" \">E-mail:&nbsp;ccequfpb@gmail.com ou cceq@ct.ufpb.br<\/p>\n","protected":false},"excerpt":{"rendered":"<p>O Governo Federal, atrav\u00e9s do Decreto n\u00ba 6.096, de 24.04.2007, criou o Programa de Apoio [&hellip;]<\/p>\n","protected":false},"author":63,"featured_media":0,"parent":0,"menu_order":0,"comment_status":"closed","ping_status":"closed","template":"","meta":{"footnotes":""},"class_list":["post-16","page","type-page","status-publish","hentry"],"_links":{"self":[{"href":"https:\/\/www.ct.ufpb.br\/cgceq\/wp-json\/wp\/v2\/pages\/16","targetHints":{"allow":["GET"]}}],"collection":[{"href":"https:\/\/www.ct.ufpb.br\/cgceq\/wp-json\/wp\/v2\/pages"}],"about":[{"href":"https:\/\/www.ct.ufpb.br\/cgceq\/wp-json\/wp\/v2\/types\/page"}],"author":[{"embeddable":true,"href":"https:\/\/www.ct.ufpb.br\/cgceq\/wp-json\/wp\/v2\/users\/63"}],"replies":[{"embeddable":true,"href":"https:\/\/www.ct.ufpb.br\/cgceq\/wp-json\/wp\/v2\/comments?post=16"}],"version-history":[{"count":1,"href":"https:\/\/www.ct.ufpb.br\/cgceq\/wp-json\/wp\/v2\/pages\/16\/revisions"}],"predecessor-version":[{"id":91,"href":"https:\/\/www.ct.ufpb.br\/cgceq\/wp-json\/wp\/v2\/pages\/16\/revisions\/91"}],"wp:attachment":[{"href":"https:\/\/www.ct.ufpb.br\/cgceq\/wp-json\/wp\/v2\/media?parent=16"}],"curies":[{"name":"wp","href":"https:\/\/api.w.org\/{rel}","templated":true}]}}