{"id":92,"date":"2026-01-20T15:58:09","date_gmt":"2026-01-20T18:58:09","guid":{"rendered":"https:\/\/www.ct.ufpb.br\/cgcea\/?page_id=92"},"modified":"2026-01-20T15:58:09","modified_gmt":"2026-01-20T18:58:09","slug":"atas","status":"publish","type":"page","link":"https:\/\/www.ct.ufpb.br\/cgcea\/atas\/","title":{"rendered":"Atas"},"content":{"rendered":"\n<p><\/p>\n\n\n\n<p>Informa\u00e7\u00e3o ainda n\u00e3o dispon\u00edvel<\/p>\n","protected":false},"excerpt":{"rendered":"<p>Informa\u00e7\u00e3o ainda n\u00e3o dispon\u00edvel<\/p>\n","protected":false},"author":171,"featured_media":0,"parent":0,"menu_order":0,"comment_status":"closed","ping_status":"closed","template":"","meta":{"footnotes":""},"class_list":["post-92","page","type-page","status-publish","hentry"],"_links":{"self":[{"href":"https:\/\/www.ct.ufpb.br\/cgcea\/wp-json\/wp\/v2\/pages\/92","targetHints":{"allow":["GET"]}}],"collection":[{"href":"https:\/\/www.ct.ufpb.br\/cgcea\/wp-json\/wp\/v2\/pages"}],"about":[{"href":"https:\/\/www.ct.ufpb.br\/cgcea\/wp-json\/wp\/v2\/types\/page"}],"author":[{"embeddable":true,"href":"https:\/\/www.ct.ufpb.br\/cgcea\/wp-json\/wp\/v2\/users\/171"}],"replies":[{"embeddable":true,"href":"https:\/\/www.ct.ufpb.br\/cgcea\/wp-json\/wp\/v2\/comments?post=92"}],"version-history":[{"count":1,"href":"https:\/\/www.ct.ufpb.br\/cgcea\/wp-json\/wp\/v2\/pages\/92\/revisions"}],"predecessor-version":[{"id":93,"href":"https:\/\/www.ct.ufpb.br\/cgcea\/wp-json\/wp\/v2\/pages\/92\/revisions\/93"}],"wp:attachment":[{"href":"https:\/\/www.ct.ufpb.br\/cgcea\/wp-json\/wp\/v2\/media?parent=92"}],"curies":[{"name":"wp","href":"https:\/\/api.w.org\/{rel}","templated":true}]}}