{"id":27,"date":"2025-09-29T10:28:14","date_gmt":"2025-09-29T13:28:14","guid":{"rendered":"https:\/\/www.ct.ufpb.br\/ccau\/?page_id=27"},"modified":"2026-03-21T09:00:12","modified_gmt":"2026-03-21T12:00:12","slug":"normativas","status":"publish","type":"page","link":"https:\/\/www.ct.ufpb.br\/ccgem\/normativas\/","title":{"rendered":"Normativas"},"content":{"rendered":"\n<p><a href=\"http:\/\/plone.ufpb.br\/ccgem\/contents\/documentos-1\/portaria02tccmecanica.pdf\">1 &#8211; Portaria que regulamenta a atividade de Trabalho de Conclus\u00e3o de Curso<\/a><\/p>\n\n\n\n<p><a href=\"http:\/\/plone.ufpb.br\/ccgem\/contents\/documentos-1\/portaria03estagioobrigmecanica.pdf\">2 &#8211; Portaria que regulamenta a atividade de Est\u00e1gio Supervisionado Obrigat\u00f3rio<\/a><\/p>\n\n\n\n<p><a href=\"http:\/\/plone.ufpb.br\/ccgem\/contents\/documentos-1\/portaria05estagionaoobrigmecanica.pdf\">3 &#8211;&nbsp;Portaria que regulamenta a atividade de Est\u00e1gio Supervisionado N\u00e3o-Obrigat\u00f3rio<\/a><\/p>\n\n\n\n<p><a href=\"http:\/\/plone.ufpb.br\/ccgem\/contents\/documentos-1\/portaria-ccgem-n-01-2013.pdf\">4 &#8211; Portaria n\u00ba 01\/2013 CCGEM &#8211; Regulamenta os Conte\u00fados Complementares Flex\u00edveis do Curso de Gradua\u00e7\u00e3o em Engenharia Mec\u00e2nica<\/a><\/p>\n\n\n\n<p><a href=\"http:\/\/plone.ufpb.br\/ccgem\/contents\/documentos-1\/portaria042018alteraconteudosflexiveismecanica.pdf\">5 &#8211;&nbsp;Portaria que altera os Artigos 1o , 2o , \u00a7 5o do Art. 3o e o Anexo I da Portaria CCGEM n\u00ba 01\/2013 que regulamenta os Conte\u00fados Complementares Flex\u00edveis do Curso de Gradua\u00e7\u00e3o em Engenharia de Mec\u00e2nica<\/a><\/p>\n\n\n\n<p><a href=\"http:\/\/plone.ufpb.br\/ccgem\/contents\/documentos-1\/portaria_ccgem_01-2018_revalidacao_diplomas-v00-1.pdf\">6 &#8211; Portaria de revalida\u00e7\u00e3o de diplomas<\/a><\/p>\n\n\n\n<p><a href=\"http:\/\/plone.ufpb.br\/ccgem\/contents\/documentos-1\/portaria012019alteraconteudosflexiveismecanica-1-2.pdf\">7 &#8211;&nbsp;Portaria &#8211; Altera\u00e7\u00e3o de conte\u00fados Flex\u00edveis (Resolu\u00e7\u00e3o 01\/2019)<\/a><\/p>\n\n\n\n<p><a href=\"http:\/\/plone.ufpb.br\/ccgem\/contents\/documentos-1\/Resp29.20.pdf\">8 &#8211; Resolu\u00e7\u00e3o n\u00ba 29\/2020 (Regulamenta os cursos regulares de gradua\u00e7\u00e3o da Universidade Federal da Para\u00edba)<\/a><\/p>\n\n\n\n<p><\/p>\n","protected":false},"excerpt":{"rendered":"<p>1 &#8211; Portaria que regulamenta a atividade de Trabalho de Conclus\u00e3o de Curso 2 &#8211; [&hellip;]<\/p>\n","protected":false},"author":63,"featured_media":0,"parent":0,"menu_order":0,"comment_status":"closed","ping_status":"closed","template":"","meta":{"footnotes":""},"class_list":["post-27","page","type-page","status-publish","hentry"],"_links":{"self":[{"href":"https:\/\/www.ct.ufpb.br\/ccgem\/wp-json\/wp\/v2\/pages\/27","targetHints":{"allow":["GET"]}}],"collection":[{"href":"https:\/\/www.ct.ufpb.br\/ccgem\/wp-json\/wp\/v2\/pages"}],"about":[{"href":"https:\/\/www.ct.ufpb.br\/ccgem\/wp-json\/wp\/v2\/types\/page"}],"author":[{"embeddable":true,"href":"https:\/\/www.ct.ufpb.br\/ccgem\/wp-json\/wp\/v2\/users\/63"}],"replies":[{"embeddable":true,"href":"https:\/\/www.ct.ufpb.br\/ccgem\/wp-json\/wp\/v2\/comments?post=27"}],"version-history":[{"count":1,"href":"https:\/\/www.ct.ufpb.br\/ccgem\/wp-json\/wp\/v2\/pages\/27\/revisions"}],"predecessor-version":[{"id":115,"href":"https:\/\/www.ct.ufpb.br\/ccgem\/wp-json\/wp\/v2\/pages\/27\/revisions\/115"}],"wp:attachment":[{"href":"https:\/\/www.ct.ufpb.br\/ccgem\/wp-json\/wp\/v2\/media?parent=27"}],"curies":[{"name":"wp","href":"https:\/\/api.w.org\/{rel}","templated":true}]}}