{"id":124,"date":"2026-03-21T09:05:41","date_gmt":"2026-03-21T12:05:41","guid":{"rendered":"https:\/\/www.ct.ufpb.br\/ccgem\/?page_id=124"},"modified":"2026-03-21T09:05:41","modified_gmt":"2026-03-21T12:05:41","slug":"trabalho-de-conclusao-de-curso","status":"publish","type":"page","link":"https:\/\/www.ct.ufpb.br\/ccgem\/trabalho-de-conclusao-de-curso\/","title":{"rendered":"Trabalho de Conclus\u00e3o de Curso"},"content":{"rendered":"\n<p>Documentos:<\/p>\n\n\n\n<p><a href=\"http:\/\/plone.ufpb.br\/ccgem\/contents\/documentos-1\/decaracao-de-aceite-tcc.pdf\">Declara\u00e7\u00e3o de aceite TCC<\/a><\/p>\n\n\n\n<p><a href=\"http:\/\/plone.ufpb.br\/ccgem\/contents\/documentos-1\/modelo-capa-cd-tcc.doc\">Modelo de capa de CD do TCC<\/a><\/p>\n\n\n\n<p><a href=\"http:\/\/plone.ufpb.br\/ccgem\/contents\/documentos-1\/modelo-etiqueta-cd-tcc-ctufpb.doc\">Modelo de etiqueta do CD do TCC<\/a><\/p>\n\n\n\n<p><a href=\"http:\/\/plone.ufpb.br\/ccgem\/contents\/documentos-1\/formularios\/termo-de-autorizacao-tcc-biblioteca-digital.docx\">Termo de autoriza\u00e7\u00e3o para publica\u00e7\u00e3o da Biblioteca setorial (deve ser entregue na coordena\u00e7\u00e3o juntamento com o CD e a ficha de avalia\u00e7\u00e3o do TCC)<\/a><\/p>\n\n\n\n<p><a href=\"http:\/\/plone.ufpb.br\/ccgem\/contents\/documentos-1\/ficha-de-avaliacao-tcc-de-acordo-com-a-portaria.doc\">Ficha de avalia\u00e7\u00e3o de TCC<\/a><\/p>\n\n\n\n<p><a href=\"http:\/\/plone.ufpb.br\/ccgem\/contents\/documentos-1\/prorrogacao-tcc.docx\">Formul\u00e1rio para prorroga\u00e7\u00e3o de prazo do TCC<\/a><\/p>\n","protected":false},"excerpt":{"rendered":"<p>Documentos: Declara\u00e7\u00e3o de aceite TCC Modelo de capa de CD do TCC Modelo de etiqueta [&hellip;]<\/p>\n","protected":false},"author":285,"featured_media":0,"parent":0,"menu_order":0,"comment_status":"closed","ping_status":"closed","template":"","meta":{"footnotes":""},"class_list":["post-124","page","type-page","status-publish","hentry"],"_links":{"self":[{"href":"https:\/\/www.ct.ufpb.br\/ccgem\/wp-json\/wp\/v2\/pages\/124","targetHints":{"allow":["GET"]}}],"collection":[{"href":"https:\/\/www.ct.ufpb.br\/ccgem\/wp-json\/wp\/v2\/pages"}],"about":[{"href":"https:\/\/www.ct.ufpb.br\/ccgem\/wp-json\/wp\/v2\/types\/page"}],"author":[{"embeddable":true,"href":"https:\/\/www.ct.ufpb.br\/ccgem\/wp-json\/wp\/v2\/users\/285"}],"replies":[{"embeddable":true,"href":"https:\/\/www.ct.ufpb.br\/ccgem\/wp-json\/wp\/v2\/comments?post=124"}],"version-history":[{"count":1,"href":"https:\/\/www.ct.ufpb.br\/ccgem\/wp-json\/wp\/v2\/pages\/124\/revisions"}],"predecessor-version":[{"id":125,"href":"https:\/\/www.ct.ufpb.br\/ccgem\/wp-json\/wp\/v2\/pages\/124\/revisions\/125"}],"wp:attachment":[{"href":"https:\/\/www.ct.ufpb.br\/ccgem\/wp-json\/wp\/v2\/media?parent=124"}],"curies":[{"name":"wp","href":"https:\/\/api.w.org\/{rel}","templated":true}]}}