{"id":122,"date":"2026-03-21T09:05:14","date_gmt":"2026-03-21T12:05:14","guid":{"rendered":"https:\/\/www.ct.ufpb.br\/ccgem\/?page_id=122"},"modified":"2026-03-21T09:05:14","modified_gmt":"2026-03-21T12:05:14","slug":"estagio-supervisionado","status":"publish","type":"page","link":"https:\/\/www.ct.ufpb.br\/ccgem\/estagio-supervisionado\/","title":{"rendered":"Est\u00e1gio Supervisionado"},"content":{"rendered":"\n<p>Documentos:<\/p>\n\n\n\n<p><a href=\"http:\/\/plone.ufpb.br\/ccgem\/contents\/documentos-1\/declaracao-de-aceite-estagio.pdf\">Declara\u00e7\u00e3o de aceite Est\u00e1gio Supervisionado<\/a><\/p>\n\n\n\n<p><a href=\"http:\/\/plone.ufpb.br\/ccgem\/contents\/documentos-1\/tcc-e-estagio\/ficha-de-avaliacao-estagio-2014.doc\">Ficha de avalia\u00e7\u00e3o do Est\u00e1gio (antes da nova portaria &#8211; precisa ser defendido)<\/a><\/p>\n\n\n\n<p><a href=\"http:\/\/plone.ufpb.br\/ccgem\/contents\/documentos-1\/declaracao-da-nota-de-estagio-2019.pdf\">Ficha de avalia\u00e7\u00e3o do Est\u00e1gio (de acordo com anova portaria &#8211; n\u00e3o precisa ser defendido)<\/a><\/p>\n\n\n\n<p><a href=\"http:\/\/plone.ufpb.br\/ccgem\/contents\/documentos-1\/prorrogacao-estagio.docx\">Formul\u00e1rio para prorroga\u00e7\u00e3o de prazo do Est\u00e1gio Supervisionado<\/a><\/p>\n","protected":false},"excerpt":{"rendered":"<p>Documentos: Declara\u00e7\u00e3o de aceite Est\u00e1gio Supervisionado Ficha de avalia\u00e7\u00e3o do Est\u00e1gio (antes da nova portaria [&hellip;]<\/p>\n","protected":false},"author":285,"featured_media":0,"parent":0,"menu_order":0,"comment_status":"closed","ping_status":"closed","template":"","meta":{"footnotes":""},"class_list":["post-122","page","type-page","status-publish","hentry"],"_links":{"self":[{"href":"https:\/\/www.ct.ufpb.br\/ccgem\/wp-json\/wp\/v2\/pages\/122","targetHints":{"allow":["GET"]}}],"collection":[{"href":"https:\/\/www.ct.ufpb.br\/ccgem\/wp-json\/wp\/v2\/pages"}],"about":[{"href":"https:\/\/www.ct.ufpb.br\/ccgem\/wp-json\/wp\/v2\/types\/page"}],"author":[{"embeddable":true,"href":"https:\/\/www.ct.ufpb.br\/ccgem\/wp-json\/wp\/v2\/users\/285"}],"replies":[{"embeddable":true,"href":"https:\/\/www.ct.ufpb.br\/ccgem\/wp-json\/wp\/v2\/comments?post=122"}],"version-history":[{"count":1,"href":"https:\/\/www.ct.ufpb.br\/ccgem\/wp-json\/wp\/v2\/pages\/122\/revisions"}],"predecessor-version":[{"id":123,"href":"https:\/\/www.ct.ufpb.br\/ccgem\/wp-json\/wp\/v2\/pages\/122\/revisions\/123"}],"wp:attachment":[{"href":"https:\/\/www.ct.ufpb.br\/ccgem\/wp-json\/wp\/v2\/media?parent=122"}],"curies":[{"name":"wp","href":"https:\/\/api.w.org\/{rel}","templated":true}]}}