{"id":117,"date":"2026-03-21T09:02:26","date_gmt":"2026-03-21T12:02:26","guid":{"rendered":"https:\/\/www.ct.ufpb.br\/ccgem\/?page_id=117"},"modified":"2026-03-21T09:02:26","modified_gmt":"2026-03-21T12:02:26","slug":"projeto-pedagogico-do-curso","status":"publish","type":"page","link":"https:\/\/www.ct.ufpb.br\/ccgem\/projeto-pedagogico-do-curso\/","title":{"rendered":"Projeto Pedag\u00f3gico do Curso"},"content":{"rendered":"\n<p><a href=\"http:\/\/plone.ufpb.br\/ccgem\/contents\/documentos-1\/ppp-engenharia-mecanica-revisada-prg.pdf\">1 &#8211; Projeto Pol\u00edtico-Pedag\u00f3gico<\/a><\/p>\n\n\n\n<p><a href=\"http:\/\/plone.ufpb.br\/ccgem\/contents\/documentos-1\/rsep65_2009.pdf\">2 &#8211;&nbsp;Resolu\u00e7\u00e3o n\u00ba 65\/2009 do Consepe (Altera o Art. 4 e os Anexos II e III da Resolu\u00e7\u00e3o n\u00b0. 25\/2006 do CONSEPE, que aprova a estrutura curricular do Curso de Gradua\u00e7\u00e3o em Engenharia Mec\u00e2nica do Centro de Tecnologia, Campus I)<\/a><\/p>\n","protected":false},"excerpt":{"rendered":"<p>1 &#8211; Projeto Pol\u00edtico-Pedag\u00f3gico 2 &#8211;&nbsp;Resolu\u00e7\u00e3o n\u00ba 65\/2009 do Consepe (Altera o Art. 4 e [&hellip;]<\/p>\n","protected":false},"author":285,"featured_media":0,"parent":0,"menu_order":0,"comment_status":"closed","ping_status":"closed","template":"","meta":{"footnotes":""},"class_list":["post-117","page","type-page","status-publish","hentry"],"_links":{"self":[{"href":"https:\/\/www.ct.ufpb.br\/ccgem\/wp-json\/wp\/v2\/pages\/117","targetHints":{"allow":["GET"]}}],"collection":[{"href":"https:\/\/www.ct.ufpb.br\/ccgem\/wp-json\/wp\/v2\/pages"}],"about":[{"href":"https:\/\/www.ct.ufpb.br\/ccgem\/wp-json\/wp\/v2\/types\/page"}],"author":[{"embeddable":true,"href":"https:\/\/www.ct.ufpb.br\/ccgem\/wp-json\/wp\/v2\/users\/285"}],"replies":[{"embeddable":true,"href":"https:\/\/www.ct.ufpb.br\/ccgem\/wp-json\/wp\/v2\/comments?post=117"}],"version-history":[{"count":1,"href":"https:\/\/www.ct.ufpb.br\/ccgem\/wp-json\/wp\/v2\/pages\/117\/revisions"}],"predecessor-version":[{"id":118,"href":"https:\/\/www.ct.ufpb.br\/ccgem\/wp-json\/wp\/v2\/pages\/117\/revisions\/118"}],"wp:attachment":[{"href":"https:\/\/www.ct.ufpb.br\/ccgem\/wp-json\/wp\/v2\/media?parent=117"}],"curies":[{"name":"wp","href":"https:\/\/api.w.org\/{rel}","templated":true}]}}