{"id":37,"date":"2025-09-29T10:29:26","date_gmt":"2025-09-29T13:29:26","guid":{"rendered":"https:\/\/www.ct.ufpb.br\/ccau\/?page_id=37"},"modified":"2026-01-12T17:04:07","modified_gmt":"2026-01-12T20:04:07","slug":"corpo-docente","status":"publish","type":"page","link":"https:\/\/www.ct.ufpb.br\/ccgec\/corpo-docente\/","title":{"rendered":"Corpo Docente"},"content":{"rendered":"\n<p><\/p>\n\n\n\n<p class=\" \">Os departamentos a seguir, e seus respectivos docentes, contribuem na oferta de componentes curriculares para o curso de Bacharelado em Engenharia Civil:<\/p>\n\n\n\n<ul class=\"wp-block-list\">\n<li><a href=\"http:\/\/www.ct.ufpb.br\/ctarq\/\" target=\"_blank\" rel=\"noreferrer noopener\">Departamento de Arquitetura<\/a>\u00a0&#8211;\u00a0(83) 3216.7115<\/li>\n<\/ul>\n\n\n\n<p><a href=\"https:\/\/sigaa.ufpb.br\/sigaa\/public\/departamento\/professores.jsf?id=1379\" target=\"_blank\" rel=\"noreferrer noopener\">Corpo Docente<\/a><\/p>\n\n\n\n<ul class=\"wp-block-list\">\n<li><a href=\"http:\/\/www.cchla.ufpb.br\/dcs\/\" target=\"_blank\" rel=\"noreferrer noopener\">Departamento de Ci\u00eancias Sociais<\/a>\u00a0&#8211;\u00a0(83) 3216.7141<\/li>\n<\/ul>\n\n\n\n<p><a href=\"https:\/\/sigaa.ufpb.br\/sigaa\/public\/departamento\/professores.jsf?id=1634\" target=\"_blank\" rel=\"noreferrer noopener\">Corpo Docente<\/a><\/p>\n\n\n\n<ul class=\"wp-block-list\">\n<li><a href=\"http:\/\/ci.ufpb.br\/\" target=\"_blank\" rel=\"noreferrer noopener\">Departamento de Computa\u00e7\u00e3o Cient\u00edfica<\/a>\u00a0(83) 3209-8334<\/li>\n<\/ul>\n\n\n\n<p><a href=\"https:\/\/sigaa.ufpb.br\/sigaa\/public\/departamento\/professores.jsf?id=1859\" target=\"_blank\" rel=\"noreferrer noopener\">Corpo Docente<\/a><\/p>\n\n\n\n<ul class=\"wp-block-list\">\n<li><strong><a href=\"http:\/\/www.ct.ufpb.br\/deca\" target=\"_blank\" rel=\"noreferrer noopener\">Departamento de Engenharia Civil e Ambiental<\/a><\/strong><a href=\"http:\/\/150.165.162.5\/departamentos\/dec\/\" target=\"_blank\" rel=\"noreferrer noopener\">\u00a0<\/a>\u00a0(83) 3216.7355<\/li>\n<\/ul>\n\n\n\n<p><a href=\"https:\/\/sigaa.ufpb.br\/sigaa\/public\/departamento\/professores.jsf?id=1583\" target=\"_blank\" rel=\"noreferrer noopener\">Corpo Docente<\/a><\/p>\n\n\n\n<ul class=\"wp-block-list\">\n<li><a href=\"http:\/\/http\/\/www.ccsa.ufpb.br\/de\/\" target=\"_blank\" rel=\"noreferrer noopener\">Departamento de Economia<\/a>\u00a0 (83) 3216.7453<\/li>\n<\/ul>\n\n\n\n<p><a href=\"https:\/\/sigaa.ufpb.br\/sigaa\/public\/departamento\/professores.jsf?id=1329\" target=\"_blank\" rel=\"noreferrer noopener\">Corpo Docente<\/a><\/p>\n\n\n\n<ul class=\"wp-block-list\">\n<li><a href=\"http:\/\/www.cear.ufpb.br\/ee\" target=\"_blank\" rel=\"noreferrer noopener\">Departamento de Engenharia El\u00e9trica<\/a><a href=\"http:\/\/www.ct.ufpb.br\/ctarq\/\" target=\"_blank\" rel=\"noreferrer noopener\">\u00a0<\/a>\u00a0(83) 3216.7858<\/li>\n<\/ul>\n\n\n\n<p><a href=\"https:\/\/sigaa.ufpb.br\/sigaa\/public\/departamento\/professores.jsf?id=2616\" target=\"_blank\" rel=\"noreferrer noopener\">Corpo Docente<\/a><\/p>\n\n\n\n<ul class=\"wp-block-list\">\n<li><a href=\"http:\/\/plone.ufpb.br\/dep\">Departamento de Engenharia de Produ\u00e7\u00e3o<\/a><a href=\"http:\/\/www.ct.ufpb.br\/ctarq\/\" target=\"_blank\" rel=\"noreferrer noopener\">\u00a0<\/a>\u00a0(83) 3216.7549<\/li>\n<\/ul>\n\n\n\n<p><a href=\"https:\/\/sigaa.ufpb.br\/sigaa\/public\/departamento\/professores.jsf?id=1380\" target=\"_blank\" rel=\"noreferrer noopener\">Corpo Docente<\/a><\/p>\n\n\n\n<ul class=\"wp-block-list\">\n<li><a href=\"http:\/\/www.de.ufpb.br\/\" target=\"_blank\" rel=\"noreferrer noopener\">Departamento de Estat\u00edstica<\/a><a href=\"http:\/\/www.ct.ufpb.br\/ctarq\/\" target=\"_blank\" rel=\"noreferrer noopener\">\u00a0\u00a0<\/a>(83) 3216.7785<\/li>\n<\/ul>\n\n\n\n<p><a href=\"https:\/\/sigaa.ufpb.br\/sigaa\/public\/departamento\/professores.jsf?id=1341\" target=\"_blank\" rel=\"noreferrer noopener\">Corpo Docente<\/a><\/p>\n\n\n\n<ul class=\"wp-block-list\">\n<li><a href=\"http:\/\/www.fisica.ufpb.br\/\" target=\"_blank\" rel=\"noreferrer noopener\">Departamento de F\u00edsica<\/a><a href=\"http:\/\/www.ct.ufpb.br\/ctarq\/\" target=\"_blank\" rel=\"noreferrer noopener\">\u00a0<\/a>\u00a0(83) 3216.7544<\/li>\n<\/ul>\n\n\n\n<p><a href=\"https:\/\/sigaa.ufpb.br\/sigaa\/public\/departamento\/professores.jsf?id=1335\" target=\"_blank\" rel=\"noreferrer noopener\">Corpo Docente<\/a><\/p>\n\n\n\n<ul class=\"wp-block-list\">\n<li><a href=\"http:\/\/www.geociencias.ufpb.br\/\" target=\"_blank\" rel=\"noreferrer noopener\">Departamento de Geoci\u00eancias<\/a><a href=\"http:\/\/www.ct.ufpb.br\/ctarq\/\" target=\"_blank\" rel=\"noreferrer noopener\">\u00a0\u00a0<\/a>(83) 3216.7432\/7594<\/li>\n<\/ul>\n\n\n\n<p><a href=\"https:\/\/sigaa.ufpb.br\/sigaa\/public\/departamento\/professores.jsf?id=1336\" target=\"_blank\" rel=\"noreferrer noopener\">Corpo Docente<\/a><\/p>\n\n\n\n<ul class=\"wp-block-list\">\n<li><a href=\"http:\/\/www.di.ufpb.br\/\" target=\"_blank\" rel=\"noreferrer noopener\">Departamento de Inform\u00e1tica\u00a0<\/a>(83) 3216.7093<\/li>\n<\/ul>\n\n\n\n<p><a href=\"https:\/\/sigaa.ufpb.br\/sigaa\/public\/departamento\/professores.jsf?id=2151\" target=\"_blank\" rel=\"noreferrer noopener\">Corpo Docente<\/a><\/p>\n\n\n\n<ul class=\"wp-block-list\">\n<li><a href=\"http:\/\/www.cchla.ufpb.br\/departamento-de-letras-classicas-e-vernaculas\/\" target=\"_blank\" rel=\"noreferrer noopener\">Departamento de Letras Cl\u00e1ssicas e Vern\u00e1culas<\/a>\u00a0 (83) 3216.7203<\/li>\n<\/ul>\n\n\n\n<p><a href=\"https:\/\/sigaa.ufpb.br\/sigaa\/public\/departamento\/professores.jsf?id=1349\" target=\"_blank\" rel=\"noreferrer noopener\">Corpo Docente<\/a><\/p>\n\n\n\n<ul class=\"wp-block-list\">\n<li><a href=\"http:\/\/www.mat.ufpb.br\/dmufpb\/\" target=\"_blank\" rel=\"noreferrer noopener\">Departamento de Matem\u00e1tica<\/a>\u00a0\u00a0(83) 3216.7434<\/li>\n<\/ul>\n\n\n\n<p><a href=\"https:\/\/sigaa.ufpb.br\/sigaa\/public\/departamento\/professores.jsf?id=1337\" target=\"_blank\" rel=\"noreferrer noopener\">Corpo Docente<\/a><\/p>\n\n\n\n<ul class=\"wp-block-list\">\n<li><a href=\"http:\/\/www.quimica.ufpb.br\/\" target=\"_blank\" rel=\"noreferrer noopener\">Departamento de Qu\u00edmica<\/a>\u00a0 (83) 3216.7433\/7933<\/li>\n<\/ul>\n\n\n\n<p><a href=\"https:\/\/sigaa.ufpb.br\/sigaa\/public\/departamento\/professores.jsf?id=1338\" target=\"_blank\" rel=\"noreferrer noopener\">Corpo Docente<\/a><\/p>\n\n\n\n<ul class=\"wp-block-list\">\n<li><a href=\"http:\/\/www.cchla.ufpb.br\/departamento-de-psicologia\/\" target=\"_blank\" rel=\"noreferrer noopener\">Departamento de Psicologia<\/a><a href=\"http:\/\/www.ct.ufpb.br\/ctarq\/\" target=\"_blank\" rel=\"noreferrer noopener\">\u00a0<\/a>\u00a0(83) 3216.7337<\/li>\n<\/ul>\n\n\n\n<p><a href=\"https:\/\/sigaa.ufpb.br\/sigaa\/public\/departamento\/professores.jsf?id=1351\" target=\"_blank\" rel=\"noreferrer noopener\">Corpo Docente<\/a><\/p>\n","protected":false},"excerpt":{"rendered":"<p>Os departamentos a seguir, e seus respectivos docentes, contribuem na oferta de componentes curriculares para [&hellip;]<\/p>\n","protected":false},"author":63,"featured_media":0,"parent":0,"menu_order":0,"comment_status":"closed","ping_status":"closed","template":"","meta":{"footnotes":""},"class_list":["post-37","page","type-page","status-publish","hentry"],"_links":{"self":[{"href":"https:\/\/www.ct.ufpb.br\/ccgec\/wp-json\/wp\/v2\/pages\/37","targetHints":{"allow":["GET"]}}],"collection":[{"href":"https:\/\/www.ct.ufpb.br\/ccgec\/wp-json\/wp\/v2\/pages"}],"about":[{"href":"https:\/\/www.ct.ufpb.br\/ccgec\/wp-json\/wp\/v2\/types\/page"}],"author":[{"embeddable":true,"href":"https:\/\/www.ct.ufpb.br\/ccgec\/wp-json\/wp\/v2\/users\/63"}],"replies":[{"embeddable":true,"href":"https:\/\/www.ct.ufpb.br\/ccgec\/wp-json\/wp\/v2\/comments?post=37"}],"version-history":[{"count":2,"href":"https:\/\/www.ct.ufpb.br\/ccgec\/wp-json\/wp\/v2\/pages\/37\/revisions"}],"predecessor-version":[{"id":138,"href":"https:\/\/www.ct.ufpb.br\/ccgec\/wp-json\/wp\/v2\/pages\/37\/revisions\/138"}],"wp:attachment":[{"href":"https:\/\/www.ct.ufpb.br\/ccgec\/wp-json\/wp\/v2\/media?parent=37"}],"curies":[{"name":"wp","href":"https:\/\/api.w.org\/{rel}","templated":true}]}}