{"id":31,"date":"2025-09-29T10:28:38","date_gmt":"2025-09-29T13:28:38","guid":{"rendered":"https:\/\/www.ct.ufpb.br\/ccau\/?page_id=31"},"modified":"2026-01-12T16:34:06","modified_gmt":"2026-01-12T19:34:06","slug":"laboratorios","status":"publish","type":"page","link":"https:\/\/www.ct.ufpb.br\/ccgec\/laboratorios\/","title":{"rendered":"Laborat\u00f3rios"},"content":{"rendered":"\n<p><\/p>\n\n\n\n<p>O curso de Gradua\u00e7\u00e3o em Engenharia Civil da UFPB conta com o apoio dos seguintes laborat\u00f3rios para realiza\u00e7\u00e3o de aulas pr\u00e1ticas.<\/p>\n\n\n\n<figure class=\"wp-block-table\"><table class=\"has-fixed-layout\"><tbody><tr><th class=\"has-text-align-left\" data-align=\"left\"><strong>Nome do Laborat\u00f3rio<\/strong><\/th><th class=\"has-text-align-left\" data-align=\"left\"><strong>\u00c1rea(s) tem\u00e1tica(s)<\/strong><\/th><th class=\"has-text-align-center\" data-align=\"center\"><strong>Telefone\/e-mail<\/strong><\/th><\/tr><tr><td><strong>Laborat\u00f3rio de Analise Estrutural e Avalia\u00e7\u00e3o de Desempenho<\/strong><\/td><td>Testes de vibra\u00e7\u00e3o (modais) em estruturas; Avalia\u00e7\u00e3o de desempenho de estruturas a vibra\u00e7\u00f5es e ru\u00eddo; Avalia\u00e7\u00e3o de par\u00e2metros ac\u00fasticos de ambientes.<\/td><td class=\"has-text-align-center\" data-align=\"center\">(83) 3216-7711<\/td><\/tr><tr><td><strong>Laborat\u00f3rio de Efici\u00eancia Energ\u00e9tica e Hidr\u00e1ulica em Saneamento &#8211; LEHNS<\/strong><\/td><td>Concep\u00e7\u00e3o de projetos de sistemas de abastecimento de \u00e1gua; Instrumenta\u00e7\u00e3o automa\u00e7\u00e3o e controle em sistemas de distribui\u00e7\u00e3o de \u00e1gua; Diagnostico e solu\u00e7\u00e3o de problemas operacionais de distribui\u00e7\u00e3o de \u00e1gua.<\/td><td class=\"has-text-align-center\" data-align=\"center\">(83) 3216-7037<\/td><\/tr><tr><td><strong>Laborat\u00f3rio de Ensaios de Materiais e Estruturas &#8211; LABEME<\/strong><\/td><td>Materiais de constru\u00e7\u00e3o convencionais e n\u00e3o convencionais Estruturas<\/td><td class=\"has-text-align-center\" data-align=\"center\">(83) 3216-7310 nperazzo@ct.ufpb.br<\/td><\/tr><tr><td><strong>Laborat\u00f3rio de Geotecnia e Pavimenta\u00e7\u00e3o \u2013 LAPAV<\/strong><\/td><td>Pavimenta\u00e7\u00e3o; Obras de terra<\/td><td class=\"has-text-align-center\" data-align=\"center\">(83) 3216-7036&nbsp; ricardo@ct.ufpb.br<\/td><\/tr><tr><td><strong>Laborat\u00f3rio de Hidr\u00e1ulica<\/strong><\/td><td>Hidr\u00e1ulica b\u00e1sica; Hidrom\u00e9trica.<\/td><td class=\"has-text-align-center\" data-align=\"center\">(83) 3216-7037<\/td><\/tr><tr><td><strong>Laborat\u00f3rio de Modelos F\u00edsicos Qualitativos e Computacionais<\/strong><\/td><td>M\u00e9todos num\u00e9ricos em Engenharia<\/td><td class=\"has-text-align-center\" data-align=\"center\">&#8211;<\/td><\/tr><tr><td><strong>Laborat\u00f3rio de Pesquisa em Sistemas Ambientais Urbanos<\/strong><\/td><td>Sistema de Gest\u00e3o Ambiental<\/td><td class=\"has-text-align-center\" data-align=\"center\">&nbsp;joacil@ct.ufpb.br<\/td><\/tr><tr><td><strong>Laborat\u00f3rio de Planejamento de Transportes<\/strong><\/td><td>Planejamento de Transportes<\/td><td class=\"has-text-align-center\" data-align=\"center\">Pablo.sousa@ufrr.br<\/td><\/tr><tr><td><strong>Laborat\u00f3rio de Qu\u00edmica Ambiental<\/strong><\/td><td>Meio Ambiente<\/td><td class=\"has-text-align-center\" data-align=\"center\">gbathayde@yahoo.com.br<\/td><\/tr><tr><td><strong>Laborat\u00f3rio de Recursos H\u00eddricos e Engenharia Ambiental &#8211; LARHENA<\/strong><\/td><td>Gest\u00e3o de Recursos H\u00eddricos, Conserva\u00e7\u00e3o de bacias Hidrogr\u00e1ficas, \u00c1guas Superficiais e Subterr\u00e2neas, Qualidade de \u00c1gua, Saneamento B\u00e1sico<\/td><td class=\"has-text-align-center\" data-align=\"center\">(83) 3216-7684 tarciocabral@yahoo.com.br<\/td><\/tr><tr><td><strong>Laborat\u00f3rio de Reologia<\/strong><\/td><td>Reologia de materiais fluidos viscoel\u00e1sticos e viscopl\u00e1sticos.<\/td><td class=\"has-text-align-center\" data-align=\"center\">(83) 3216-7310 givanildoazeredo@hotmail.com<\/td><\/tr><tr><td><strong>Laborat\u00f3rio de Saneamento<\/strong><\/td><td>Saneamento ambiental, Controle ambiental e Recursos h\u00eddricos.<\/td><td class=\"has-text-align-center\" data-align=\"center\">(83) 3216-7739 carmemgadelha@yahoo.com.br<\/td><\/tr><tr><td><strong>Laborat\u00f3rio de Topografia &#8211; LABTOP<\/strong><\/td><td>Topografia, Cartografia, Estradas, Recursos H\u00eddricos, Geoprocessamento, Arquitetura, Edifica\u00e7\u00f5es.<\/td><td class=\"has-text-align-center\" data-align=\"center\">(83) 3216-7738 isabelle@ct.ufpb.br<\/td><\/tr><\/tbody><\/table><\/figure>\n","protected":false},"excerpt":{"rendered":"<p>O curso de Gradua\u00e7\u00e3o em Engenharia Civil da UFPB conta com o apoio dos seguintes [&hellip;]<\/p>\n","protected":false},"author":63,"featured_media":0,"parent":0,"menu_order":0,"comment_status":"closed","ping_status":"closed","template":"","meta":{"footnotes":""},"class_list":["post-31","page","type-page","status-publish","hentry"],"_links":{"self":[{"href":"https:\/\/www.ct.ufpb.br\/ccgec\/wp-json\/wp\/v2\/pages\/31","targetHints":{"allow":["GET"]}}],"collection":[{"href":"https:\/\/www.ct.ufpb.br\/ccgec\/wp-json\/wp\/v2\/pages"}],"about":[{"href":"https:\/\/www.ct.ufpb.br\/ccgec\/wp-json\/wp\/v2\/types\/page"}],"author":[{"embeddable":true,"href":"https:\/\/www.ct.ufpb.br\/ccgec\/wp-json\/wp\/v2\/users\/63"}],"replies":[{"embeddable":true,"href":"https:\/\/www.ct.ufpb.br\/ccgec\/wp-json\/wp\/v2\/comments?post=31"}],"version-history":[{"count":2,"href":"https:\/\/www.ct.ufpb.br\/ccgec\/wp-json\/wp\/v2\/pages\/31\/revisions"}],"predecessor-version":[{"id":125,"href":"https:\/\/www.ct.ufpb.br\/ccgec\/wp-json\/wp\/v2\/pages\/31\/revisions\/125"}],"wp:attachment":[{"href":"https:\/\/www.ct.ufpb.br\/ccgec\/wp-json\/wp\/v2\/media?parent=31"}],"curies":[{"name":"wp","href":"https:\/\/api.w.org\/{rel}","templated":true}]}}