{"id":146,"date":"2026-01-12T17:11:24","date_gmt":"2026-01-12T20:11:24","guid":{"rendered":"https:\/\/www.ct.ufpb.br\/ccgec\/?page_id=146"},"modified":"2026-01-12T17:11:24","modified_gmt":"2026-01-12T20:11:24","slug":"trabalho-de-conclusao-de-curso","status":"publish","type":"page","link":"https:\/\/www.ct.ufpb.br\/ccgec\/trabalho-de-conclusao-de-curso\/","title":{"rendered":"Trabalho de Conclus\u00e3o de Curso"},"content":{"rendered":"\n<p><\/p>\n\n\n\n<p>O&nbsp;<strong>Trabalho de Conclus\u00e3o de Curso&nbsp;<\/strong>(GDECV0111)&nbsp;\u00e9 parte integrante das atividades curriculares do Curso de Engenharia Civil da UFPB e deve ser entendido e praticado pelo aluno como um trabalho cient\u00edfico orientado, relatado como forma de monografia, nas \u00e1reas de Engenharia Civil. Suas atividades s\u00e3o regulamentadas pela&nbsp;<strong><a href=\"http:\/\/plone.ufpb.br\/ccec\/contents\/documentos\/portarias-e-resulocoes\/portaria_ccgec_032011atualizada261021_tcc2022.pdf\">Portaria n\u00b0 03\/2011<\/a><\/strong><a href=\"http:\/\/plone.ufpb.br\/ccec\/contents\/paginas\/sobre-o-curso\/resolveuid\/ab148c5a79e84606b9fb30f7f6ad5d80\">&nbsp;<\/a>da CCGEC.<\/p>\n\n\n\n<p><strong>Formul\u00e1rio para matr\u00edcula na atividade de TCC<\/strong><\/p>\n\n\n\n<p><strong>Solicitar a matr\u00edcula na atividade:&nbsp;<a href=\"http:\/\/plone.ufpb.br\/ccec\/contents\/documentos\/tcc-documentos\/IndicaodoOrientadorTCC2020.doc\">Formul\u00e1rio de Indica\u00e7\u00e3o de orienta\u00e7\u00e3o<br><\/a><a href=\"https:\/\/atendimento.ct.ufpb.br\/index.php?category=22&amp;a=add\" target=\"_blank\" rel=\"noreferrer noopener\">Link<\/a>&nbsp;<\/strong>do sistema para envio<strong><\/strong><\/p>\n\n\n\n<p><strong>Quanto aos prazos&nbsp; 2025.1&nbsp;<\/strong><\/p>\n\n\n\n<ul class=\"wp-block-list\">\n<li>Prazo para matr\u00edcula:<strong>\u00a0at\u00e9 o \u00faltimo dia da matr\u00edcula extraordin\u00e1ria<\/strong><\/li>\n\n\n\n<li>Apresenta\u00e7\u00e3o da banca examinadora \u00e0 coordena\u00e7\u00e3o para emiss\u00e3o da Portaria:\u00a0<strong>12\/09\/2025<\/strong>\u00a0<strong><a href=\"http:\/\/plone.ufpb.br\/ccec\/contents\/documentos\/tcc-documentos\/indicacao-banca-tcc.doc\">(Formul\u00e1rio aqui)<\/a><\/strong><\/li>\n\n\n\n<li>Reuni\u00e3o do Colegiado do curso para aprova\u00e7\u00e3o das bancas:\u00a0a definir<\/li>\n\n\n\n<li>Entrega aos avaliadores: at\u00e9 10 dias antes da defesa<\/li>\n\n\n\n<li>Per\u00edodo sugerido para defesa de TCC:\u00a0<strong>22\/09 a 03\/10\/2025<\/strong><\/li>\n\n\n\n<li>Entrega do volume final + documenta\u00e7\u00e3o \u00e0 coordena\u00e7\u00e3o:\u00a0<strong>09\/10\/2025.<\/strong><\/li>\n\n\n\n<li>Lan\u00e7amento das notas no sistema:\u00a0<strong>at\u00e9 14\/10\/2025.<\/strong><br><\/li>\n<\/ul>\n\n\n\n<p><strong>Calend\u00e1rio de Defesas 2025.1<\/strong>&nbsp;<\/p>\n\n\n\n<p class=\" \"><strong>&nbsp;<a href=\"https:\/\/webmail.ufpb.br\/home\/ccec@ct.ufpb.br\/Calendar.html?view=month&amp;date=20250924\" target=\"_blank\" rel=\"noreferrer noopener\">Abrir Agenda do CCEC &#8211; UFPB<\/a>&nbsp;<br><\/strong><\/p>\n\n\n\n<p><strong>Documentos necess\u00e1rio para matr\u00edcula e consolida\u00e7\u00e3o da atividade:<\/strong><\/p>\n\n\n\n<p class=\" \"><strong><a href=\"http:\/\/plone.ufpb.br\/ccec\/contents\/documentos\/tcc-documentos\/ficha-de-avaliacao-de-tcc.pdf\">Ficha de Avalia\u00e7\u00e3o da Banca Examinadora<\/a><a href=\"http:\/\/plone.ufpb.br\/ccec\/contents\/documentos\/tcc-documentos\/ficha-de-avaliacao-de-tcc.pdf\">&nbsp;<\/a>[Ata de defesa]&nbsp;&#8211;<\/strong>&nbsp;Necess\u00e1rio levar e preencher no dia da defesa;<br><strong><a href=\"http:\/\/plone.ufpb.br\/ccec\/contents\/documentos\/tcc-documentos\/modelo_de_folha_de_aprovao_tcc2.doc\">Folha de Aprova\u00e7\u00e3o<\/a><a href=\"http:\/\/plone.ufpb.br\/ccec\/contents\/paginas\/sobre-o-curso\/resolveuid\/9eff041709a045f8a76343b82bdedb90\">&nbsp;<\/a><\/strong>&#8211; (assinatura da banca examinadora &#8211; 4\u00aa p\u00e1g\u00edna do TCC)<strong><a href=\"http:\/\/plone.ufpb.br\/ccec\/contents\/paginas\/sobre-o-curso\/resolveuid\/9eff041709a045f8a76343b82bdedb90\">;<br><\/a><\/strong><strong>Ficha catalogr\u00e1fica<\/strong>&nbsp;(emitida pelo SIGAA ap\u00f3s a corre\u00e7\u00f5es e defesa &#8211; orienta\u00e7\u00f5es abaixo)<br><strong><a href=\"http:\/\/plone.ufpb.br\/ccec\/contents\/documentos\/tcc-documentos\/termodeautorizaobsct20251.pdf\">Termo de autoriza\u00e7\u00e3o de publica\u00e7\u00e3o do TCC<\/a><\/strong>;<br><strong><a href=\"http:\/\/plone.ufpb.br\/ccec\/contents\/documentos\/tcc-documentos\/formulario-de-encaminhamento-tcc.pdf\">Declara\u00e7\u00e3o de&nbsp;<strong>altera\u00e7\u00f5es\/corre\u00e7\u00f5es<\/strong><\/a>&nbsp;<\/strong>(mesmo que n\u00e3o haja corre\u00e7\u00e3o)<br><\/p>\n\n\n\n<p>&nbsp;<strong>Ficha catalogr\u00e1fica<\/strong><\/p>\n\n\n\n<p class=\" \">I &#8211; Para solicitar a&nbsp;<strong>ficha catalogr\u00e1fica<\/strong>, o aluno dever\u00e1 seguir as orienta\u00e7\u00f5es da Biblioteca Setorial\/Central:<\/p>\n\n\n\n<p class=\" \">Solicitar a ficha pelo SIGAA:&nbsp;<strong>Biblioteca &gt; Ficha catalogr\u00e1fica &gt; Solicitar ficha catalogr\u00e1fica.&nbsp;<a href=\"https:\/\/www.youtube.com\/watch?v=qV3JqgtIc2Q\" target=\"_blank\" rel=\"noreferrer noopener\">(Como solicitar &#8211; v\u00eddeo)<\/a>&nbsp;<\/strong><img decoding=\"async\" src=\"http:\/\/plone.ufpb.br\/ccec\/contents\/imagens\/copy_of_WhatsAppImage20211203at12.47.51.jpeg\" alt=\"\"><\/p>\n\n\n\n<blockquote class=\"wp-block-quote is-layout-flow wp-block-quote-is-layout-flow\">\n<blockquote class=\"wp-block-quote is-layout-flow wp-block-quote-is-layout-flow\">\n<p>&nbsp;<img loading=\"lazy\" decoding=\"async\" src=\"http:\/\/plone.ufpb.br\/ccec\/contents\/imagens\/marcadeexclamaonabolhaamareladodiscursovetoradvertnciasinaldaateno123080843.jpg\" height=\"32\" width=\"32\" alt=\"\">&nbsp;A Biblioteca Setorial exige um prazo de&nbsp;<strong>at\u00e9 tr\u00eas dias \u00fateis<\/strong>&nbsp;para emiss\u00e3o da ficha catalogr\u00e1fica (ap\u00f3s solicita\u00e7\u00e3o no sigaa).<\/p>\n\n\n\n<figure class=\"wp-block-image\"><img decoding=\"async\" src=\"http:\/\/plone.ufpb.br\/ccec\/contents\/imagens\/WhatsAppImage20211203at12.48.06.jpeg\" alt=\"\" title=\"\" \/><\/figure>\n\n\n\n<p class=\" \"><strong>ATEN\u00c7\u00c3O!&nbsp;<\/strong><\/p>\n<\/blockquote>\n<\/blockquote>\n\n\n\n<ul class=\"wp-block-list\">\n<li>O discente N\u00c3O deve encerrar o v\u00ednculo no sigaa antes de gerar sua ficha catalogr\u00e1fica.<\/li>\n\n\n\n<li>A ficha catalogr\u00e1fica dever\u00e1 compor a 3\u00aa folha do TCC.<\/li>\n<\/ul>\n\n\n\n<p class=\" \">&nbsp;Contato da Biblioteca Setorial\/CT: 3216.7914<\/p>\n\n\n\n<p><strong>Orienta\u00e7\u00f5es<\/strong><\/p>\n\n\n\n<p>I &#8211; Estaremos recebendo toda a documenta\u00e7\u00e3o referente ao&nbsp;TCC&nbsp;em meio digital, no formato .pdf, a ser encaminhada pelo&nbsp;<strong>Sistema de chamados do CT<\/strong>&nbsp;(<strong><a href=\"https:\/\/atendimento.ct.ufpb.br\/index.php?category=22&amp;a=add\" target=\"_blank\" rel=\"noreferrer noopener\">clique aqui<\/a><\/strong>)&nbsp;a fim de consolidarmos a atividade no SIGAA.<\/p>\n\n\n\n<p>II &#8211;&nbsp; Caso o arquivo (pdf) do TCC ultrapasse o tamanho limite do anexo para envio no sistema de chamados (10mb), recomendamos realizar o upload na nuvem (google drive, onedrive, dropbox, etc) e nos enviar o&nbsp;<em>link<\/em>&nbsp;p\u00fablico compartilhado. A inser\u00e7\u00e3o de arquivos maiores que 10mb no sistema de chamados acarretar\u00e1 em um mensagem de erro ao enviar&nbsp;<em>(request timeout)<\/em>, n\u00e3o sendo registrado o chamado.<\/p>\n\n\n\n<ul class=\"wp-block-list\">\n<li>a) Somente ser\u00e1 lan\u00e7ada a nota do TCC mediante o recebimento de TODA documenta\u00e7\u00e3o necess\u00e1ria.<\/li>\n\n\n\n<li>b) Ao enviar os documentos o aluno se declara ciente que \u00e9 de sua inteira responsabilidade as informa\u00e7\u00f5es prestadas neles, sob pena de incorrer em crimes tipificados no C\u00f3digo Penal Brasileiro, sujeito a penas de reclus\u00e3o e multa**.<\/li>\n<\/ul>\n\n\n\n<p class=\" \">** O Decreto-Lei n\u00ba. 2.848, de 07 de dezembro de 1940 (C\u00f3digo Penal Brasileiro) tipifica como crimes:<\/p>\n\n\n\n<p class=\" \">1) Art. 171 Estelionato: Obter, para si ou para outrem, vantagem il\u00edcita, em preju\u00edzo alheio, induzindo ou mantendo algu\u00e9m em erro, mediante artif\u00edcio, ardil ou qualquer outro meio fraudulento. Pena: Reclus\u00e3o de 01 (um) a 05 (cinco) anos e multa;<br>2) Art. 297 \u2013 Falsificar, no todo ou em parte, documento p\u00fablico, ou alterar documento p\u00fablico verdadeiro: Pena \u2013 reclus\u00e3o, de dois a seis anos, e multa.<br>3)Art. 299 Falsidade ideol\u00f3gica: Omitir, em documento p\u00fablico ou particular, declara\u00e7\u00e3o que dele devia constar, ou nele inserir ou fazer inserir declara\u00e7\u00e3o falsa ou diversa da que devia ser escrita, com o fim de prejudicar direito, criar obriga\u00e7\u00e3o ou alterar a verdade sobre fato juridicamente relevante. Pena: reclus\u00e3o, de um a cinco anos, e multa, se o documento \u00e9 p\u00fablico, e reclus\u00e3o de um a tr\u00eas anos, e multa, se o documento \u00e9 particular.<\/p>\n","protected":false},"excerpt":{"rendered":"<p>O&nbsp;Trabalho de Conclus\u00e3o de Curso&nbsp;(GDECV0111)&nbsp;\u00e9 parte integrante das atividades curriculares do Curso de Engenharia Civil [&hellip;]<\/p>\n","protected":false},"author":171,"featured_media":0,"parent":0,"menu_order":0,"comment_status":"closed","ping_status":"closed","template":"","meta":{"footnotes":""},"class_list":["post-146","page","type-page","status-publish","hentry"],"_links":{"self":[{"href":"https:\/\/www.ct.ufpb.br\/ccgec\/wp-json\/wp\/v2\/pages\/146","targetHints":{"allow":["GET"]}}],"collection":[{"href":"https:\/\/www.ct.ufpb.br\/ccgec\/wp-json\/wp\/v2\/pages"}],"about":[{"href":"https:\/\/www.ct.ufpb.br\/ccgec\/wp-json\/wp\/v2\/types\/page"}],"author":[{"embeddable":true,"href":"https:\/\/www.ct.ufpb.br\/ccgec\/wp-json\/wp\/v2\/users\/171"}],"replies":[{"embeddable":true,"href":"https:\/\/www.ct.ufpb.br\/ccgec\/wp-json\/wp\/v2\/comments?post=146"}],"version-history":[{"count":1,"href":"https:\/\/www.ct.ufpb.br\/ccgec\/wp-json\/wp\/v2\/pages\/146\/revisions"}],"predecessor-version":[{"id":147,"href":"https:\/\/www.ct.ufpb.br\/ccgec\/wp-json\/wp\/v2\/pages\/146\/revisions\/147"}],"wp:attachment":[{"href":"https:\/\/www.ct.ufpb.br\/ccgec\/wp-json\/wp\/v2\/media?parent=146"}],"curies":[{"name":"wp","href":"https:\/\/api.w.org\/{rel}","templated":true}]}}