{"id":143,"date":"2026-01-12T17:08:54","date_gmt":"2026-01-12T20:08:54","guid":{"rendered":"https:\/\/www.ct.ufpb.br\/ccgec\/?page_id=143"},"modified":"2026-01-12T17:08:54","modified_gmt":"2026-01-12T20:08:54","slug":"estagio-supervisionado-curricular","status":"publish","type":"page","link":"https:\/\/www.ct.ufpb.br\/ccgec\/estagio-supervisionado-curricular\/","title":{"rendered":"Est\u00e1gio Supervisionado Curricular"},"content":{"rendered":"\n<p><\/p>\n\n\n\n<p>O curso de Engenharia Civil oferece uma atividade pr\u00e1tica fundamental, o Est\u00e1gio Supervisionado Curricular, que permite a aplica\u00e7\u00e3o dos conhecimentos adquiridos ao longo da gradua\u00e7\u00e3o. Conv\u00eanios firmados entre a UFPB e diversas empresas de engenharia, al\u00e9m de \u00f3rg\u00e3os governamentais, possibilitam, em sua maioria, a realiza\u00e7\u00e3o do est\u00e1gio remunerado.<\/p>\n\n\n\n<p><strong>Requisitos para Matr\u00edcula no Est\u00e1gio Supervisionado Curricular<\/strong><\/p>\n\n\n\n<p>O estudante deve ter integralizado, no m\u00ednimo,&nbsp;<strong>190 cr\u00e9ditos (2.850 horas)<\/strong>&nbsp;para se matricular na atividade&nbsp;<strong>Est\u00e1gio Supervisionado Curricular (GDECV0110)<\/strong>.<\/p>\n\n\n\n<ul class=\"wp-block-list\">\n<li>A atividade \u00e9 obrigat\u00f3ria e possui carga hor\u00e1ria de 300 horas (20 cr\u00e9ditos).<\/li>\n\n\n\n<li>Os procedimentos para sua realiza\u00e7\u00e3o s\u00e3o regidos pela\u00a0<a href=\"http:\/\/plone.ufpb.br\/ccec\/contents\/documentos\/portarias-e-resulocoes\/portaria_ccgec_02-2011_-_estgio_supervisionado-atualizado-2021.pdf\">Portaria CCGEC n\u00b0 02\/2011<\/a>, alterada pela\u00a0<a href=\"http:\/\/plone.ufpb.br\/ccec\/contents\/documentos\/portarias-e-resulocoes\/portaria_ccgec_012021__estagio_supervisionado.pdf\">Portaria CCGEC n\u00b0 01\/2021<\/a>.<\/li>\n\n\n\n<li>O estudante que\u00a0<strong>ainda n\u00e3o integralizou os 190 cr\u00e9ditos<\/strong>\u00a0exigidos poder\u00e1 realizar apenas o\u00a0<strong>Est\u00e1gio n\u00e3o Obrigat\u00f3rio<\/strong>.<\/li>\n<\/ul>\n\n\n\n<p class=\" \">&nbsp;<\/p>\n\n\n\n<p class=\" \"><strong>Solicita\u00e7\u00e3o de matr\u00edcula na atividade de Est\u00e1gio Supervisionado Curricular (GDECV0110)<\/strong><\/p>\n\n\n\n<p class=\" \"><a href=\"http:\/\/plone.ufpb.br\/ccec\/contents\/documentos\/estagio\/FormulriodeIndicaodeOrientador_Estgio.doc\"><strong>&nbsp;&#8211; Formul\u00e1rio de Indica\u00e7\u00e3o do Orientador&nbsp;<\/strong><\/a>(clique para baixar)<a href=\"http:\/\/plone.ufpb.br\/ccec\/contents\/documentos\/estagio\/FormulriodeIndicaodeOrientador_Estgio.doc\"><\/a><\/p>\n\n\n\n<p><strong>Prazos e Documentos para Consolida\u00e7\u00e3o do Est\u00e1gio Obrigat\u00f3rio<\/strong><\/p>\n\n\n\n<p class=\" \"><strong>Documenta\u00e7\u00e3o necess\u00e1ria para a consolida\u00e7\u00e3o da atividade<\/strong><\/p>\n\n\n\n<p class=\" \">Para concluir a atividade GDECV0110, o estudante deve realizar o preenchimento\/<em>upload<\/em>&nbsp;do Relat\u00f3rio de Est\u00e1gio no SIGAA e solicitar a aprova\u00e7\u00e3o do orientador, al\u00e9m de enviar toda a documenta\u00e7\u00e3o via sistema de chamados.<\/p>\n\n\n\n<ul class=\"wp-block-list\">\n<li><strong><a href=\"http:\/\/plone.ufpb.br\/ccec\/contents\/documentos\/outros\/Modeloderelatrio.doc\">Relat\u00f3rio de Est\u00e1gio (Obrigat\u00f3rio\/N\u00e3o Obrigat\u00f3rio)<\/a><\/strong>\u00a0\u2013\u00a0<em>(Modelo disponibilizado pela CGE)<\/em><\/li>\n\n\n\n<li><strong><a href=\"http:\/\/plone.ufpb.br\/ccec\/contents\/documentos\/estagio\/avaliao_do_estagirio_pela_empresa.pdf\">Avalia\u00e7\u00e3o do Estagi\u00e1rio pela Empresa<\/a><\/strong><\/li>\n\n\n\n<li><strong><a href=\"http:\/\/plone.ufpb.br\/ccec\/contents\/documentos\/estagio\/questionrio_sobre_o_estgio_realizado.pdf\">Question\u00e1rio sobre o est\u00e1gio realizado<\/a><\/strong><\/li>\n\n\n\n<li><strong><a href=\"http:\/\/plone.ufpb.br\/ccec\/contents\/documentos\/estagio\/avaliao_de_relatrio_de_estgio_-_a_partir_de_2007-1.pdf\">Ficha de Avalia\u00e7\u00e3o do Relat\u00f3rio de Est\u00e1gio<\/a><\/strong><\/li>\n\n\n\n<li><strong>Declara\u00e7\u00e3o do Concedente<\/strong>\u00a0\u2013\u00a0<em>(Deve conter o per\u00edodo do est\u00e1gio e a carga hor\u00e1ria cumprida pelo estudante)<\/em><\/li>\n\n\n\n<li><strong><a href=\"http:\/\/plone.ufpb.br\/ccec\/contents\/documentos\/processos\/copy_of_requerimentogeral2.docx\">Requerimento Geral<\/a><\/strong>\u00a0\u2013\u00a0<em>(Para solicita\u00e7\u00e3o de aproveitamento do Est\u00e1gio N\u00e3o Obrigat\u00f3rio)<\/em><\/li>\n<\/ul>\n\n\n\n<p><strong>Orienta\u00e7\u00f5es Gerais<\/strong><\/p>\n\n\n\n<p class=\" \"><strong>Indica\u00e7\u00e3o do Professor Orientador:<\/strong>&nbsp;No ato do cadastro do est\u00e1gio no&nbsp;<strong>SIGAA<\/strong>, o estudante deve indicar um professor orientador, que poder\u00e1 ser escolhido por ele e cadastrado mediante aceite do docente.<\/p>\n\n\n\n<p class=\" \"><strong>Assinaturas do TCE:<\/strong>&nbsp;O TCE deve ser submetido ao SIGAA ap\u00f3s conter todas as assinaturas (estudante, supervisor e coordenador). Para que o coordenador assine, \u00e9 necess\u00e1rio que o estudante envie o termo j\u00e1 assinado por ele e pelo supervisor\/respons\u00e1vel, em pdf, via&nbsp;<strong><a href=\"http:\/\/https\/\/atendimento.ct.ufpb.br\/index.php?category=22&amp;a=add\" target=\"_blank\" rel=\"noreferrer noopener\">sistema de chamados<\/a><\/strong>.<\/p>\n\n\n\n<p class=\" \"><strong>TCEs de Agentes Integradores (CIEE, IEL, etc.):<\/strong>&nbsp;O estudante deve cadastrar o est\u00e1gio no SIGAA e encaminhar o termo, em pdf, via&nbsp;<strong><a href=\"http:\/\/https\/\/atendimento.ct.ufpb.br\/index.php?category=22&amp;a=add\" target=\"_blank\" rel=\"noreferrer noopener\">sistema de chamados<\/a><\/strong>, j\u00e1 contendo sua assinatura e a do supervisor, para an\u00e1lise e assinatura do coordenador.<\/p>\n\n\n\n<p class=\" \"><strong>Relat\u00f3rios Peri\u00f3dicos:<\/strong>&nbsp;Tanto o est\u00e1gio&nbsp;<strong>obrigat\u00f3rio<\/strong>&nbsp;quanto o&nbsp;<strong>n\u00e3o obrigat\u00f3rio<\/strong>&nbsp;exigem a elabora\u00e7\u00e3o de relat\u00f3rios peri\u00f3dicos, que devem ser&nbsp;<strong>validados pelo orientador no SIGAA<\/strong>, conforme exigido pela Lei n\u00ba 11.788\/2008 (Art. 7\u00ba, IV).<\/p>\n\n\n\n<p class=\" \"><strong>Aproveitamento de Est\u00e1gio N\u00e3o Obrigat\u00f3rio:<\/strong>&nbsp;O est\u00e1gio n\u00e3o obrigat\u00f3rio pode ser aproveitado para consolida\u00e7\u00e3o do est\u00e1gio supervisionado, desde que tenha sido realizado&nbsp;<strong>ap\u00f3s a integraliza\u00e7\u00e3o dos 190 cr\u00e9ditos exigidos<\/strong>&nbsp;e que as atividades desenvolvidas sejam compat\u00edveis com a forma\u00e7\u00e3o do estudante.<\/p>\n\n\n\n<p class=\" \"><strong>Envio de Arquivos Grandes:<\/strong>&nbsp;Caso o&nbsp;<strong>Relat\u00f3rio de Est\u00e1gio<\/strong>&nbsp;ultrapasse&nbsp;<strong>10MB<\/strong>, recomenda-se o upload em uma plataforma de nuvem (Google Drive, OneDrive, Dropbox etc.) e o envio do&nbsp;<strong>link compartilhado<\/strong>&nbsp;via&nbsp;<strong><a href=\"http:\/\/https\/\/atendimento.ct.ufpb.br\/index.php?category=22&amp;a=add\" target=\"_blank\" rel=\"noreferrer noopener\">sistema de chamados<\/a><\/strong>. O envio de arquivos acima de 10MB diretamente pelo sistema pode gerar erro de envio (request timeout) e n\u00e3o registrar o chamado.<\/p>\n\n\n\n<p><strong>Procedimentos para&nbsp;preenchimento do Termo de Compromisso de Est\u00e1gio (TCE)<\/strong><\/p>\n\n\n\n<figure class=\"wp-block-image\"><a class=\"external-link\" href=\"http:\/\/www.prg.ufpb.br\/prg\/cem\/menu-cem\/estagio-1\/formularios\" target=\"_blank\" rel=\"noreferrer noopener\"><img decoding=\"async\" src=\"http:\/\/plone.ufpb.br\/ccec\/contents\/imagens\/o-que-e-jeunesse-clique-aqui-para-saber-mais-sobre-a-jeunesse.png\" alt=\"o-que-\u00e9-jeunesse-clique-aqui-para-saber-mais-sobre-a-jeunesse.png\" title=\"o-que-\u00e9-jeunesse-clique-aqui-para-saber-mais-sobre-a-jeunesse.png\" \/><\/a><\/figure>\n\n\n\n<p><strong>Legisla\u00e7\u00e3o do Est\u00e1gio &#8211;&nbsp;Lei n\u00ba 11.788\/2008<\/strong><\/p>\n\n\n\n<figure class=\"wp-block-image\"><a class=\"external-link\" href=\"http:\/\/www.planalto.gov.br\/ccivil_03\/_ato2007-2010\/2008\/lei\/l11788.htm\" target=\"_blank\" rel=\"noreferrer noopener\"><img decoding=\"async\" src=\"http:\/\/plone.ufpb.br\/ccec\/contents\/imagens\/o-que-e-jeunesse-clique-aqui-para-saber-mais-sobre-a-jeunesse.png\" alt=\"o-que-\u00e9-jeunesse-clique-aqui-para-saber-mais-sobre-a-jeunesse.png\" title=\"o-que-\u00e9-jeunesse-clique-aqui-para-saber-mais-sobre-a-jeunesse.png\" \/><\/a><\/figure>\n\n\n\n<p><strong>Procedimentos para acordo de Coopera\u00e7\u00e3o de Est\u00e1gio:<\/strong><\/p>\n\n\n\n<figure class=\"wp-block-image\"><a class=\"external-link\" href=\"http:\/\/www.prg.ufpb.br\/prg\/cem\/menu-cem\/estagio-1\/convenios\" target=\"_blank\" rel=\"noreferrer noopener\"><img decoding=\"async\" src=\"http:\/\/plone.ufpb.br\/ccec\/contents\/imagens\/o-que-e-jeunesse-clique-aqui-para-saber-mais-sobre-a-jeunesse.png\" alt=\"o-que-\u00e9-jeunesse-clique-aqui-para-saber-mais-sobre-a-jeunesse.png\" title=\"o-que-\u00e9-jeunesse-clique-aqui-para-saber-mais-sobre-a-jeunesse.png\" \/><\/a><\/figure>\n\n\n\n<p class=\" \"><a href=\"http:\/\/www.prg.ufpb.br\/prg\/cem\/menu-cem\/estagio-1\/convenios\" target=\"_blank\" rel=\"noreferrer noopener\"><\/a><\/p>\n","protected":false},"excerpt":{"rendered":"<p>O curso de Engenharia Civil oferece uma atividade pr\u00e1tica fundamental, o Est\u00e1gio Supervisionado Curricular, que [&hellip;]<\/p>\n","protected":false},"author":171,"featured_media":0,"parent":0,"menu_order":0,"comment_status":"closed","ping_status":"closed","template":"","meta":{"footnotes":""},"class_list":["post-143","page","type-page","status-publish","hentry"],"_links":{"self":[{"href":"https:\/\/www.ct.ufpb.br\/ccgec\/wp-json\/wp\/v2\/pages\/143","targetHints":{"allow":["GET"]}}],"collection":[{"href":"https:\/\/www.ct.ufpb.br\/ccgec\/wp-json\/wp\/v2\/pages"}],"about":[{"href":"https:\/\/www.ct.ufpb.br\/ccgec\/wp-json\/wp\/v2\/types\/page"}],"author":[{"embeddable":true,"href":"https:\/\/www.ct.ufpb.br\/ccgec\/wp-json\/wp\/v2\/users\/171"}],"replies":[{"embeddable":true,"href":"https:\/\/www.ct.ufpb.br\/ccgec\/wp-json\/wp\/v2\/comments?post=143"}],"version-history":[{"count":1,"href":"https:\/\/www.ct.ufpb.br\/ccgec\/wp-json\/wp\/v2\/pages\/143\/revisions"}],"predecessor-version":[{"id":144,"href":"https:\/\/www.ct.ufpb.br\/ccgec\/wp-json\/wp\/v2\/pages\/143\/revisions\/144"}],"wp:attachment":[{"href":"https:\/\/www.ct.ufpb.br\/ccgec\/wp-json\/wp\/v2\/media?parent=143"}],"curies":[{"name":"wp","href":"https:\/\/api.w.org\/{rel}","templated":true}]}}