{"id":37,"date":"2025-09-29T10:29:26","date_gmt":"2025-09-29T13:29:26","guid":{"rendered":"https:\/\/www.ct.ufpb.br\/ccau\/?page_id=37"},"modified":"2025-12-11T11:34:50","modified_gmt":"2025-12-11T14:34:50","slug":"corpo-docente","status":"publish","type":"page","link":"https:\/\/www.ct.ufpb.br\/cceam\/corpo-docente\/","title":{"rendered":"Corpo Docente"},"content":{"rendered":"\n<p><\/p>\n\n\n\n<p>O curso de Engenharia Ambiental abrange disciplinas ofertadas por v\u00e1rios departamentos, como Engenharia Civil e Ambiental, Sistem\u00e1tica e Ecologia, Geoci\u00eancias, Arquitetura, Engenharia de Produ\u00e7\u00e3o, Matem\u00e1tica, F\u00edsica e outros, de um total de seis diferentes centros, conforme tabela abaixo.<\/p>\n\n\n\n<p>Clique no nome do departamento para visualizar o corpo docente de cada um.<\/p>\n\n\n\n<figure class=\"wp-block-table\"><table class=\"has-fixed-layout\"><tbody><tr><td colspan=\"2\"><strong>CENTROS<\/strong><\/td><td colspan=\"2\"><strong>DEPARTAMENTOS<\/strong><\/td><\/tr><tr><td rowspan=\"3\"><strong>CT<\/strong><\/td><td rowspan=\"3\">Tecnologia<\/td><td><a href=\"https:\/\/sigaa.ufpb.br\/sigaa\/public\/departamento\/professores.jsf?id=1583\" target=\"_blank\" rel=\"noreferrer noopener\">Engenharia Civil e Ambiental<\/a><\/td><td>DECA<\/td><\/tr><tr><td><a href=\"https:\/\/sigaa.ufpb.br\/sigaa\/public\/departamento\/professores.jsf?id=1379\" target=\"_blank\" rel=\"noreferrer noopener\">Arquitetura e Urbanismo<\/a><\/td><td>DA<\/td><\/tr><tr><td><a href=\"https:\/\/sigaa.ufpb.br\/sigaa\/public\/departamento\/professores.jsf?id=1380\" target=\"_blank\" rel=\"noreferrer noopener\">Engenharia de Produ\u00e7\u00e3o<\/a><\/td><td>DEP<\/td><\/tr><tr><td rowspan=\"6\"><strong>CCEN<\/strong><\/td><td rowspan=\"6\">&nbsp;Ci\u00eancias Exatas e da Natureza<\/td><td><a href=\"https:\/\/sigaa.ufpb.br\/sigaa\/public\/departamento\/professores.jsf?id=1337\" target=\"_blank\" rel=\"noreferrer noopener\">Matem\u00e1tica<\/a><\/td><td>DM<\/td><\/tr><tr><td><a href=\"https:\/\/sigaa.ufpb.br\/sigaa\/public\/departamento\/professores.jsf?id=1335\" target=\"_blank\" rel=\"noreferrer noopener\">F\u00edsica<\/a><\/td><td>DF<\/td><\/tr><tr><td><a href=\"https:\/\/sigaa.ufpb.br\/sigaa\/public\/departamento\/professores.jsf?id=1341\" target=\"_blank\" rel=\"noreferrer noopener\">Estat\u00edstica<\/a><\/td><td>DE<\/td><\/tr><tr><td><a href=\"https:\/\/sigaa.ufpb.br\/sigaa\/public\/departamento\/professores.jsf?id=1338\" target=\"_blank\" rel=\"noreferrer noopener\">Qu\u00edmica<\/a><\/td><td>DQ<\/td><\/tr><tr><td><a href=\"https:\/\/sigaa.ufpb.br\/sigaa\/public\/departamento\/professores.jsf?id=1342\" target=\"_blank\" rel=\"noreferrer noopener\">Sistem\u00e1tica e Ecologia<\/a><\/td><td>DSE<\/td><\/tr><tr><td><a href=\"https:\/\/sigaa.ufpb.br\/sigaa\/public\/departamento\/professores.jsf?id=1336\" target=\"_blank\" rel=\"noreferrer noopener\">Geoci\u00eancias<\/a><\/td><td>DGeoc.<\/td><\/tr><tr><td rowspan=\"2\"><strong>CCSA<\/strong><\/td><td rowspan=\"2\">Ci\u00eancias Sociais e Aplicadas<\/td><td><a href=\"https:\/\/sigaa.ufpb.br\/sigaa\/public\/departamento\/professores.jsf?id=1330\" target=\"_blank\" rel=\"noreferrer noopener\">Administra\u00e7\u00e3o<\/a><\/td><td>DA<\/td><\/tr><tr><td><a href=\"https:\/\/sigaa.ufpb.br\/sigaa\/public\/departamento\/professores.jsf?id=1329\" target=\"_blank\" rel=\"noreferrer noopener\">Economia<\/a><\/td><td>DE<\/td><\/tr><tr><td rowspan=\"2\"><strong>CCHLA<\/strong><\/td><td rowspan=\"2\">Ci\u00eancias Humanas, Letras e Artes<\/td><td><a href=\"https:\/\/sigaa.ufpb.br\/sigaa\/public\/departamento\/professores.jsf?id=1349\" target=\"_blank\" rel=\"noreferrer noopener\">Letras Cl\u00e1ssicas e Vern\u00e1culas<\/a><\/td><td>DLCV<\/td><\/tr><tr><td><a href=\"https:\/\/sigaa.ufpb.br\/sigaa\/public\/departamento\/professores.jsf?id=1347\" target=\"_blank\" rel=\"noreferrer noopener\">Ci\u00eancias Sociais<\/a><\/td><td>DCS<\/td><\/tr><tr><td><strong>CCJ<\/strong><\/td><td>Ci\u00eancias Jur\u00eddicas<\/td><td><a href=\"https:\/\/sigaa.ufpb.br\/sigaa\/public\/departamento\/professores.jsf?id=1390\" target=\"_blank\" rel=\"noreferrer noopener\">Direito P\u00fablico<\/a><\/td><td>DDP<\/td><\/tr><tr><td><strong>CI<\/strong><\/td><td>Inform\u00e1tica<\/td><td><a href=\"https:\/\/sigaa.ufpb.br\/sigaa\/public\/departamento\/professores.jsf?id=2151\" target=\"_blank\" rel=\"noreferrer noopener\">Inform\u00e1tica<\/a><\/td><td>DI<\/td><\/tr><\/tbody><\/table><\/figure>\n","protected":false},"excerpt":{"rendered":"<p>O curso de Engenharia Ambiental abrange disciplinas ofertadas por v\u00e1rios departamentos, como Engenharia Civil e [&hellip;]<\/p>\n","protected":false},"author":63,"featured_media":0,"parent":0,"menu_order":0,"comment_status":"closed","ping_status":"closed","template":"","meta":{"footnotes":""},"class_list":["post-37","page","type-page","status-publish","hentry"],"_links":{"self":[{"href":"https:\/\/www.ct.ufpb.br\/cceam\/wp-json\/wp\/v2\/pages\/37","targetHints":{"allow":["GET"]}}],"collection":[{"href":"https:\/\/www.ct.ufpb.br\/cceam\/wp-json\/wp\/v2\/pages"}],"about":[{"href":"https:\/\/www.ct.ufpb.br\/cceam\/wp-json\/wp\/v2\/types\/page"}],"author":[{"embeddable":true,"href":"https:\/\/www.ct.ufpb.br\/cceam\/wp-json\/wp\/v2\/users\/63"}],"replies":[{"embeddable":true,"href":"https:\/\/www.ct.ufpb.br\/cceam\/wp-json\/wp\/v2\/comments?post=37"}],"version-history":[{"count":2,"href":"https:\/\/www.ct.ufpb.br\/cceam\/wp-json\/wp\/v2\/pages\/37\/revisions"}],"predecessor-version":[{"id":119,"href":"https:\/\/www.ct.ufpb.br\/cceam\/wp-json\/wp\/v2\/pages\/37\/revisions\/119"}],"wp:attachment":[{"href":"https:\/\/www.ct.ufpb.br\/cceam\/wp-json\/wp\/v2\/media?parent=37"}],"curies":[{"name":"wp","href":"https:\/\/api.w.org\/{rel}","templated":true}]}}