{"id":31,"date":"2025-09-29T10:28:38","date_gmt":"2025-09-29T13:28:38","guid":{"rendered":"https:\/\/www.ct.ufpb.br\/ccau\/?page_id=31"},"modified":"2025-12-10T11:52:56","modified_gmt":"2025-12-10T14:52:56","slug":"laboratorios","status":"publish","type":"page","link":"https:\/\/www.ct.ufpb.br\/cceam\/laboratorios\/","title":{"rendered":"Laborat\u00f3rios"},"content":{"rendered":"\n<p><\/p>\n\n\n\n<p>Diversos laborat\u00f3rios servem ao curso de Engenharia Ambiental, de forma distribu\u00edda pelos diferentes centros cujos departamentos atendem ao curso.<\/p>\n\n\n\n<p><strong>1) Laborat\u00f3rios do Departamento de Engenharia Civil e Ambiental (CT)<\/strong><\/p>\n\n\n\n<p>&nbsp;&nbsp;&nbsp; Laborat\u00f3rio de Recursos H\u00eddricos e Engenharia Ambiental &#8211; LARHENA<br>&nbsp;&nbsp;&nbsp;&nbsp;<a href=\"http:\/\/www.lenhs.ct.ufpb.br\/\" target=\"_blank\" rel=\"noreferrer noopener\">Laborat\u00f3rio de Efici\u00eancia Energ\u00e9tica e Hidr\u00e1ulica em Saneamento \u2013 LENHS<\/a><br>&nbsp;&nbsp;&nbsp; Laborat\u00f3rio de Mec\u00e2nica dos Fluidos Hidr\u00e1ulica<br>&nbsp; &nbsp; Laborat\u00f3rio de Pesquisa em Sistemas Ambientais Urbanos<br>&nbsp;&nbsp;&nbsp; Laborat\u00f3rio de Qu\u00edmica Ambiental<br>&nbsp;&nbsp;&nbsp; Laborat\u00f3rio de Saneamento<br>&nbsp;&nbsp;&nbsp; Laborat\u00f3rio de Topografia \u2013 LABTOP<\/p>\n\n\n\n<p><strong>2) Laborat\u00f3rios do Departamento de Geoci\u00eancias (CCEN)<\/strong><\/p>\n\n\n\n<p>&nbsp;&nbsp;&nbsp;&nbsp;<a href=\"http:\/\/www.geociencias.ufpb.br\/leppan\/\" target=\"_blank\" rel=\"noreferrer noopener\">Laborat\u00f3rio de Ensino, Pesquisa e Projetos em An\u00e1lise Espacial &#8211; LEPPAN<\/a><br>&nbsp;&nbsp;&nbsp; Laborat\u00f3rio de Estudos Geol\u00f3gicos e Ambientais &#8211; LEGAM<br>&nbsp;&nbsp;&nbsp; Laborat\u00f3rio de Interpreta\u00e7\u00e3o da Imagem e An\u00e1lise Ambiental &#8211; LIIAA<\/p>\n\n\n\n<p><strong>3) Laborat\u00f3rios do Departamento de Sistem\u00e1tica e Ecologia (CCEN)<\/strong><\/p>\n\n\n\n<p>&nbsp;&nbsp;&nbsp; Laborat\u00f3rio de Hidrologia e Microbiologia<br>&nbsp;&nbsp;&nbsp; Laborat\u00f3rio Did\u00e1tico de Ecologia<br>&nbsp;&nbsp;&nbsp; Laborat\u00f3rio Did\u00e1tico de Bot\u00e2nica<br>&nbsp;&nbsp;&nbsp; Laborat\u00f3rio Did\u00e1tico de Zoologia<\/p>\n\n\n\n<p><strong>4) Laborat\u00f3rios do Departamento de Arquitetura e Urbanismo (CT)<\/strong><\/p>\n\n\n\n<p>&nbsp;&nbsp;&nbsp;&nbsp;<a href=\"http:\/\/laurbeufpb.wixsite.com\/laurbe\" target=\"_blank\" rel=\"noreferrer noopener\">Laborat\u00f3rio do Ambiente Urbano e Edificado &#8211; LAURBE<\/a><br>&nbsp;&nbsp;&nbsp; Laborat\u00f3rios de Computa\u00e7\u00e3o Gr\u00e1fica<\/p>\n\n\n\n<p><strong>5) Laborat\u00f3rios do Departamento de Engenharia de Produ\u00e7\u00e3o (CT)<\/strong><\/p>\n\n\n\n<p>&nbsp;&nbsp;&nbsp;&nbsp;<a href=\"http:\/\/www.ct.ufpb.br\/lat\" target=\"_blank\" rel=\"noreferrer noopener\">Laborat\u00f3rio de An\u00e1lise do Trabalho<\/a><br>&nbsp;&nbsp;&nbsp;<a href=\"http:\/\/www.ct.ufpb.br\/dep\/contents\/paginas\/labmeqa-laboratorio-de-metodos-quantitativos-aplicados\" target=\"_blank\" rel=\"noreferrer noopener\">&nbsp;Laborat\u00f3rios de M\u00e9todos Quantitativos Aplicados<\/a><\/p>\n\n\n\n<p><strong>6) Laborat\u00f3rios do Departamento de F\u00edsica (CCEN)<\/strong><\/p>\n\n\n\n<p>&nbsp;&nbsp;&nbsp;&nbsp;Laborat\u00f3rio de F\u00edsica Experimental<\/p>\n\n\n\n<p><strong>7) Laborat\u00f3rios do Departamento de Qu\u00edmica (CCEN)<\/strong><\/p>\n\n\n\n<p>&nbsp;&nbsp;&nbsp;&nbsp;Laborat\u00f3rio de Qu\u00edmica B\u00e1sica<br>&nbsp;&nbsp;&nbsp;&nbsp;Laborat\u00f3rio de An\u00e1lise Instrumental<\/p>\n","protected":false},"excerpt":{"rendered":"<p>Diversos laborat\u00f3rios servem ao curso de Engenharia Ambiental, de forma distribu\u00edda pelos diferentes centros cujos [&hellip;]<\/p>\n","protected":false},"author":63,"featured_media":0,"parent":0,"menu_order":0,"comment_status":"closed","ping_status":"closed","template":"","meta":{"footnotes":""},"class_list":["post-31","page","type-page","status-publish","hentry"],"_links":{"self":[{"href":"https:\/\/www.ct.ufpb.br\/cceam\/wp-json\/wp\/v2\/pages\/31","targetHints":{"allow":["GET"]}}],"collection":[{"href":"https:\/\/www.ct.ufpb.br\/cceam\/wp-json\/wp\/v2\/pages"}],"about":[{"href":"https:\/\/www.ct.ufpb.br\/cceam\/wp-json\/wp\/v2\/types\/page"}],"author":[{"embeddable":true,"href":"https:\/\/www.ct.ufpb.br\/cceam\/wp-json\/wp\/v2\/users\/63"}],"replies":[{"embeddable":true,"href":"https:\/\/www.ct.ufpb.br\/cceam\/wp-json\/wp\/v2\/comments?post=31"}],"version-history":[{"count":1,"href":"https:\/\/www.ct.ufpb.br\/cceam\/wp-json\/wp\/v2\/pages\/31\/revisions"}],"predecessor-version":[{"id":104,"href":"https:\/\/www.ct.ufpb.br\/cceam\/wp-json\/wp\/v2\/pages\/31\/revisions\/104"}],"wp:attachment":[{"href":"https:\/\/www.ct.ufpb.br\/cceam\/wp-json\/wp\/v2\/media?parent=31"}],"curies":[{"name":"wp","href":"https:\/\/api.w.org\/{rel}","templated":true}]}}