{"id":37,"date":"2025-09-29T10:29:26","date_gmt":"2025-09-29T13:29:26","guid":{"rendered":"https:\/\/www.ct.ufpb.br\/ccau\/?page_id=37"},"modified":"2026-02-24T19:47:48","modified_gmt":"2026-02-24T22:47:48","slug":"corpo-docente","status":"publish","type":"page","link":"https:\/\/www.ct.ufpb.br\/ccau\/corpo-docente\/","title":{"rendered":"Corpo Docente"},"content":{"rendered":"\n<p>Atualmente, o Projeto Pedag\u00f3gico do curso de Arquitetura e Urbanismo da UFPB \u00e9 composto por 47 componentes curriculares obrigat\u00f3rios, dos quais 41 s\u00e3o ofertados pelo Departamento de Arquitetura e Urbanismo (DAU\/CT), 04 pelo Departamento de Engenharia Civil e Ambiental (DECA\/CT), 01 pelo Departamento de Engenharia de Produ\u00e7\u00e3o (DEP\/CT) e 01 pelo Departamento de Ci\u00eancias Sociais (DCS\/CCHLA).<\/p>\n\n\n\n<p>O Corpo Docente destes departamentos \u00e9 bem qualificado e atuante em atividades de ensino, pesquisa e extens\u00e3o.<\/p>\n\n\n\n<p><a href=\"http:\/\/sigaa.ufpb.br\/sigaa\/public\/departamento\/professores.jsf?id=1379\" target=\"_blank\" rel=\"noreferrer noopener\">Confira o Corpo Docente do Departamento de Arquitetura e Urbanismo<br><\/a><a href=\"https:\/\/sigaa.ufpb.br\/sigaa\/public\/departamento\/professores.jsf?id=1583\" target=\"_blank\" rel=\"noreferrer noopener\">Confira o Corpo Docente do Departamento de Engenharia Civil e Ambiental<\/a><br><a href=\"https:\/\/sigaa.ufpb.br\/sigaa\/public\/departamento\/professores.jsf?id=1380\" target=\"_blank\" rel=\"noreferrer noopener\">Confira o Corpo Docente do Departamento de Engenharia de Produ\u00e7\u00e3o<\/a><br><a href=\"https:\/\/sigaa.ufpb.br\/sigaa\/public\/departamento\/professores.jsf?id=1347\" target=\"_blank\" rel=\"noreferrer noopener\">Confira o Corpo Docente do Departamento de Ci\u00eancias Sociais<\/a><\/p>\n","protected":false},"excerpt":{"rendered":"<p>Atualmente, o Projeto Pedag\u00f3gico do curso de Arquitetura e Urbanismo da UFPB \u00e9 composto por [&hellip;]<\/p>\n","protected":false},"author":63,"featured_media":0,"parent":0,"menu_order":0,"comment_status":"closed","ping_status":"closed","template":"","meta":{"footnotes":""},"class_list":["post-37","page","type-page","status-publish","hentry"],"_links":{"self":[{"href":"https:\/\/www.ct.ufpb.br\/ccau\/wp-json\/wp\/v2\/pages\/37","targetHints":{"allow":["GET"]}}],"collection":[{"href":"https:\/\/www.ct.ufpb.br\/ccau\/wp-json\/wp\/v2\/pages"}],"about":[{"href":"https:\/\/www.ct.ufpb.br\/ccau\/wp-json\/wp\/v2\/types\/page"}],"author":[{"embeddable":true,"href":"https:\/\/www.ct.ufpb.br\/ccau\/wp-json\/wp\/v2\/users\/63"}],"replies":[{"embeddable":true,"href":"https:\/\/www.ct.ufpb.br\/ccau\/wp-json\/wp\/v2\/comments?post=37"}],"version-history":[{"count":2,"href":"https:\/\/www.ct.ufpb.br\/ccau\/wp-json\/wp\/v2\/pages\/37\/revisions"}],"predecessor-version":[{"id":127,"href":"https:\/\/www.ct.ufpb.br\/ccau\/wp-json\/wp\/v2\/pages\/37\/revisions\/127"}],"wp:attachment":[{"href":"https:\/\/www.ct.ufpb.br\/ccau\/wp-json\/wp\/v2\/media?parent=37"}],"curies":[{"name":"wp","href":"https:\/\/api.w.org\/{rel}","templated":true}]}}