{"id":31,"date":"2025-09-29T10:28:38","date_gmt":"2025-09-29T13:28:38","guid":{"rendered":"https:\/\/www.ct.ufpb.br\/ccau\/?page_id=31"},"modified":"2026-02-24T19:43:10","modified_gmt":"2026-02-24T22:43:10","slug":"laboratorios","status":"publish","type":"page","link":"https:\/\/www.ct.ufpb.br\/ccau\/laboratorios\/","title":{"rendered":"Laborat\u00f3rios"},"content":{"rendered":"\n<p>Os laborat\u00f3rios que d\u00e3o apoio e s\u00e3o utilizados pelos discentes do curso de Arquitetura e Urbanismo da UFPB s\u00e3o os subordinados ao Departamento de Arquitetura e Urbanismo. S\u00e3o eles:<\/p>\n\n\n\n<p>\u27a1\ufe0f <a href=\"https:\/\/security.ufpb.br\/labcon\" target=\"_blank\" rel=\"noreferrer noopener\">Laborat\u00f3rio de Conforto Ambiental &#8211; LABCON<\/a><\/p>\n\n\n\n<p>\u27a1\ufe0f <a href=\"http:\/\/www.ct.ufpb.br\/ctarq\/lacesse\" target=\"_blank\" rel=\"noreferrer noopener\">Laborat\u00f3rio de Acessibilidade &#8211; LACESSE<\/a><\/p>\n\n\n\n<p>\u27a1\ufe0f <a href=\"https:\/\/leccur.wordpress.com\/\" target=\"_blank\" rel=\"noreferrer noopener\">Laborat\u00f3rio de Estudos sobre Cidade, Cultura e Urbanidade &#8211; LECCUR<\/a><\/p>\n\n\n\n<p>\u27a1\ufe0f Laborat\u00f3rio de Modelos e Prototipagem &#8211; LMN + P<\/p>\n\n\n\n<p>\u27a1\ufe0f <a href=\"https:\/\/ufpblppm.wixsite.com\/lppm\" target=\"_blank\" rel=\"noreferrer noopener\">Laborat\u00f3rio de Pesquisa, Projeto e Mem\u00f3ria &#8211; LPPM<\/a><\/p>\n\n\n\n<p>\u27a1\ufe0f <a href=\"https:\/\/laurbeufpb.wixsite.com\/laurbe\" target=\"_blank\" rel=\"noreferrer noopener\">Laborat\u00f3rio do Ambiente Urbano e Edificado &#8211; LAURBE<\/a><\/p>\n\n\n\n<p>Al\u00e9m desses, os alunos do curso tamb\u00e9m podem utilizar outros laborat\u00f3rios, como o Laborat\u00f3rio de Inform\u00e1tica (LABGRAPH).<\/p>\n\n\n\n<p><\/p>\n","protected":false},"excerpt":{"rendered":"<p>Os laborat\u00f3rios que d\u00e3o apoio e s\u00e3o utilizados pelos discentes do curso de Arquitetura e [&hellip;]<\/p>\n","protected":false},"author":63,"featured_media":0,"parent":0,"menu_order":0,"comment_status":"closed","ping_status":"closed","template":"","meta":{"footnotes":""},"class_list":["post-31","page","type-page","status-publish","hentry"],"_links":{"self":[{"href":"https:\/\/www.ct.ufpb.br\/ccau\/wp-json\/wp\/v2\/pages\/31","targetHints":{"allow":["GET"]}}],"collection":[{"href":"https:\/\/www.ct.ufpb.br\/ccau\/wp-json\/wp\/v2\/pages"}],"about":[{"href":"https:\/\/www.ct.ufpb.br\/ccau\/wp-json\/wp\/v2\/types\/page"}],"author":[{"embeddable":true,"href":"https:\/\/www.ct.ufpb.br\/ccau\/wp-json\/wp\/v2\/users\/63"}],"replies":[{"embeddable":true,"href":"https:\/\/www.ct.ufpb.br\/ccau\/wp-json\/wp\/v2\/comments?post=31"}],"version-history":[{"count":3,"href":"https:\/\/www.ct.ufpb.br\/ccau\/wp-json\/wp\/v2\/pages\/31\/revisions"}],"predecessor-version":[{"id":120,"href":"https:\/\/www.ct.ufpb.br\/ccau\/wp-json\/wp\/v2\/pages\/31\/revisions\/120"}],"wp:attachment":[{"href":"https:\/\/www.ct.ufpb.br\/ccau\/wp-json\/wp\/v2\/media?parent=31"}],"curies":[{"name":"wp","href":"https:\/\/api.w.org\/{rel}","templated":true}]}}