{"id":27,"date":"2025-09-29T10:28:14","date_gmt":"2025-09-29T13:28:14","guid":{"rendered":"https:\/\/www.ct.ufpb.br\/ccau\/?page_id=27"},"modified":"2025-10-20T15:42:07","modified_gmt":"2025-10-20T18:42:07","slug":"normativas","status":"publish","type":"page","link":"https:\/\/www.ct.ufpb.br\/ccau\/normativas\/","title":{"rendered":"Normativas"},"content":{"rendered":"\n<figure class=\"wp-block-table\"><table class=\"has-fixed-layout\"><tbody><tr><td><a href=\"https:\/\/sig-arq.ufpb.br\/arquivos\/2020189051e2be2611980cbe468246287\/Resp29.20.pdf\" target=\"_blank\" rel=\"noreferrer noopener\"><strong>Resolu\u00e7\u00e3o CONSEPE N\u00ba 29\/2020<\/strong><strong><\/strong><strong><\/strong><\/a><\/td><td><strong>Regulamento Geral&nbsp;<\/strong>dos Cursos Regulares de Gradua\u00e7\u00e3o da&nbsp;Universidade Federal da Para\u00edba<\/td><\/tr><tr><td><a href=\"http:\/\/plone.ufpb.br\/ccau\/contents\/legislacao\/portarias-ccau\/resolucao-03-2024-ccau-estagio-ii.pdf\"><strong>RESOLU\u00c7\u00c3O N\u00ba 03\/2024\/CCAU\/CT\/UFPB<\/strong><\/a><\/td><td>Regulamenta os&nbsp;<strong>Est\u00e1gios Supervisionados Obrigat\u00f3rio e N\u00e3o Obrigat\u00f3rio<\/strong>&nbsp;no curso de Gradua\u00e7\u00e3o em Arquitetura e Urbanismo do Centro de Tecnologia da UFPB<\/td><\/tr><tr><td><a href=\"http:\/\/plone.ufpb.br\/ccau\/contents\/legislacao\/portarias-ccau\/resolucao-02-2024-ccau-conteudos-flexiveis.pdf\"><strong>RESOLU\u00c7\u00c3O N\u00ba 02\/2024\/CCAU\/CT\/UFPB<\/strong><\/a><\/td><td>Regulamenta os&nbsp;<strong>Conte\u00fados Complementares Flex\u00edveis<\/strong>&nbsp;do Curso de Gradua\u00e7\u00e3o em Arquitetura e Urbanismo, segundo a Resolu\u00e7\u00e3o CONSEPE\/UFPB N\u00ba 47\/2012, de 30\/04\/2012, que aprovou o Projeto Pedag\u00f3gico do Curso em vigor.<\/td><\/tr><tr><td><a href=\"http:\/\/plone.ufpb.br\/ccau\/contents\/legislacao\/portarias-ccau\/resolucao-01-2024-ccau-tcc-ii.pdf\"><strong>RESOLU\u00c7\u00c3O N0 01\/2024\/CCAU\/CT\/UFPB<\/strong><\/a><\/td><td>Regulamenta a estrutura e estabelece crit\u00e9rios para elabora\u00e7\u00e3o, defesa e avalia\u00e7\u00e3o do Trab<strong>alho de Conclus\u00e3o de Curso II<\/strong>, do curso de Gradua\u00e7\u00e3o em Arquitetura e Urbanismo, segundo a Resolu\u00e7\u00e3o CONSEPE N\u00ba 47\/2012, de 30\/04\/2012, que aprovou o Projeto Pedag\u00f3gico do Curso em vigor.<\/td><\/tr><tr><td><a href=\"http:\/\/plone.ufpb.br\/ccau\/contents\/legislacao\/portarias-ccau\/resolucao-03-2021-ccau-optativas-de-livre-escolha.pdf\"><strong>Resolu\u00e7\u00e3o N\u00ba 03\/2021\/CCAU\/CT\/UFPB<\/strong><\/a><\/td><td>Disp\u00f5e sobre a regulamenta\u00e7\u00e3o do procedimento de&nbsp;<strong>aproveitamento de componentes curriculares optativos de livre escolha<\/strong>&nbsp;no curso de gradua\u00e7\u00e3o em Arquitetura e Urbanismo do CT\/UFPB.<\/td><\/tr><tr><td><strong><a href=\"http:\/\/plone.ufpb.br\/ccau\/contents\/legislacao\/portarias-ccau\/portaria-ccau-04-2019-criterios-para-revalidacao-de-diplomas-estrangeiros.pdf\">Portaria CCAU N\u00ba 04\/2019<\/a><\/strong><\/td><td>Regulamenta crit\u00e9rios para&nbsp;<strong>revalida\u00e7\u00e3o de diplomas estrangeiros<\/strong>&nbsp;pelo Curso de Gradua\u00e7\u00e3o em Arquitetura e Urbanismo do Centro de Tecnologia da UFPB.<\/td><\/tr><tr><td><strong><a href=\"http:\/\/plone.ufpb.br\/ccau\/contents\/legislacao\/portarias-ccau\/portaria-ccau-03-2019-estagio-supervisionado-i.pdf\"><strong>Portaria CCAU N\u00ba 03\/2019<\/strong><\/a><a href=\"http:\/\/plone.ufpb.br\/ccau\/contents\/legislacao\/portarias-ccau\/portaria-ccau-04-2019-criterios-para-revalidacao-de-diplomas-estrangeiros.pdf\"><\/a><\/strong><\/td><td>Regulamenta o&nbsp;<strong>Est\u00e1gio Supervisionado I<\/strong>, componente curricular do curso de gradua\u00e7\u00e3o em Arquitetura e Urbanismo, revoga a Portaria CCAU n\u00ba 04\/2002 e d\u00e1 outras provid\u00eancias.<\/td><\/tr><tr><td><a href=\"http:\/\/plone.ufpb.br\/ccau\/contents\/legislacao\/portarias-ccau\/portaria-ccau-no-01-2018-ingresso-de-graduados.pdf\"><strong>Portaria CCAU N\u00ba 01\/2018<\/strong><\/a><\/td><td>Regulamenta os crit\u00e9rios de sele\u00e7\u00e3o para&nbsp;<strong>Ingresso de Graduados&nbsp;<\/strong>no Curso de Gradua\u00e7\u00e3o em Arquitetura e Urbanismo da UFPB.<\/td><\/tr><tr><td><a href=\"http:\/\/plone.ufpb.br\/ccau\/contents\/legislacao\/portarias-ccau\/portaria-ccau-no-01-2018-ingresso-de-graduados.pdf\"><strong><\/strong><\/a><strong><a href=\"http:\/\/plone.ufpb.br\/ccau\/contents\/legislacao\/portarias-ccau\/portaria-01-2016-tcc-i.pdf\"><strong>Portaria CCAU N\u00ba 01\/2016<\/strong><\/a><\/strong><\/td><td>Regulamenta a elabora\u00e7\u00e3o e a orienta\u00e7\u00e3o do plano de estudos para realiza\u00e7\u00e3o do&nbsp;<strong>Trabalho de Conclus\u00e3o de Curso I<\/strong>, da Gradua\u00e7\u00e3o em Arquitetura e Urbanismo, segundo a Resolu\u00e7\u00e3o 47\/2012 do Consepe, de 30\/04\/2012, que aprovou o novo PPC que reformula a estrutura curricular do curso.<\/td><\/tr><\/tbody><\/table><\/figure>\n\n\n\n<p><strong>REVOGADAS<\/strong><\/p>\n\n\n\n<figure class=\"wp-block-table\"><table class=\"has-fixed-layout\"><tbody><tr><td><a href=\"http:\/\/plone.ufpb.br\/ccau\/contents\/legislacao\/portarias-ccau\/portaria-02-2016-tcc-ii.pdf\"><strong>Portaria CCAU N\u00ba 02\/2016<\/strong><\/a><\/td><td>Regulamenta a estrutura e estabelece crit\u00e9rios para elabora\u00e7\u00e3o, defesa e avalia\u00e7\u00e3o do&nbsp;<strong>Trabalho de Conclus\u00e3o de Curso II<\/strong>, da Gradua\u00e7\u00e3o em Arquitetura e Urbanismo, segundo a Resolu\u00e7\u00e3o 47\/2012 do Consepe, de 30\/04\/2012, que aprovou o novo PPC que reformulou a estrutura curricular do Curso.<\/td><\/tr><tr><td><a href=\"http:\/\/plone.ufpb.br\/ccau\/contents\/legislacao\/portarias-ccau\/portaria-ccau-02-2017-conteudos-complementares-flexiveis-2017-ppc-2012-revisada.pdf\"><strong>Portaria CCAU N\u00ba 02\/2017<\/strong><\/a><\/td><td>Regulamenta os&nbsp;<strong>Conte\u00fados Complementares Flex\u00edveis<\/strong>&nbsp;do Curso de Gradua\u00e7\u00e3o em Arquitetura e Urbanismo, segundo a Resolu\u00e7\u00e3o 47\/2012 CONSEPE, de 30\/04\/2012 que aprovou o novo PPC e estrutura curricular do curso.<\/td><\/tr><tr><td><a href=\"http:\/\/plone.ufpb.br\/ccau\/contents\/legislacao\/portarias-ccau\/portaria-ccau-no-03-2017-estagio-supervisionado-ii-revisada.pdf\"><strong>Portaria CCAU N\u00ba 03\/2017<\/strong><\/a><\/td><td>Regulamenta&nbsp; o&nbsp;<strong>Est\u00e1gio Supervisionado II<\/strong>&nbsp;do curso de Arquitetura e Urbanismo<\/td><\/tr><tr><td><a href=\"http:\/\/plone.ufpb.br\/ccau\/contents\/legislacao\/portarias-ccau\/portaria-ccau-03-2019-estagio-supervisionado-i.pdf\"><strong>Portaria CCAU N\u00ba 03\/2019<\/strong><\/a><\/td><td>Regulamenta o&nbsp;<strong>Est\u00e1gio Supervisionado I<\/strong>, componente curricular do curso de gradua\u00e7\u00e3o em Arquitetura e Urbanismo, revoga a Portaria CCAU n\u00ba 04\/2002 e d\u00e1 outras provid\u00eancias.<\/td><\/tr><tr><td><strong><a href=\"http:\/\/plone.ufpb.br\/ccau\/contents\/legislacao\/portarias-ccau\/portaria-ccau-04-2019-criterios-para-revalidacao-de-diplomas-estrangeiros.pdf\">Portaria CCAU N\u00ba 04\/2019<\/a><\/strong><\/td><td>Regulamenta crit\u00e9rios para&nbsp;<strong>revalida\u00e7\u00e3o de diplomas estrangeiros<\/strong>&nbsp;pelo Curso de Gradua\u00e7\u00e3o em Arquitetura e Urbanismo do Centro de Tecnologia da UFPB.<\/td><\/tr><tr><td><strong><a href=\"http:\/\/plone.ufpb.br\/ccau\/contents\/legislacao\/portarias-ccau\/resolucao-01-2021-ccau-estagio-ii-extensao.pdf\">Resolu\u00e7\u00e3o N\u00ba 01\/2021\/CCAU\/CT\/UFPB<\/a><\/strong><\/td><td>Disp\u00f5e sobre a&nbsp;<strong>modalidade de est\u00e1gio remoto<\/strong>&nbsp;e o&nbsp;<strong>aproveitamento de participa\u00e7\u00e3o em projetos de extens\u00e3o como Est\u00e1gio Supervisionado II<\/strong>, de forma excepcional, enquanto durarem as medidas de isolamento social decorrente da pandemia da doen\u00e7a causada pelo novo Coronav\u00edrus (Covid-2019).<\/td><\/tr><tr><td><a href=\"http:\/\/plone.ufpb.br\/ccau\/contents\/legislacao\/portarias-ccau\/resolucao-03-2021-ccau-optativas-de-livre-escolha.pdf\"><strong>Resolu\u00e7\u00e3o N\u00ba 03\/2021\/CCAU\/CT\/UFPB<\/strong><\/a><\/td><td>Disp\u00f5e sobre a regulamenta\u00e7\u00e3o do procedimento de&nbsp;<strong>aproveitamento de componentes curriculares optativos de livre escolha<\/strong>&nbsp;no curso de gradua\u00e7\u00e3o em Arquitetura e Urbanismo do CT\/UFPB.<\/td><\/tr><\/tbody><\/table><\/figure>\n","protected":false},"excerpt":{"rendered":"<p>Resolu\u00e7\u00e3o CONSEPE N\u00ba 29\/2020 Regulamento Geral&nbsp;dos Cursos Regulares de Gradua\u00e7\u00e3o da&nbsp;Universidade Federal da Para\u00edba RESOLU\u00c7\u00c3O [&hellip;]<\/p>\n","protected":false},"author":63,"featured_media":0,"parent":0,"menu_order":0,"comment_status":"closed","ping_status":"closed","template":"","meta":{"footnotes":""},"class_list":["post-27","page","type-page","status-publish","hentry"],"_links":{"self":[{"href":"https:\/\/www.ct.ufpb.br\/ccau\/wp-json\/wp\/v2\/pages\/27","targetHints":{"allow":["GET"]}}],"collection":[{"href":"https:\/\/www.ct.ufpb.br\/ccau\/wp-json\/wp\/v2\/pages"}],"about":[{"href":"https:\/\/www.ct.ufpb.br\/ccau\/wp-json\/wp\/v2\/types\/page"}],"author":[{"embeddable":true,"href":"https:\/\/www.ct.ufpb.br\/ccau\/wp-json\/wp\/v2\/users\/63"}],"replies":[{"embeddable":true,"href":"https:\/\/www.ct.ufpb.br\/ccau\/wp-json\/wp\/v2\/comments?post=27"}],"version-history":[{"count":2,"href":"https:\/\/www.ct.ufpb.br\/ccau\/wp-json\/wp\/v2\/pages\/27\/revisions"}],"predecessor-version":[{"id":83,"href":"https:\/\/www.ct.ufpb.br\/ccau\/wp-json\/wp\/v2\/pages\/27\/revisions\/83"}],"wp:attachment":[{"href":"https:\/\/www.ct.ufpb.br\/ccau\/wp-json\/wp\/v2\/media?parent=27"}],"curies":[{"name":"wp","href":"https:\/\/api.w.org\/{rel}","templated":true}]}}