{"id":14,"date":"2025-09-29T10:20:24","date_gmt":"2025-09-29T13:20:24","guid":{"rendered":"https:\/\/www.ct.ufpb.br\/ccau\/?page_id=14"},"modified":"2025-10-20T10:58:05","modified_gmt":"2025-10-20T13:58:05","slug":"apresentacao","status":"publish","type":"page","link":"https:\/\/www.ct.ufpb.br\/ccau\/apresentacao\/","title":{"rendered":"Apresenta\u00e7\u00e3o"},"content":{"rendered":"\n<p>O Curso Superior de Arquitetura e Urbanismo da Universidade Federal da Para\u00edba tem como objetivo formar profissionais de n\u00edvel superior com compet\u00eancias e forma\u00e7\u00e3o que os habilite&nbsp;de forma plena, inovadora e empreendedora para atuar&nbsp;no contexto social, humano e ambiental,&nbsp;em atividades&nbsp;relativas \u00e0&nbsp;&nbsp;concep\u00e7\u00e3o e execu\u00e7\u00e3o de projetos de edif\u00edcios, ambientes internos,&nbsp;&nbsp;paisagismo, patrim\u00f4nio hist\u00f3rico &nbsp;e urbanismo.&nbsp;Estes campos de atua\u00e7\u00e3o profissional no exerc\u00edcio da arquitetura e urbanismo s\u00e3o definidos a partir das diretrizes curriculares nacionais que disp\u00f5em sobre a forma\u00e7\u00e3o do profissional arquiteto e urbanista.<\/p>\n\n\n\n<p><strong>Ato autorizativo\/Reconhecimento do Curso:<\/strong><\/p>\n\n\n\n<ul class=\"wp-block-list\">\n<li><a href=\"http:\/\/plone.ufpb.br\/ccau\/contents\/legislacao\/legislacoes-superiores-mec\/RENOVAOARQUITETURAEURBANISMO2019.pdf\">PORTARIA MEC N\u00ba 111, DE 4 DE FEVEREIRO DE 2021<\/a>, PUBLICADA NO DOU EM 5 DE FEVEREIRO DE 2021- Renova\u00e7\u00e3o de Reconhecimento<\/li>\n\n\n\n<li>DECRETO N\u00ba 83.380 de 30\/04\/1979 &#8211; Primeiro Reconhecimento do Curso<\/li>\n\n\n\n<li>RESOLU\u00c7\u00c3O CONSEPE\/UFPB N\u00ba 18, DE 02\/12\/1974 &#8211; Ato de Autoriza\u00e7\u00e3o<\/li>\n<\/ul>\n\n\n\n<p><strong>Dura\u00e7\u00e3o do Curso:&nbsp;<\/strong>M\u00ednimo 10 per\u00edodos \/ M\u00e1ximo 15 per\u00edodos<br><strong>Vagas por Semestre<\/strong>:&nbsp;&nbsp;<strong><\/strong>35 vagas por per\u00edodo letivo, ofertadas pelo Sistema de Sele\u00e7\u00e3o Unificada (SiSU)<strong>&nbsp;&#8211;&nbsp;<\/strong>Diurno<br><strong>N\u00edvel do Curso:<\/strong>&nbsp;Gradua\u00e7\u00e3o&nbsp;<br><strong>Titula\u00e7\u00e3o Conferida:<\/strong>&nbsp;Bacharel em Arquitetura e Urbanismo<br><strong>C\u00f3digo e-MEC<\/strong>: 13427<br><strong>\u00daltimos resultados nas avalia\u00e7\u00f5es do MEC:&nbsp;<\/strong>2019- Conceito ENADE 5, CPC 4 e IDD 3, dispon\u00edveis em&nbsp;<a href=\"https:\/\/emec.mec.gov.br\/emec\/consulta-cadastro\/detalhamento\/d96957f455f6405d14c6542552b0f6eb\/NTc5\/c1b85ea4d704f246bcced664fdaeddb6\/QVJRVUlURVRVUkEgRSBVUkJBTklTTU8=\" target=\"_blank\" rel=\"noreferrer noopener\">e-MEC<\/a>.<br><strong>Departamento com maior oferta de turmas ao curso:&nbsp;<\/strong>Departamento de Arquitetura e Urbanismo (DAU\/CT\/UFPB)<\/p>\n\n\n\n<p><strong>Chefe do DAU\/CT\/UFPB:&nbsp;&nbsp;<\/strong>Prof.&nbsp;<a href=\"https:\/\/sigaa.ufpb.br\/sigaa\/public\/docente\/portal.jsf?siape=3322334\" target=\"_blank\" rel=\"noreferrer noopener\">Marcos Aur\u00e9lio Pereira Santana<\/a><br><strong>Vice-Chefe do DAU\/CT\/UFPB:&nbsp;<\/strong>Prof\u00aa.&nbsp;<a href=\"http:\/\/lattes.cnpq.br\/3003030548848213\" target=\"_blank\" rel=\"noreferrer noopener\">Am\u00e9lia de Farias Panet Barros<\/a><br><strong>Contato do Departamento de Arquitetura e Urbanismo (DAU\/CT\/UFPB):<\/strong><br><a href=\"mailto:da.ufpb@gmail.com\">da.ufpb@gmail.com&nbsp;<\/a>| Tel +55 (83) 3216 7115 |&nbsp;<a href=\"http:\/\/plone.ufpb.br\/ccau\/ctarq\">http:\/\/ct.ufpb.br\/ctarq<\/a><\/p>\n\n\n\n<p><strong>UM POUCO DA HIST\u00d3RIA DO CURSO&nbsp;<\/strong><\/p>\n\n\n\n<p>O Curso de Arquitetura e Urbanismo (CAU) foi criado em dezembro de 1974 como ap\u00eandice do Curso de Engenharia Civil do Centro de Tecnologia da UFPB, e iniciou suas atividades no primeiro semestre letivo de 1975, tendo como base de funcionamento a estrutura curricular que previa uma dura\u00e7\u00e3o de no m\u00ednimo oito e no m\u00e1ximo doze semestres com 3720 horas de dura\u00e7\u00e3o.<\/p>\n\n\n\n<p>Criaram-se, nesse mesmo ano, a Coordena\u00e7\u00e3o do Curso e o Departamento de Arquitetura.<\/p>\n\n\n\n<p>Iniciou-se a primeira reformula\u00e7\u00e3o curricular do curso. O objetivo dessa reformula\u00e7\u00e3o era criar um curso de arquitetura independente, eliminando o seu car\u00e1ter de ap\u00eandice do Curso de Engenharia Civil. Baseada em amplas discuss\u00f5es, das quais participaram professores e alunos envolvidos com o curso, essa reforma contava ainda com o apoio da ABEA \u2013 Associa\u00e7\u00e3o Brasileira de Escolas de Arquitetura, que realizava, nesse momento, a\u00e7\u00f5es visando a reformula\u00e7\u00e3o do curr\u00edculo m\u00ednimo dos cursos de arquitetura do pa\u00eds.&nbsp;<\/p>\n\n\n\n<p>A nova proposta ampliava a dura\u00e7\u00e3o do curso para 3840 horas, a serem cursadas em no m\u00ednimo 9 e no m\u00e1ximo 13 semestres e se baseava em tr\u00eas eixos de conhecimento: a) projeto e representa\u00e7\u00e3o gr\u00e1fica, b) teoria e hist\u00f3ria da arquitetura e c) tecnologia. As principais mudan\u00e7as foram propostas visando atender aos novos objetivos do curso &#8211; especificidade \u00e0 forma\u00e7\u00e3o do arquiteto, diferenciando-a da forma\u00e7\u00e3o do engenheiro &#8211; e de contemplar as necessidades conjunturais que privilegiavam e solicitavam medidas urgentes a respeito da interven\u00e7\u00e3o na cidade.<\/p>\n\n\n\n<p>&nbsp;Em dezembro de 1994 \u2013 considerando as recomenda\u00e7\u00f5es resultantes de v\u00e1rios anos de debate nos semin\u00e1rios regionais e nacionais promovidos pelos cursos de arquitetura do pa\u00eds e pela Comiss\u00e3o de Especialistas no Ensino de Arquitetura e Urbanismo, CEAU\/SESu \u2013 \u00e9 publicada a Portaria 1770 que fixa as diretrizes curriculares e o conte\u00fado m\u00ednimo do curso de gradua\u00e7\u00e3o em arquitetura e urbanismo.&nbsp;<\/p>\n\n\n\n<p>O edif\u00edcio provido de instala\u00e7\u00f5es f\u00edsicas espec\u00edficas, o Atelier de Projeto1, foi constru\u00eddo para abrigar as atividades do CAU. Com as instala\u00e7\u00f5es f\u00edsicas espec\u00edficas em constru\u00e7\u00e3o, o quadro de professores consolidado e um extenso curr\u00edculo de atividades realizadas, o curso foi reconhecido em abril de 1979, atrav\u00e9s do Decreto Presidencial no 83.380 CFE.<\/p>\n\n\n\n<p>Entre 1994 e 1996 foram realizadas algumas reuni\u00f5es das \u00e1reas do Departamento de Arquitetura que resultaram em avalia\u00e7\u00f5es e propostas parciais. Esgotado o prazo previsto pela Portaria, &nbsp;formou-se uma comiss\u00e3o composta de professores e alunos, que apresentou proposta de reformula\u00e7\u00e3o do Projeto Pedag\u00f3gico do CAU, considerando a Portaria no 1770 de 21\/12\/94 do Minist\u00e9rio da Educa\u00e7\u00e3o e Desporto e a Resolu\u00e7\u00e3o 39\/99 Consepe de 16\/09\/99. Essa proposta resultou em nova resolu\u00e7\u00e3o &#8211; 16\/2000 do Consepe &#8211; que passou a regulamentar o curso de Arquitetura e Urbanismo.<\/p>\n\n\n\n<p>No ano de 2005 uma comiss\u00e3o de avalia\u00e7\u00e3o do plano pedag\u00f3gico do curso formada por 7 professores, promoveu um conjunto de eventos envolvendo professores, alunos e funcion\u00e1rios para nova reformula\u00e7\u00e3o do curso. Esta a\u00e7\u00e3o desencadeou em uma proposta que n\u00e3o foi concretizada e em 2008 nova comiss\u00e3o foi formada para a reforma do curso, as discuss\u00f5es estenderam-se at\u00e9 o ano de 2010, quando a proposta foi submetida \u00e0 aprova\u00e7\u00e3o das inst\u00e2ncias superiores \u2013 Conselho do Centro de Tecnologia e Pr\u00f3-reitoria de Gradua\u00e7\u00e3o. A concep\u00e7\u00e3o atual do Projeto Pedag\u00f3gico do curso de Arquitetura e Urbanismo tem como fundamentos normativos a Resolu\u00e7\u00e3o N\u00ba 2, de 17 de junho de 2010 da C\u00e2mara de Educa\u00e7\u00e3o Superior do Conselho Nacional de Educa\u00e7\u00e3o \u2013 MEC e na Resolu\u00e7\u00e3o n\u00ba 07\/2010 do CONSEPE da UFPB.<\/p>\n","protected":false},"excerpt":{"rendered":"<p>O Curso Superior de Arquitetura e Urbanismo da Universidade Federal da Para\u00edba tem como objetivo [&hellip;]<\/p>\n","protected":false},"author":63,"featured_media":0,"parent":0,"menu_order":0,"comment_status":"closed","ping_status":"closed","template":"","meta":{"footnotes":""},"class_list":["post-14","page","type-page","status-publish","hentry"],"_links":{"self":[{"href":"https:\/\/www.ct.ufpb.br\/ccau\/wp-json\/wp\/v2\/pages\/14","targetHints":{"allow":["GET"]}}],"collection":[{"href":"https:\/\/www.ct.ufpb.br\/ccau\/wp-json\/wp\/v2\/pages"}],"about":[{"href":"https:\/\/www.ct.ufpb.br\/ccau\/wp-json\/wp\/v2\/types\/page"}],"author":[{"embeddable":true,"href":"https:\/\/www.ct.ufpb.br\/ccau\/wp-json\/wp\/v2\/users\/63"}],"replies":[{"embeddable":true,"href":"https:\/\/www.ct.ufpb.br\/ccau\/wp-json\/wp\/v2\/comments?post=14"}],"version-history":[{"count":2,"href":"https:\/\/www.ct.ufpb.br\/ccau\/wp-json\/wp\/v2\/pages\/14\/revisions"}],"predecessor-version":[{"id":76,"href":"https:\/\/www.ct.ufpb.br\/ccau\/wp-json\/wp\/v2\/pages\/14\/revisions\/76"}],"wp:attachment":[{"href":"https:\/\/www.ct.ufpb.br\/ccau\/wp-json\/wp\/v2\/media?parent=14"}],"curies":[{"name":"wp","href":"https:\/\/api.w.org\/{rel}","templated":true}]}}