{"id":132,"date":"2026-02-24T19:51:53","date_gmt":"2026-02-24T22:51:53","guid":{"rendered":"https:\/\/www.ct.ufpb.br\/ccau\/?page_id=132"},"modified":"2026-02-24T19:53:51","modified_gmt":"2026-02-24T22:53:51","slug":"trabalho-de-conclusao-de-curso","status":"publish","type":"page","link":"https:\/\/www.ct.ufpb.br\/ccau\/trabalho-de-conclusao-de-curso\/","title":{"rendered":"Trabalho de Conclus\u00e3o de Curso"},"content":{"rendered":"\n<p>O Trabalho de Conclus\u00e3o de Curso \u00e9 requisito obrigat\u00f3rio para a obten\u00e7\u00e3o do t\u00edtulo de Arquiteto e Urbanista. Em nosso Projeto Pedag\u00f3gico est\u00e1 dividido em dois componentes curriculares, a serem realizados no \u00faltimo ano do curso: Trabalho de ConcIus\u00e3o de Curso I (TCC I), pr\u00e9-requisito de Trabalho de Conclus\u00e3o de Curso II (TCC II) .Em TCC I o aluno define e justifica seu tema, objeto, objetivos e elabora todo levantamento de dados e refer\u00eancias necess\u00e1rias ao desenvolvimento e conclus\u00e3o do TCC II, que ser\u00e1 acompanhado por um professor orientador do curso, podendo ter um co-orientador de outro curso ou institui\u00e7\u00e3o caso seja necess\u00e1rio de acordo com a tem\u00e1tica do trabalho.<\/p>\n\n\n\n<p><a href=\"http:\/\/plone.ufpb.br\/ccau\/contents\/legislacao\/portarias-ccau\/portaria-01-2016-tcc-i.pdf\"><\/a><\/p>\n\n\n\n<p><strong><a href=\"https:\/\/nuvem3.ufpb.br\/s\/eKpJLzRRer8if5b\" target=\"_blank\" rel=\"noreferrer noopener\">RESOLU\u00c7\u00c3O N0&nbsp;<\/a><\/strong><strong><a href=\"https:\/\/nuvem3.ufpb.br\/s\/eKpJLzRRer8if5b\" target=\"_blank\" rel=\"noreferrer noopener\">01\/2024\/CCAU\/CT\/UFPB<\/a><\/strong>&nbsp;&#8211;&nbsp;Regulamenta a estrutura e estabelece crit\u00e9rios para elabora\u00e7\u00e3o, defesa e avalia\u00e7\u00e3o do Trabalho de Conclus\u00e3o de Curso II<\/p>\n\n\n\n<p><a href=\"http:\/\/plone.ufpb.br\/ccau\/contents\/legislacao\/portarias-ccau\/portaria-01-2016-tcc-i.pdf\">Portaria CCAU N\u00ba 01\/2016 &#8211; Regulamenta o TCC I: Curr\u00edculo 2012<\/a><\/p>\n\n\n\n<p><a href=\"http:\/\/plone.ufpb.br\/ccau\/contents\/legislacao\/portarias-ccau\/portaria-02-2016-tcc-ii.pdf\">Portaria CCAU N\u00ba 02\/2016: Regulamenta o TCC II: Curr\u00edculo 2012<\/a><\/p>\n\n\n\n<p><a href=\"http:\/\/plone.ufpb.br\/ccau\/contents\/legislacao\/portarias-ccau\/portaria_01-2006_ccau_-_tfg_i.pdf\">Portaria CCAU N\u00ba 01\/2006 &#8211; Regulamenta o TFG I: Curr\u00edculo 2000<\/a><br><a href=\"http:\/\/plone.ufpb.br\/ccau\/contents\/legislacao\/portarias-ccau\/portaria_02-2006_ccau_-_tfg_ii.pdf\">Portaria CCAU N\u00ba 02\/2006 &#8211; Regulamenta o TFG II: Curr\u00edculo 2000<\/a><\/p>\n\n\n\n<p>I<strong>nstru\u00e7\u00f5es para dep\u00f3sito da vers\u00e3o final do TCC na Biblioteca Setorial\/CT\/UFPB<\/strong><\/p>\n\n\n\n<p>Ap\u00f3s defesa e corre\u00e7\u00e3o do TCC, \u00e9 necess\u00e1rio que a vers\u00e3o final seja encaminhada \u00e0 Biblioteca Setorial do CT\/UFPB, conforme instru\u00e7\u00f5es abaixo:<\/p>\n\n\n\n<p>1 O dep\u00f3sito na&nbsp;Biblioteca&nbsp;Setorial do Centro de Tecnologia &#8211; BSCT, ser\u00e1, EXCLUSIVAMENTE, no formato digital (arquivo formato PDF selecion\u00e1vel) da vers\u00e3o definitiva do respectivo trabalho,&nbsp;atrav\u00e9s do e-mail:&nbsp;<a href=\"mailto:bsct.ufpb@gmail.com\" rel=\"noreferrer noopener\" target=\"_blank\">bsct.ufpb@gmail.com<\/a>;<\/p>\n\n\n\n<p>2 Juntamente com o exemplar, o autor dever\u00e1 enviar, tamb\u00e9m via e-mail,&nbsp;<a href=\"http:\/\/plone.ufpb.br\/ccau\/contents\/documentos\/documentos-diversos\/termo-de-autorizacao-tcc-biblioteca-digital.docx\">Termo de Autoriza\u00e7\u00e3o para Publica\u00e7\u00e3o<\/a>&nbsp;Eletr\u00f4nica&nbsp;no Reposit\u00f3rio Institucional da UFPB, devidamente preenchido e assinado pelo autor e orientador, em arquivo formato PDF.&nbsp;Em caso da impossibilidade da assinatura do orientador, ser\u00e1 aceito o formul\u00e1rio apenas com a assinatura do autor.<\/p>\n\n\n\n<p>3 Deve conter Ficha Catalogr\u00e1fica ap\u00f3s a folha de rosto. Para gerar a Ficha Catalogr\u00e1fica, h\u00e1 duas op\u00e7\u00f5es:<\/p>\n\n\n\n<p>1 Pelo SIGAA: Biblioteca&gt;Ficha Catalogr\u00e1fica&gt;Solicitar ficha catalogr\u00e1fica.<\/p>\n\n\n\n<p>2 Pela Biblioteca Setorial:&nbsp;Preencher o&nbsp;<a href=\"http:\/\/plone.ufpb.br\/ccau\/contents\/documentos\/documentos-diversos\/modelo-ficha-catalografica.doc\">modelo dispon\u00edvel<\/a>&nbsp;e enviar para o email &#8220;biblioteca@ct.ufpb.br&#8221; e aguardar a resposta da ficha com a devida cataloga\u00e7\u00e3o.<\/p>\n\n\n\n<h3 class=\"wp-block-heading\"><strong>Acervo Digital dos TCC&#8217;s &#8211; Reposit\u00f3rio Institucional<\/strong><\/h3>\n\n\n<div class=\"wp-block-image\">\n<figure class=\"aligncenter size-full\"><img loading=\"lazy\" decoding=\"async\" width=\"287\" height=\"287\" src=\"https:\/\/www.ct.ufpb.br\/ccau\/wp-content\/uploads\/sites\/107\/sites\/398\/2026\/02\/logo_consulta_doc.jpg\" alt=\"\" class=\"wp-image-136\" srcset=\"https:\/\/www.ct.ufpb.br\/ccau\/wp-content\/uploads\/sites\/107\/sites\/398\/2026\/02\/logo_consulta_doc.jpg 287w, https:\/\/www.ct.ufpb.br\/ccau\/wp-content\/uploads\/sites\/107\/sites\/398\/2026\/02\/logo_consulta_doc-150x150.jpg 150w\" sizes=\"auto, (max-width: 287px) 100vw, 287px\" \/><\/figure>\n<\/div>\n\n\n<p><a href=\"https:\/\/repositorio.ufpb.br\/jspui\/handle\/123456789\/11129?offset=0\" target=\"_blank\" rel=\"noreferrer noopener\"><strong><\/strong><\/a><\/p>\n","protected":false},"excerpt":{"rendered":"<p>O Trabalho de Conclus\u00e3o de Curso \u00e9 requisito obrigat\u00f3rio para a obten\u00e7\u00e3o do t\u00edtulo de [&hellip;]<\/p>\n","protected":false},"author":285,"featured_media":0,"parent":0,"menu_order":0,"comment_status":"closed","ping_status":"closed","template":"","meta":{"footnotes":""},"class_list":["post-132","page","type-page","status-publish","hentry"],"_links":{"self":[{"href":"https:\/\/www.ct.ufpb.br\/ccau\/wp-json\/wp\/v2\/pages\/132","targetHints":{"allow":["GET"]}}],"collection":[{"href":"https:\/\/www.ct.ufpb.br\/ccau\/wp-json\/wp\/v2\/pages"}],"about":[{"href":"https:\/\/www.ct.ufpb.br\/ccau\/wp-json\/wp\/v2\/types\/page"}],"author":[{"embeddable":true,"href":"https:\/\/www.ct.ufpb.br\/ccau\/wp-json\/wp\/v2\/users\/285"}],"replies":[{"embeddable":true,"href":"https:\/\/www.ct.ufpb.br\/ccau\/wp-json\/wp\/v2\/comments?post=132"}],"version-history":[{"count":3,"href":"https:\/\/www.ct.ufpb.br\/ccau\/wp-json\/wp\/v2\/pages\/132\/revisions"}],"predecessor-version":[{"id":137,"href":"https:\/\/www.ct.ufpb.br\/ccau\/wp-json\/wp\/v2\/pages\/132\/revisions\/137"}],"wp:attachment":[{"href":"https:\/\/www.ct.ufpb.br\/ccau\/wp-json\/wp\/v2\/media?parent=132"}],"curies":[{"name":"wp","href":"https:\/\/api.w.org\/{rel}","templated":true}]}}