{"id":122,"date":"2026-02-24T19:45:42","date_gmt":"2026-02-24T22:45:42","guid":{"rendered":"https:\/\/www.ct.ufpb.br\/ccau\/?page_id=122"},"modified":"2026-02-24T19:45:42","modified_gmt":"2026-02-24T22:45:42","slug":"projeto-pedagogico-do-curso","status":"publish","type":"page","link":"https:\/\/www.ct.ufpb.br\/ccau\/projeto-pedagogico-do-curso\/","title":{"rendered":"Projeto Pedag\u00f3gico do Curso"},"content":{"rendered":"\n<p>A concep\u00e7\u00e3o atual do Projeto Pedag\u00f3gico (PPC) do curso de Arquitetura e Urbanismo foi aprovado pela&nbsp;<a href=\"http:\/\/plone.ufpb.br\/ccau\/contents\/legislacao\/resolucoes-ufpb-2\/resolucao-consepe-47-2012-aprova-o-pcc-2012.pdf\">Resolu\u00e7\u00e3o CONSEPE\/UFPB&nbsp;&nbsp;N\u00ba47\/2012&nbsp;<\/a>e tem como fundamentos normativos a Resolu\u00e7\u00e3o N\u00ba 2, de 17 de junho de 2010 da C\u00e2mara de Educa\u00e7\u00e3o Superior do Conselho Nacional de Educa\u00e7\u00e3o \u2013 MEC e na Resolu\u00e7\u00e3o&nbsp;N\u00ba&nbsp;07\/2010 do CONSEPE da UFPB.<\/p>\n\n\n\n<p>O Projeto Pedag\u00f3gico cont\u00e9m a matriz curricular de todos os per\u00edodos do curso, assim como a&nbsp; ementa dos componentes curriculares. Os Planos de Curso podem variar de acordo com o per\u00edodo e podem ser obtidos junto ao Departamento respons\u00e1vel pela oferta do componente curricular. O atual PPC foi&nbsp;atualizado pelos processos&nbsp;n\u00ba 23074.032286\/2017-81 (criou o componente curricular ARQUITETURA DE INTERIORES),&nbsp;n\u00ba 23074.034940\/2018-71 (alterou as ementas das disciplinas CONFORTO AMBIENTAL II E CONFORTO AMBIENTAL III)&nbsp;, n\u00ba 23074.070457\/2018-51 (alterou o fluxograma do curso), n\u00ba 23074.009604\/2019-71 (corrigiu os pr\u00e9-requisitos da disciplina PROJETO DE EDIFICA\u00c7\u00d5ES I, INTRODU\u00c7\u00c3O AO PROJETO DE ARQ. E URB., DESENHO DE ARQUITETURA E PROJETO DE EDIFICA\u00c7\u00d5ES III), n\u00ba 23074.051560\/2021-91 (alterou a ementa da disciplina ERGONOMIA) e&nbsp;<a href=\"http:\/\/plone.ufpb.br\/ccau\/contents\/legislacao\/resolucoes-ufpb-2\/portaria-prg-no-072019-altera-o-fluxograma-do-curso-1.pdf\">Portaria PRG n\u00ba&nbsp;<\/a><a href=\"http:\/\/plone.ufpb.br\/ccau\/contents\/legislacao\/resolucoes-ufpb-2\/portaria-prg-no-072019-altera-o-fluxograma-do-curso-1.pdf\">07\/2019&nbsp;<\/a>(autorizou a altera\u00e7\u00e3o da Resolu\u00e7\u00e3o CONSEPE&nbsp;N\u00ba47\/2012, autorizou a altera\u00e7\u00e3o do fluxograma do curso).<\/p>\n\n\n\n<p><strong>Estrutura Curricular &#8211; Lista de Disciplinas, C\u00f3digos dos SIGAA e Cargas Hor\u00e1rias<\/strong><\/p>\n\n\n\n<p><a href=\"http:\/\/plone.ufpb.br\/ccau\/contents\/documentos\/oferta-de-disciplinas-horarios\/estrutura-curricular-sigaa.pdf\">Estrutura Curricular &#8211; Arquitetura e Urbanismo &#8211; PPC 2012<\/a><\/p>\n\n\n\n<p><strong>PPC&#8217;s<\/strong><\/p>\n\n\n\n<p><a href=\"http:\/\/plone.ufpb.br\/ccau\/contents\/documentos\/projeto-politico-pedagogico-ppc\/ppc-2012-atualizado.pdf\">Projeto Pedag\u00f3gico 2012 &#8211; Vigente &#8211; Atualizado &#8211;&nbsp;<\/a>Aprovado pela&nbsp;<a href=\"http:\/\/plone.ufpb.br\/ccau\/contents\/legislacao\/resolucoes-ufpb-2\/resolucao-consepe-47-2012-aprova-o-pcc-2012.pdf\">Resolu\u00e7\u00e3o CONSEPE\/UFPB N\u00ba 47\/2012<\/a><a href=\"http:\/\/plone.ufpb.br\/ccau\/contents\/documentos\/projeto-politico-pedagogico-ppc\/ppc-2012-atualizado.pdf\"><\/a><\/p>\n\n\n\n<p><a href=\"http:\/\/plone.ufpb.br\/ccau\/contents\/documentos\/projeto-politico-pedagogico-ppc\/ppccau2000.pdf\">Projeto Pedag\u00f3gico 2000<\/a>&nbsp;&#8211; Aprovado pela&nbsp;<a href=\"http:\/\/plone.ufpb.br\/ccau\/contents\/legislacao\/resolucoes-ufpb-2\/resolucao-consepe-n-16-2000-aprova-o-ppc-2000.pdf\">Resolu\u00e7\u00e3o CONSEPE\/UFPB N\u00ba 16\/2000<\/a><\/p>\n","protected":false},"excerpt":{"rendered":"<p>A concep\u00e7\u00e3o atual do Projeto Pedag\u00f3gico (PPC) do curso de Arquitetura e Urbanismo foi aprovado [&hellip;]<\/p>\n","protected":false},"author":285,"featured_media":0,"parent":0,"menu_order":0,"comment_status":"closed","ping_status":"closed","template":"","meta":{"footnotes":""},"class_list":["post-122","page","type-page","status-publish","hentry"],"_links":{"self":[{"href":"https:\/\/www.ct.ufpb.br\/ccau\/wp-json\/wp\/v2\/pages\/122","targetHints":{"allow":["GET"]}}],"collection":[{"href":"https:\/\/www.ct.ufpb.br\/ccau\/wp-json\/wp\/v2\/pages"}],"about":[{"href":"https:\/\/www.ct.ufpb.br\/ccau\/wp-json\/wp\/v2\/types\/page"}],"author":[{"embeddable":true,"href":"https:\/\/www.ct.ufpb.br\/ccau\/wp-json\/wp\/v2\/users\/285"}],"replies":[{"embeddable":true,"href":"https:\/\/www.ct.ufpb.br\/ccau\/wp-json\/wp\/v2\/comments?post=122"}],"version-history":[{"count":1,"href":"https:\/\/www.ct.ufpb.br\/ccau\/wp-json\/wp\/v2\/pages\/122\/revisions"}],"predecessor-version":[{"id":123,"href":"https:\/\/www.ct.ufpb.br\/ccau\/wp-json\/wp\/v2\/pages\/122\/revisions\/123"}],"wp:attachment":[{"href":"https:\/\/www.ct.ufpb.br\/ccau\/wp-json\/wp\/v2\/media?parent=122"}],"curies":[{"name":"wp","href":"https:\/\/api.w.org\/{rel}","templated":true}]}}